{"id":5877,"date":"2025-05-18T21:47:27","date_gmt":"2025-05-18T21:47:27","guid":{"rendered":"https:\/\/www.dxnwellness.eu\/it\/product\/dxn-cordyceps-coffee-3in1\/"},"modified":"2026-04-03T13:15:23","modified_gmt":"2026-04-03T13:15:23","slug":"dxn-cordyceps-coffee-3in1","status":"publish","type":"product","link":"https:\/\/www.dxnwellness.eu\/it\/product\/dxn-cordyceps-coffee-3in1\/","title":{"rendered":"DXN Cordyceps Coffee 3in1"},"content":{"rendered":"<p>DXN Cordyceps Coffee 3in1 offre un&#8217;esperienza di caff\u00e8 corposa e aromatica che gli amanti del caff\u00e8 apprezzeranno. Questa comoda miscela 3 in 1 combina caff\u00e8 istantaneo, zucchero di canna e crema di latte per ottenere una consistenza morbida e cremosa e una delicata dolcezza. Questo caff\u00e8, che contiene polvere di Cordyceps sinensis, offre un inizio di giornata saporito ed energizzante o una rinfrescante ricarica ogni volta che ne avrai bisogno. Goditi la miscela perfetta di gusto, consistenza cremosa e la spinta energetica del Cordyceps con DXN Cordyceps Coffee 3in1, un&#8217;ottima scelta per una pausa caff\u00e8 sana ed energizzante.<\/p>\n<p>Ricco e saporito: Una bevanda al caff\u00e8 ben bilanciata che combina caff\u00e8 morbido, un tocco di zucchero di canna e una consistenza cremosa per una tazza soddisfacente.<br \/>\nCordyceps: Arricchito con polvere di Cordyceps sinensis che aggiunge un&#8217;ulteriore spinta di energia e vitalit\u00e0.<br \/>\nPratico e veloce: Una miscela di caff\u00e8 3 in 1 facile da preparare e perfetta per le mattine piene di impegni o per i momenti in cui si ha bisogno di un rapido apporto di energia.<\/p>\n","protected":false},"excerpt":{"rendered":"<p>DXN Cordyceps Coffee 3in1 offre un&#8217;esperienza di caff\u00e8 corposa e aromatica che gli amanti del caff\u00e8 apprezzeranno. Questa comoda miscela 3 in 1 combina caff\u00e8 istantaneo, zucchero di canna e crema di latte per ottenere una consistenza morbida e cremosa e una delicata dolcezza. Questo caff\u00e8, che contiene polvere di Cordyceps sinensis, offre un inizio [&hellip;]<\/p>\n","protected":false},"featured_media":5227,"comment_status":"open","ping_status":"closed","template":"","meta":{"_acf_changed":false},"product_brand":[],"product_cat":[376],"product_tag":[],"class_list":{"0":"post-5877","1":"product","2":"type-product","3":"status-publish","4":"has-post-thumbnail","6":"product_cat-caffe","7":"pa_package-20-bustine-x-21-g","9":"first","10":"instock","11":"purchasable","12":"product-type-simple"},"acf":[],"_links":{"self":[{"href":"https:\/\/www.dxnwellness.eu\/it\/wp-json\/wp\/v2\/product\/5877","targetHints":{"allow":["GET"]}}],"collection":[{"href":"https:\/\/www.dxnwellness.eu\/it\/wp-json\/wp\/v2\/product"}],"about":[{"href":"https:\/\/www.dxnwellness.eu\/it\/wp-json\/wp\/v2\/types\/product"}],"replies":[{"embeddable":true,"href":"https:\/\/www.dxnwellness.eu\/it\/wp-json\/wp\/v2\/comments?post=5877"}],"wp:featuredmedia":[{"embeddable":true,"href":"https:\/\/www.dxnwellness.eu\/it\/wp-json\/wp\/v2\/media\/5227"}],"wp:attachment":[{"href":"https:\/\/www.dxnwellness.eu\/it\/wp-json\/wp\/v2\/media?parent=5877"}],"wp:term":[{"taxonomy":"product_brand","embeddable":true,"href":"https:\/\/www.dxnwellness.eu\/it\/wp-json\/wp\/v2\/product_brand?post=5877"},{"taxonomy":"product_cat","embeddable":true,"href":"https:\/\/www.dxnwellness.eu\/it\/wp-json\/wp\/v2\/product_cat?post=5877"},{"taxonomy":"product_tag","embeddable":true,"href":"https:\/\/www.dxnwellness.eu\/it\/wp-json\/wp\/v2\/product_tag?post=5877"}],"curies":[{"name":"wp","href":"https:\/\/api.w.org\/{rel}","templated":true}]}}