{"id":5875,"date":"2025-05-18T21:47:27","date_gmt":"2025-05-18T21:47:27","guid":{"rendered":"https:\/\/www.dxnwellness.eu\/it\/product\/dxn-maca-eucafe\/"},"modified":"2026-04-03T13:15:22","modified_gmt":"2026-04-03T13:15:22","slug":"dxn-maca-eucafe","status":"publish","type":"product","link":"https:\/\/www.dxnwellness.eu\/it\/product\/dxn-maca-eucafe\/","title":{"rendered":"DXN Maca EuCafe"},"content":{"rendered":"<p>Scopri il gusto straordinario di DXN Maca EuCafe, una miscela di caff\u00e8 di qualit\u00e0 superiore che unisce la ricchezza del caff\u00e8 istantaneo, la morbidezza della crema di latte e la bont\u00e0 naturale della polvere di Maca (Lepidium meyenii). Questo caff\u00e8 saporito \u00e8 addolcito con zucchero di canna per creare una tazza deliziosamente equilibrata che delizier\u00e0 gli amanti del caff\u00e8 che apprezzano i gusti complessi e le combinazioni di sapori uniche. Prova la miscela perfetta di gusto e salute in ogni tazza con DXN Maca EuCafe &#8211; un caff\u00e8 che combina sapore, convenienza e i benefici naturali della Maca.<\/p>\n<p>Profilo aromatico unico: Una fusione perfetta di caff\u00e8 istantaneo, polvere di Maca e crema di latte, che offre un&#8217;esperienza deliziosamente morbida e aromatica.<br \/>\nIngredienti naturali: contiene polvere di Maca, nota per le sue propriet\u00e0 energizzanti, e completato dalla naturale dolcezza dello zucchero di canna.<br \/>\nComodo e facile da preparare: un modo semplice e veloce per gustare un caff\u00e8 ricco e saporito con l&#8217;aggiunta dei benefici della Maca.<\/p>\n","protected":false},"excerpt":{"rendered":"<p>Scopri il gusto straordinario di DXN Maca EuCafe, una miscela di caff\u00e8 di qualit\u00e0 superiore che unisce la ricchezza del caff\u00e8 istantaneo, la morbidezza della crema di latte e la bont\u00e0 naturale della polvere di Maca (Lepidium meyenii). Questo caff\u00e8 saporito \u00e8 addolcito con zucchero di canna per creare una tazza deliziosamente equilibrata che delizier\u00e0 [&hellip;]<\/p>\n","protected":false},"featured_media":5226,"comment_status":"open","ping_status":"closed","template":"","meta":{"_acf_changed":false},"product_brand":[],"product_cat":[376],"product_tag":[],"class_list":{"0":"post-5875","1":"product","2":"type-product","3":"status-publish","4":"has-post-thumbnail","6":"product_cat-caffe","7":"pa_package-20-bustine-x-21-g","9":"first","10":"instock","11":"purchasable","12":"product-type-simple"},"acf":[],"_links":{"self":[{"href":"https:\/\/www.dxnwellness.eu\/it\/wp-json\/wp\/v2\/product\/5875","targetHints":{"allow":["GET"]}}],"collection":[{"href":"https:\/\/www.dxnwellness.eu\/it\/wp-json\/wp\/v2\/product"}],"about":[{"href":"https:\/\/www.dxnwellness.eu\/it\/wp-json\/wp\/v2\/types\/product"}],"replies":[{"embeddable":true,"href":"https:\/\/www.dxnwellness.eu\/it\/wp-json\/wp\/v2\/comments?post=5875"}],"wp:featuredmedia":[{"embeddable":true,"href":"https:\/\/www.dxnwellness.eu\/it\/wp-json\/wp\/v2\/media\/5226"}],"wp:attachment":[{"href":"https:\/\/www.dxnwellness.eu\/it\/wp-json\/wp\/v2\/media?parent=5875"}],"wp:term":[{"taxonomy":"product_brand","embeddable":true,"href":"https:\/\/www.dxnwellness.eu\/it\/wp-json\/wp\/v2\/product_brand?post=5875"},{"taxonomy":"product_cat","embeddable":true,"href":"https:\/\/www.dxnwellness.eu\/it\/wp-json\/wp\/v2\/product_cat?post=5875"},{"taxonomy":"product_tag","embeddable":true,"href":"https:\/\/www.dxnwellness.eu\/it\/wp-json\/wp\/v2\/product_tag?post=5875"}],"curies":[{"name":"wp","href":"https:\/\/api.w.org\/{rel}","templated":true}]}}