{"id":5873,"date":"2025-05-18T21:47:26","date_gmt":"2025-05-18T21:47:26","guid":{"rendered":"https:\/\/www.dxnwellness.eu\/it\/product\/dxn-maca-vita-cafe\/"},"modified":"2026-04-03T13:15:22","modified_gmt":"2026-04-03T13:15:22","slug":"dxn-maca-vita-cafe","status":"publish","type":"product","link":"https:\/\/www.dxnwellness.eu\/it\/product\/dxn-maca-vita-cafe\/","title":{"rendered":"DXN Maca Vita Cafe"},"content":{"rendered":"<p>DXN Maca Vita Cafe \u00e8 una miscela di caff\u00e8 deliziosa ed energizzante che combina il gusto ricco del caff\u00e8 con i benefici naturali della Maca e del Ginseng. Contiene polvere di Ganoderma lucidum, crema di latte e zucchero di canna; questo caff\u00e8 offre un&#8217;esperienza morbida e aromatica, fornendo al contempo la vitalit\u00e0 e il benessere delle erbe tradizionali. Inizia la giornata con un caff\u00e8 delizioso e naturale che unisce sapore e benessere in ogni tazza con DXN Maca Vita Cafe &#8211; l&#8217;equilibrio perfetto di gusto e potenti ingredienti naturali!<\/p>\n<p>Ricco e saporito: Una miscela pregiata di caff\u00e8 in polvere, zucchero di canna e crema di latte per una tazza soddisfacente e corposa.<br \/>\nArricchito di Maca e Ginseng: contiene polvere di Maca (Lepidium meyenii) e polvere di Ginseng (Panax ginseng) per una spinta energizzante e naturale.<br \/>\nGanoderma: Ogni tazza \u00e8 arricchita con polvere di Ganoderma lucidum, che aggiunge un tocco unico e salutare alla tua routine del caff\u00e8<\/p>\n","protected":false},"excerpt":{"rendered":"<p>DXN Maca Vita Cafe \u00e8 una miscela di caff\u00e8 deliziosa ed energizzante che combina il gusto ricco del caff\u00e8 con i benefici naturali della Maca e del Ginseng. Contiene polvere di Ganoderma lucidum, crema di latte e zucchero di canna; questo caff\u00e8 offre un&#8217;esperienza morbida e aromatica, fornendo al contempo la vitalit\u00e0 e il benessere [&hellip;]<\/p>\n","protected":false},"featured_media":5225,"comment_status":"open","ping_status":"closed","template":"","meta":{"_acf_changed":false},"product_brand":[],"product_cat":[376],"product_tag":[],"class_list":{"0":"post-5873","1":"product","2":"type-product","3":"status-publish","4":"has-post-thumbnail","6":"product_cat-caffe","7":"pa_package-20-bustine-x-21-g","9":"first","10":"instock","11":"purchasable","12":"product-type-simple"},"acf":[],"_links":{"self":[{"href":"https:\/\/www.dxnwellness.eu\/it\/wp-json\/wp\/v2\/product\/5873","targetHints":{"allow":["GET"]}}],"collection":[{"href":"https:\/\/www.dxnwellness.eu\/it\/wp-json\/wp\/v2\/product"}],"about":[{"href":"https:\/\/www.dxnwellness.eu\/it\/wp-json\/wp\/v2\/types\/product"}],"replies":[{"embeddable":true,"href":"https:\/\/www.dxnwellness.eu\/it\/wp-json\/wp\/v2\/comments?post=5873"}],"wp:featuredmedia":[{"embeddable":true,"href":"https:\/\/www.dxnwellness.eu\/it\/wp-json\/wp\/v2\/media\/5225"}],"wp:attachment":[{"href":"https:\/\/www.dxnwellness.eu\/it\/wp-json\/wp\/v2\/media?parent=5873"}],"wp:term":[{"taxonomy":"product_brand","embeddable":true,"href":"https:\/\/www.dxnwellness.eu\/it\/wp-json\/wp\/v2\/product_brand?post=5873"},{"taxonomy":"product_cat","embeddable":true,"href":"https:\/\/www.dxnwellness.eu\/it\/wp-json\/wp\/v2\/product_cat?post=5873"},{"taxonomy":"product_tag","embeddable":true,"href":"https:\/\/www.dxnwellness.eu\/it\/wp-json\/wp\/v2\/product_tag?post=5873"}],"curies":[{"name":"wp","href":"https:\/\/api.w.org\/{rel}","templated":true}]}}