{"id":5871,"date":"2025-05-18T21:47:26","date_gmt":"2025-05-18T21:47:26","guid":{"rendered":"https:\/\/www.dxnwellness.eu\/it\/product\/dxn-zhi-cafe-classic\/"},"modified":"2026-04-03T13:15:22","modified_gmt":"2026-04-03T13:15:22","slug":"dxn-zhi-cafe-classic","status":"publish","type":"product","link":"https:\/\/www.dxnwellness.eu\/it\/product\/dxn-zhi-cafe-classic\/","title":{"rendered":"DXN Zhi Cafe Classic"},"content":{"rendered":"<p>DXN Zhi Cafe Classic \u00e8 la scelta ideale per chi apprezza il gusto ricco e robusto del caff\u00e8 tostato. Realizzato con chicchi di caff\u00e8 tostati macinati grossolanamente, zucchero di canna e i benefici nutrienti della polvere di Ganoderma lucidum, questo caff\u00e8 offre un delizioso infuso che cattura l&#8217;essenza del caff\u00e8 tradizionale con un tocco moderno e attento alla salute. Assapora il gusto autentico del caff\u00e8 tostato con l&#8217;aggiunta dei benefici del Ganoderma in ogni tazza di DXN Zhi Cafe Classic &#8211; una scelta perfetta per gli amanti del caff\u00e8 che vogliono rimanere in salute godendosi ci\u00f2 che amano!<\/p>\n<p>Gusto audace e tostato: Prodotto con chicchi di caff\u00e8 tostati e macinati grossolanamente, offre un sapore profondo e ricco di caff\u00e8 che gli amanti del caff\u00e8 apprezzeranno.<br \/>\nArricchito con Ganoderma: Ogni tazza contiene Ganoderma lucidum, un fungo unico noto per i suoi benefici naturali.<br \/>\nSemplice e conveniente: Goditi un&#8217;esperienza di caff\u00e8 di qualit\u00e0 superiore con la comodit\u00e0 di una bustina per infusione, perfetta per le mattine pi\u00f9 impegnative o per le pause di relax.<\/p>\n","protected":false},"excerpt":{"rendered":"<p>DXN Zhi Cafe Classic \u00e8 la scelta ideale per chi apprezza il gusto ricco e robusto del caff\u00e8 tostato. Realizzato con chicchi di caff\u00e8 tostati macinati grossolanamente, zucchero di canna e i benefici nutrienti della polvere di Ganoderma lucidum, questo caff\u00e8 offre un delizioso infuso che cattura l&#8217;essenza del caff\u00e8 tradizionale con un tocco moderno [&hellip;]<\/p>\n","protected":false},"featured_media":5224,"comment_status":"open","ping_status":"closed","template":"","meta":{"_acf_changed":false},"product_brand":[],"product_cat":[376],"product_tag":[],"class_list":{"0":"post-5871","1":"product","2":"type-product","3":"status-publish","4":"has-post-thumbnail","6":"product_cat-caffe","7":"pa_package-20-bustine-per-infusione-x-20-g","9":"first","10":"instock","11":"purchasable","12":"product-type-simple"},"acf":[],"_links":{"self":[{"href":"https:\/\/www.dxnwellness.eu\/it\/wp-json\/wp\/v2\/product\/5871","targetHints":{"allow":["GET"]}}],"collection":[{"href":"https:\/\/www.dxnwellness.eu\/it\/wp-json\/wp\/v2\/product"}],"about":[{"href":"https:\/\/www.dxnwellness.eu\/it\/wp-json\/wp\/v2\/types\/product"}],"replies":[{"embeddable":true,"href":"https:\/\/www.dxnwellness.eu\/it\/wp-json\/wp\/v2\/comments?post=5871"}],"wp:featuredmedia":[{"embeddable":true,"href":"https:\/\/www.dxnwellness.eu\/it\/wp-json\/wp\/v2\/media\/5224"}],"wp:attachment":[{"href":"https:\/\/www.dxnwellness.eu\/it\/wp-json\/wp\/v2\/media?parent=5871"}],"wp:term":[{"taxonomy":"product_brand","embeddable":true,"href":"https:\/\/www.dxnwellness.eu\/it\/wp-json\/wp\/v2\/product_brand?post=5871"},{"taxonomy":"product_cat","embeddable":true,"href":"https:\/\/www.dxnwellness.eu\/it\/wp-json\/wp\/v2\/product_cat?post=5871"},{"taxonomy":"product_tag","embeddable":true,"href":"https:\/\/www.dxnwellness.eu\/it\/wp-json\/wp\/v2\/product_tag?post=5871"}],"curies":[{"name":"wp","href":"https:\/\/api.w.org\/{rel}","templated":true}]}}