{"id":5869,"date":"2025-05-18T21:47:26","date_gmt":"2025-05-18T21:47:26","guid":{"rendered":"https:\/\/www.dxnwellness.eu\/it\/product\/dxn-white-coffee-zhino\/"},"modified":"2026-04-03T13:15:22","modified_gmt":"2026-04-03T13:15:22","slug":"dxn-white-coffee-zhino","status":"publish","type":"product","link":"https:\/\/www.dxnwellness.eu\/it\/product\/dxn-white-coffee-zhino\/","title":{"rendered":"DXN White Coffee Zhino"},"content":{"rendered":"<p>DXN White Coffee Zhino \u00e8 la delizia perfetta per gli amanti del cappuccino. Questa cremosa miscela di caff\u00e8 combina polvere di caff\u00e8 premium, polvere di Ganoderma lucidum, crema di latte e zucchero di canna per creare una bevanda morbida e saporita. Il suo gusto ricco e il suo aroma sono completati da una delicata schiuma cremosa, che offre un&#8217;esperienza simile a quella del cappuccino, da gustare in qualsiasi momento. Concediti un delizioso cappuccino con Ganoderma con DXN White Coffee Zhino &#8211; il caff\u00e8 cremoso perfetto per iniziare la giornata o per una pausa di benessere!<\/p>\n<p>Cremoso e gustoso: Un caff\u00e8 morbido e vellutato con una schiuma ricca e cremosa che esalta l&#8217;esperienza.<br \/>\nArricchito con Ganoderma: Ogni tazza \u00e8 arricchita con Ganoderma lucidum, che aggiunge un tocco unico e nutriente.<br \/>\nPerfetto per gli amanti del cappuccino: Goditi il gusto soddisfacente di un cappuccino con la comodit\u00e0 di una miscela di caff\u00e8 istantanea.<\/p>\n","protected":false},"excerpt":{"rendered":"<p>DXN White Coffee Zhino \u00e8 la delizia perfetta per gli amanti del cappuccino. Questa cremosa miscela di caff\u00e8 combina polvere di caff\u00e8 premium, polvere di Ganoderma lucidum, crema di latte e zucchero di canna per creare una bevanda morbida e saporita. Il suo gusto ricco e il suo aroma sono completati da una delicata schiuma [&hellip;]<\/p>\n","protected":false},"featured_media":5223,"comment_status":"open","ping_status":"closed","template":"","meta":{"_acf_changed":false},"product_brand":[],"product_cat":[376],"product_tag":[],"class_list":{"0":"post-5869","1":"product","2":"type-product","3":"status-publish","4":"has-post-thumbnail","6":"product_cat-caffe","7":"pa_package-12-bustine-x-28-g","9":"first","10":"instock","11":"purchasable","12":"product-type-simple"},"acf":[],"_links":{"self":[{"href":"https:\/\/www.dxnwellness.eu\/it\/wp-json\/wp\/v2\/product\/5869","targetHints":{"allow":["GET"]}}],"collection":[{"href":"https:\/\/www.dxnwellness.eu\/it\/wp-json\/wp\/v2\/product"}],"about":[{"href":"https:\/\/www.dxnwellness.eu\/it\/wp-json\/wp\/v2\/types\/product"}],"replies":[{"embeddable":true,"href":"https:\/\/www.dxnwellness.eu\/it\/wp-json\/wp\/v2\/comments?post=5869"}],"wp:featuredmedia":[{"embeddable":true,"href":"https:\/\/www.dxnwellness.eu\/it\/wp-json\/wp\/v2\/media\/5223"}],"wp:attachment":[{"href":"https:\/\/www.dxnwellness.eu\/it\/wp-json\/wp\/v2\/media?parent=5869"}],"wp:term":[{"taxonomy":"product_brand","embeddable":true,"href":"https:\/\/www.dxnwellness.eu\/it\/wp-json\/wp\/v2\/product_brand?post=5869"},{"taxonomy":"product_cat","embeddable":true,"href":"https:\/\/www.dxnwellness.eu\/it\/wp-json\/wp\/v2\/product_cat?post=5869"},{"taxonomy":"product_tag","embeddable":true,"href":"https:\/\/www.dxnwellness.eu\/it\/wp-json\/wp\/v2\/product_tag?post=5869"}],"curies":[{"name":"wp","href":"https:\/\/api.w.org\/{rel}","templated":true}]}}