{"id":5866,"date":"2025-05-18T21:47:26","date_gmt":"2025-05-18T21:47:26","guid":{"rendered":"https:\/\/www.dxnwellness.eu\/it\/product\/dxn-zhi-mocha\/"},"modified":"2026-04-03T13:15:24","modified_gmt":"2026-04-03T13:15:24","slug":"dxn-zhi-mocha","status":"publish","type":"product","link":"https:\/\/www.dxnwellness.eu\/it\/product\/dxn-zhi-mocha\/","title":{"rendered":"DXN Zhi Mocha"},"content":{"rendered":"<p>DXN Zhi Mocha \u00e8 il piacere perfetto per gli amanti del caff\u00e8 e del cioccolato. Questa miscela ricca e aromatica combina caff\u00e8 in polvere di prima qualit\u00e0, Ganoderma lucidum in polvere, cacao in polvere, zucchero di canna, estratto di malto d&#8217;orzo, latte scremato in polvere e creme non casearie per creare una bevanda liscia e vellutata che soddisfa sia la voglia di caff\u00e8 che la voglia di dolce. Per il perfetto equilibrio tra caff\u00e8 e cacao con l&#8217;aggiunta dei benefici del Ganoderma, DXN Zhi Mocha \u00e8 la deliziosa bevanda che amerai gustare ogni giorno!<\/p>\n<p>Miscela perfetta: Una lussuosa fusione di sapori di caff\u00e8 e cioccolato, arricchita dalle propriet\u00e0 nutritive del Ganoderma lucidum.<br \/>\nCremoso e goloso: L&#8217;aggiunta di latte in polvere e panna non casearia crea una consistenza ricca e cremosa che rende delizioso ogni sorso.<br \/>\nDolcezza equilibrata: Dolcificato con zucchero di canna naturale, offre un gusto equilibrato e morbido senza essere eccessivo.<br \/>\nVersa il contenuto di 1 bustina (21 g) in una tazza e mescola con 200 ml di acqua calda. Regola l&#8217;intensit\u00e0 a tuo piacimento variando il rapporto caff\u00e8\/acqua.<\/p>\n","protected":false},"excerpt":{"rendered":"<p>DXN Zhi Mocha \u00e8 il piacere perfetto per gli amanti del caff\u00e8 e del cioccolato. Questa miscela ricca e aromatica combina caff\u00e8 in polvere di prima qualit\u00e0, Ganoderma lucidum in polvere, cacao in polvere, zucchero di canna, estratto di malto d&#8217;orzo, latte scremato in polvere e creme non casearie per creare una bevanda liscia e [&hellip;]<\/p>\n","protected":false},"featured_media":5327,"comment_status":"open","ping_status":"closed","template":"","meta":{"_acf_changed":false},"product_brand":[],"product_cat":[376],"product_tag":[],"class_list":{"0":"post-5866","1":"product","2":"type-product","3":"status-publish","4":"has-post-thumbnail","6":"product_cat-caffe","7":"pa_package-20-bustine-x-21-g","8":"pa_package-mega-pack-1-kg","10":"first","11":"instock","12":"purchasable","13":"product-type-variable"},"acf":[],"_links":{"self":[{"href":"https:\/\/www.dxnwellness.eu\/it\/wp-json\/wp\/v2\/product\/5866","targetHints":{"allow":["GET"]}}],"collection":[{"href":"https:\/\/www.dxnwellness.eu\/it\/wp-json\/wp\/v2\/product"}],"about":[{"href":"https:\/\/www.dxnwellness.eu\/it\/wp-json\/wp\/v2\/types\/product"}],"replies":[{"embeddable":true,"href":"https:\/\/www.dxnwellness.eu\/it\/wp-json\/wp\/v2\/comments?post=5866"}],"wp:featuredmedia":[{"embeddable":true,"href":"https:\/\/www.dxnwellness.eu\/it\/wp-json\/wp\/v2\/media\/5327"}],"wp:attachment":[{"href":"https:\/\/www.dxnwellness.eu\/it\/wp-json\/wp\/v2\/media?parent=5866"}],"wp:term":[{"taxonomy":"product_brand","embeddable":true,"href":"https:\/\/www.dxnwellness.eu\/it\/wp-json\/wp\/v2\/product_brand?post=5866"},{"taxonomy":"product_cat","embeddable":true,"href":"https:\/\/www.dxnwellness.eu\/it\/wp-json\/wp\/v2\/product_cat?post=5866"},{"taxonomy":"product_tag","embeddable":true,"href":"https:\/\/www.dxnwellness.eu\/it\/wp-json\/wp\/v2\/product_tag?post=5866"}],"curies":[{"name":"wp","href":"https:\/\/api.w.org\/{rel}","templated":true}]}}