{"id":5863,"date":"2025-05-18T21:47:26","date_gmt":"2025-05-18T21:47:26","guid":{"rendered":"https:\/\/www.dxnwellness.eu\/it\/product\/dxn-lingzhi-3in1-eu-coffee\/"},"modified":"2026-04-03T13:15:24","modified_gmt":"2026-04-03T13:15:24","slug":"dxn-lingzhi-3in1-eu-coffee","status":"publish","type":"product","link":"https:\/\/www.dxnwellness.eu\/it\/product\/dxn-lingzhi-3in1-eu-coffee\/","title":{"rendered":"DXN Lingzhi 3in1 EU Coffee"},"content":{"rendered":"<p>Il caff\u00e8 DXN Lingzhi 3in1 EU offre una miscela perfetta di caff\u00e8 in polvere, panna vegetale, zucchero di canna e polvere di Ganoderma lucidum. Questa comoda miscela di caff\u00e8 3 in 1 offre un gusto ricco e aromatico con una consistenza morbida e cremosa che si pu\u00f2 gustare in qualsiasi momento della giornata. Che si tratti di iniziare la mattinata o di fare una pausa di mezzogiorno, questo caff\u00e8 \u00e8 veloce, facile e gratificante. Goditi la comodit\u00e0 e il gusto piacevole di DXN Lingzhi 3in1 EU Coffee, il tuo caff\u00e8 preferito per una pausa veloce e deliziosa che fa bene al tuo corpo!<\/p>\n<p>Miscela equilibrata: goditi l&#8217;armoniosa combinazione di caff\u00e8, cremosit\u00e0 e dolcezza, con il beneficio aggiunto del Ganoderma lucidum.<br \/>\nComodo: Perfetto per le giornate pi\u00f9 impegnative: basta mescolare e gustare una deliziosa tazza di caff\u00e8 in pochi secondi.<br \/>\nNaturalmente grande  gusto: un caff\u00e8 dal gusto morbido e avvolgente.<br \/>\nConcediti un caff\u00e8 deliziosamente cremoso con DXN Cream Coffee, la scelta perfetta per una pausa caff\u00e8 naturalmente gustosa e salutare!<\/p>\n","protected":false},"excerpt":{"rendered":"<p>Il caff\u00e8 DXN Lingzhi 3in1 EU offre una miscela perfetta di caff\u00e8 in polvere, panna vegetale, zucchero di canna e polvere di Ganoderma lucidum. Questa comoda miscela di caff\u00e8 3 in 1 offre un gusto ricco e aromatico con una consistenza morbida e cremosa che si pu\u00f2 gustare in qualsiasi momento della giornata. Che si [&hellip;]<\/p>\n","protected":false},"featured_media":5221,"comment_status":"open","ping_status":"closed","template":"","meta":{"_acf_changed":false},"product_brand":[],"product_cat":[376],"product_tag":[],"class_list":{"0":"post-5863","1":"product","2":"type-product","3":"status-publish","4":"has-post-thumbnail","6":"product_cat-caffe","7":"pa_package-20-bustine-x-21-g","8":"pa_package-mega-pack-1-kg","10":"first","11":"instock","12":"purchasable","13":"product-type-variable"},"acf":[],"_links":{"self":[{"href":"https:\/\/www.dxnwellness.eu\/it\/wp-json\/wp\/v2\/product\/5863","targetHints":{"allow":["GET"]}}],"collection":[{"href":"https:\/\/www.dxnwellness.eu\/it\/wp-json\/wp\/v2\/product"}],"about":[{"href":"https:\/\/www.dxnwellness.eu\/it\/wp-json\/wp\/v2\/types\/product"}],"replies":[{"embeddable":true,"href":"https:\/\/www.dxnwellness.eu\/it\/wp-json\/wp\/v2\/comments?post=5863"}],"wp:featuredmedia":[{"embeddable":true,"href":"https:\/\/www.dxnwellness.eu\/it\/wp-json\/wp\/v2\/media\/5221"}],"wp:attachment":[{"href":"https:\/\/www.dxnwellness.eu\/it\/wp-json\/wp\/v2\/media?parent=5863"}],"wp:term":[{"taxonomy":"product_brand","embeddable":true,"href":"https:\/\/www.dxnwellness.eu\/it\/wp-json\/wp\/v2\/product_brand?post=5863"},{"taxonomy":"product_cat","embeddable":true,"href":"https:\/\/www.dxnwellness.eu\/it\/wp-json\/wp\/v2\/product_cat?post=5863"},{"taxonomy":"product_tag","embeddable":true,"href":"https:\/\/www.dxnwellness.eu\/it\/wp-json\/wp\/v2\/product_tag?post=5863"}],"curies":[{"name":"wp","href":"https:\/\/api.w.org\/{rel}","templated":true}]}}