{"id":5861,"date":"2025-05-18T21:47:26","date_gmt":"2025-05-18T21:47:26","guid":{"rendered":"https:\/\/www.dxnwellness.eu\/it\/product\/dxn-cream-coffee\/"},"modified":"2026-04-03T13:15:22","modified_gmt":"2026-04-03T13:15:22","slug":"dxn-cream-coffee","status":"publish","type":"product","link":"https:\/\/www.dxnwellness.eu\/it\/product\/dxn-cream-coffee\/","title":{"rendered":"DXN Cream Coffee"},"content":{"rendered":"<p>DXN Cream Coffee \u00e8 una miscela di caff\u00e8 di qualit\u00e0 superiore che combina la morbidezza del latte scremato con i benefici nutritivi della polvere di Ganoderma lucidum. Il caff\u00e8 \u00e8 corposo e cremoso, senza bisogno di zuccheri aggiunti ed \u00e8 la scelta perfetta per chi cerca un&#8217;opzione di caff\u00e8 gustosa ma salutare. Concediti un caff\u00e8 deliziosamente cremoso con DXN Cream Coffee, la scelta perfetta per una pausa caff\u00e8 sana e naturale!<\/p>\n<p>Ricco e cremoso: Un caff\u00e8 morbido e corposo con una consistenza cremosa, grazie alla panna vegetale.<br \/>\nArricchito di Ganoderma: Ogni tazza \u00e8 arricchita con polvere di Ganoderma lucidum, che offre un&#8217;esperienza di caff\u00e8 unica.<br \/>\nSenza zuccheri aggiunti: Assapora il gusto naturale del caff\u00e8 senza zuccheri aggiunti, perfetto per chi segue uno stile di vita sano.<br \/>\nCome si prepara: Versa il contenuto di 1 bustina (14 g) in una tazza e mescola con 200 ml di acqua calda. Regola la quantit\u00e0 di caff\u00e8 o di acqua in base al gusto personale<\/p>\n","protected":false},"excerpt":{"rendered":"<p>DXN Cream Coffee \u00e8 una miscela di caff\u00e8 di qualit\u00e0 superiore che combina la morbidezza del latte scremato con i benefici nutritivi della polvere di Ganoderma lucidum. Il caff\u00e8 \u00e8 corposo e cremoso, senza bisogno di zuccheri aggiunti ed \u00e8 la scelta perfetta per chi cerca un&#8217;opzione di caff\u00e8 gustosa ma salutare. Concediti un caff\u00e8 [&hellip;]<\/p>\n","protected":false},"featured_media":5220,"comment_status":"open","ping_status":"closed","template":"","meta":{"_acf_changed":false},"product_brand":[],"product_cat":[376],"product_tag":[],"class_list":{"0":"post-5861","1":"product","2":"type-product","3":"status-publish","4":"has-post-thumbnail","6":"product_cat-caffe","7":"pa_package-20-bustine-x-14-g","9":"first","10":"instock","11":"purchasable","12":"product-type-simple"},"acf":[],"_links":{"self":[{"href":"https:\/\/www.dxnwellness.eu\/it\/wp-json\/wp\/v2\/product\/5861","targetHints":{"allow":["GET"]}}],"collection":[{"href":"https:\/\/www.dxnwellness.eu\/it\/wp-json\/wp\/v2\/product"}],"about":[{"href":"https:\/\/www.dxnwellness.eu\/it\/wp-json\/wp\/v2\/types\/product"}],"replies":[{"embeddable":true,"href":"https:\/\/www.dxnwellness.eu\/it\/wp-json\/wp\/v2\/comments?post=5861"}],"wp:featuredmedia":[{"embeddable":true,"href":"https:\/\/www.dxnwellness.eu\/it\/wp-json\/wp\/v2\/media\/5220"}],"wp:attachment":[{"href":"https:\/\/www.dxnwellness.eu\/it\/wp-json\/wp\/v2\/media?parent=5861"}],"wp:term":[{"taxonomy":"product_brand","embeddable":true,"href":"https:\/\/www.dxnwellness.eu\/it\/wp-json\/wp\/v2\/product_brand?post=5861"},{"taxonomy":"product_cat","embeddable":true,"href":"https:\/\/www.dxnwellness.eu\/it\/wp-json\/wp\/v2\/product_cat?post=5861"},{"taxonomy":"product_tag","embeddable":true,"href":"https:\/\/www.dxnwellness.eu\/it\/wp-json\/wp\/v2\/product_tag?post=5861"}],"curies":[{"name":"wp","href":"https:\/\/api.w.org\/{rel}","templated":true}]}}