{"id":5858,"date":"2025-05-18T21:47:26","date_gmt":"2025-05-18T21:47:26","guid":{"rendered":"https:\/\/www.dxnwellness.eu\/it\/product\/dxn-lingzhi-black-coffee\/"},"modified":"2026-04-03T13:15:24","modified_gmt":"2026-04-03T13:15:24","slug":"dxn-lingzhi-black-coffee","status":"publish","type":"product","link":"https:\/\/www.dxnwellness.eu\/it\/product\/dxn-lingzhi-black-coffee\/","title":{"rendered":"DXN Lingzhi Black Coffee"},"content":{"rendered":"<p>DXN Lingzhi Black Coffee \u00e8 un caff\u00e8 istantaneo di qualit\u00e0 superiore miscelato con polvere di Ganoderma lucidum, che crea un&#8217;esperienza di caff\u00e8 unica e aromatica. Questo caff\u00e8 accuratamente lavorato offre il gusto ricco e deciso del caff\u00e8 nero, completato dal tocco morbido e delicato del Ganoderma, che lo rende uno dei preferiti dagli appassionati di caff\u00e8. Inizia la giornata con una tazza di DXN Lingzhi Black Coffee, la miscela perfetta di caff\u00e8 premium e Ganoderma della quale non potrai pi\u00f9 fare a meno ogni mattina!<\/p>\n<p>Caff\u00e8 premium: Prodotto con chicchi di caff\u00e8 di alta qualit\u00e0 per un sapore ricco e aromatico.<br \/>\nGanoderma: Ogni tazza \u00e8 arricchita con polvere di Ganoderma lucidum, che aggiunge un tocco unico alla normale routine del caff\u00e8.<br \/>\nPerfetto per gli amanti del caff\u00e8: Una miscela vellutata e bilanciata di caff\u00e8 forte con il tocco nutriente del Ganoderma.<\/p>\n","protected":false},"excerpt":{"rendered":"<p>DXN Lingzhi Black Coffee \u00e8 un caff\u00e8 istantaneo di qualit\u00e0 superiore miscelato con polvere di Ganoderma lucidum, che crea un&#8217;esperienza di caff\u00e8 unica e aromatica. Questo caff\u00e8 accuratamente lavorato offre il gusto ricco e deciso del caff\u00e8 nero, completato dal tocco morbido e delicato del Ganoderma, che lo rende uno dei preferiti dagli appassionati di [&hellip;]<\/p>\n","protected":false},"featured_media":5218,"comment_status":"open","ping_status":"closed","template":"","meta":{"_acf_changed":false},"product_brand":[],"product_cat":[376],"product_tag":[],"class_list":{"0":"post-5858","1":"product","2":"type-product","3":"status-publish","4":"has-post-thumbnail","6":"product_cat-caffe","7":"pa_package-20-bustine-x-4-5-g","8":"pa_package-mega-pack-400-g","10":"first","11":"instock","12":"purchasable","13":"product-type-variable"},"acf":[],"_links":{"self":[{"href":"https:\/\/www.dxnwellness.eu\/it\/wp-json\/wp\/v2\/product\/5858","targetHints":{"allow":["GET"]}}],"collection":[{"href":"https:\/\/www.dxnwellness.eu\/it\/wp-json\/wp\/v2\/product"}],"about":[{"href":"https:\/\/www.dxnwellness.eu\/it\/wp-json\/wp\/v2\/types\/product"}],"replies":[{"embeddable":true,"href":"https:\/\/www.dxnwellness.eu\/it\/wp-json\/wp\/v2\/comments?post=5858"}],"wp:featuredmedia":[{"embeddable":true,"href":"https:\/\/www.dxnwellness.eu\/it\/wp-json\/wp\/v2\/media\/5218"}],"wp:attachment":[{"href":"https:\/\/www.dxnwellness.eu\/it\/wp-json\/wp\/v2\/media?parent=5858"}],"wp:term":[{"taxonomy":"product_brand","embeddable":true,"href":"https:\/\/www.dxnwellness.eu\/it\/wp-json\/wp\/v2\/product_brand?post=5858"},{"taxonomy":"product_cat","embeddable":true,"href":"https:\/\/www.dxnwellness.eu\/it\/wp-json\/wp\/v2\/product_cat?post=5858"},{"taxonomy":"product_tag","embeddable":true,"href":"https:\/\/www.dxnwellness.eu\/it\/wp-json\/wp\/v2\/product_tag?post=5858"}],"curies":[{"name":"wp","href":"https:\/\/api.w.org\/{rel}","templated":true}]}}