{"id":5849,"date":"2025-05-18T21:47:25","date_gmt":"2025-05-18T21:47:25","guid":{"rendered":"https:\/\/www.dxnwellness.eu\/it\/product\/dxn-vinaigrette\/"},"modified":"2026-04-03T13:15:22","modified_gmt":"2026-04-03T13:15:22","slug":"dxn-vinaigrette","status":"publish","type":"product","link":"https:\/\/www.dxnwellness.eu\/it\/product\/dxn-vinaigrette\/","title":{"rendered":"DXN Vinaigrette"},"content":{"rendered":"<p>DXN Vinaigrette \u2013 Una miscela unica di tradizione e gusto<br \/>\nDXN Vinaigrette \u00e8 un aceto di riso fermentato di qualit\u00e0 superiore, infuso con il potente fungo Ganoderma lucidum. Realizzato con un metodo di fermentazione tradizionale, questo aceto conserva il suo gusto deciso e la sua qualit\u00e0 eccezionale.<br \/>\nAggiungi una sferzata di sapore e nutrimento alla tua giornata con DXN Vinaigrette: un modo davvero unico di gustare l&#8217;aceto di riso!<\/p>\n<p>Ricco di sostanze nutritive: l&#8217;aceto di riso a base di riso fermentato di alta qualit\u00e0 pu\u00f2 aiutare a migliorare la digestione con l&#8217;aiuto dell&#8217;acido acetico; ha anche propriet\u00e0 antisettiche e aiuta a superare la fatica.<br \/>\nGusto versatile: Un perfetto equilibrio tra l&#8217;aceto di riso piccante e il tocco terroso del Ganoderma, ideale per condimenti, marinature e tanto altro.<br \/>\nQualit\u00e0 naturale: Accuratamente fermentato per mantenere il suo sapore forte e autentico e la sua naturale bont\u00e0.<\/p>\n","protected":false},"excerpt":{"rendered":"<p>DXN Vinaigrette \u2013 Una miscela unica di tradizione e gusto DXN Vinaigrette \u00e8 un aceto di riso fermentato di qualit\u00e0 superiore, infuso con il potente fungo Ganoderma lucidum. Realizzato con un metodo di fermentazione tradizionale, questo aceto conserva il suo gusto deciso e la sua qualit\u00e0 eccezionale. Aggiungi una sferzata di sapore e nutrimento alla [&hellip;]<\/p>\n","protected":false},"featured_media":5213,"comment_status":"open","ping_status":"closed","template":"","meta":{"_acf_changed":false},"product_brand":[],"product_cat":[375],"product_tag":[],"class_list":{"0":"post-5849","1":"product","2":"type-product","3":"status-publish","4":"has-post-thumbnail","6":"product_cat-bevande","7":"pa_package-700-ml","9":"first","10":"instock","11":"purchasable","12":"product-type-simple"},"acf":[],"_links":{"self":[{"href":"https:\/\/www.dxnwellness.eu\/it\/wp-json\/wp\/v2\/product\/5849","targetHints":{"allow":["GET"]}}],"collection":[{"href":"https:\/\/www.dxnwellness.eu\/it\/wp-json\/wp\/v2\/product"}],"about":[{"href":"https:\/\/www.dxnwellness.eu\/it\/wp-json\/wp\/v2\/types\/product"}],"replies":[{"embeddable":true,"href":"https:\/\/www.dxnwellness.eu\/it\/wp-json\/wp\/v2\/comments?post=5849"}],"wp:featuredmedia":[{"embeddable":true,"href":"https:\/\/www.dxnwellness.eu\/it\/wp-json\/wp\/v2\/media\/5213"}],"wp:attachment":[{"href":"https:\/\/www.dxnwellness.eu\/it\/wp-json\/wp\/v2\/media?parent=5849"}],"wp:term":[{"taxonomy":"product_brand","embeddable":true,"href":"https:\/\/www.dxnwellness.eu\/it\/wp-json\/wp\/v2\/product_brand?post=5849"},{"taxonomy":"product_cat","embeddable":true,"href":"https:\/\/www.dxnwellness.eu\/it\/wp-json\/wp\/v2\/product_cat?post=5849"},{"taxonomy":"product_tag","embeddable":true,"href":"https:\/\/www.dxnwellness.eu\/it\/wp-json\/wp\/v2\/product_tag?post=5849"}],"curies":[{"name":"wp","href":"https:\/\/api.w.org\/{rel}","templated":true}]}}