{"id":41,"date":"2021-07-15T13:26:57","date_gmt":"2021-07-15T13:26:57","guid":{"rendered":"https:\/\/demo.sevenloft.com\/sevenloft-package\/?page_id=41"},"modified":"2025-04-01T12:11:52","modified_gmt":"2025-04-01T12:11:52","slug":"condizioni-duso","status":"publish","type":"page","link":"https:\/\/www.dxnwellness.eu\/it\/condizioni-duso\/","title":{"rendered":"Condizioni d&#8217;uso"},"content":{"rendered":"\r\n<h3>1. Informazioni sulla clausola di esclusione della responsabilit\u00e0 del sito web<\/h3>\r\n<p>Il sito web di DXN contiene informazioni, dati, documenti, politiche, procedure, linee guida e immagini (di seguito denominate &#8220;Informazioni&#8221;) preparate da DXN. Le Informazioni possono contenere informazioni derivate da varie terze parti (le &#8220;Informazioni di terze parti&#8221;) che non sono n\u00e9 approvate n\u00e9 supportate da DXN e pertanto non riflettono necessariamente alcuna politica, procedura, standard o linea guida di DXN.<br \/>Le Informazioni e le Informazioni di terzi contenute in questo sito sono state presentate con tutta la dovuta cura, ritenute veritiere e corrette alla data di pubblicazione. Tuttavia, DXN si riserva il diritto di modificare, correggere e migliorare le Informazioni in qualsiasi momento senza preavviso.<br \/>Le Informazioni possono contenere imprecisioni tecniche o errori tipografici, pertanto DXN non garantisce n\u00e9 dichiara che le Informazioni o le Informazioni di terze parti siano prive di errori o omissioni. DXN non si assume alcuna responsabilit\u00e0 per l&#8217;accuratezza, la validit\u00e0, l&#8217;affidabilit\u00e0 e la correttezza delle informazioni e delle informazioni di terze parti che sono in qualche modo interpretate e utilizzate da un utente.<br \/>Nessuna parte di questa pubblicazione pu\u00f2 essere riprodotta in qualsiasi forma o inoltrata a qualsiasi altra persona senza il previo consenso scritto di DXN. Gli utenti accettano quanto segue:<br \/>I documenti recuperati devono essere solo a scopo informativo.<br \/>Una singola copia pu\u00f2 essere salvata o stampata solo per uso personale e non deve essere riprodotta in alcuna forma.<br \/>A meno che non sia consentito dalla legge sul copyright e con il previo consenso scritto di DXN, l&#8217;estrapolazione dai documenti \u00e8 severamente vietata.<br \/>Nessuna parte delle Informazioni deve essere modificata quando le Informazioni devono essere fornite a un&#8217;altra persona o organizzazione senza il previo consenso scritto di DXN.<br \/>L&#8217;utente \u00e8 l&#8217;unico responsabile di garantire che i contenuti e le informazioni pubblicate sul sito siano appropriati o consentiti, o che siano scaricabili legalmente nel paese di residenza in conformit\u00e0 con le leggi del proprio paese di residenza.<\/p>\r\n<p><strong>Marchi<\/strong><br \/>Tutti i nomi commerciali, marchi, nomi di servizi, nomi di prodotti, informazioni sui prodotti, URL, indirizzi di siti Web, loghi, design o simboli sono di propriet\u00e0 di DXN. DXN non consente l&#8217;uso di questi, per qualsiasi scopo o da parte di chiunque, senza il previo consenso scritto di DXN, ad eccezione delle sedi e dei rivenditori (stockist) DXN autorizzati.<\/p>\r\n<p><strong>Esclusione di garanzie<\/strong><br \/>DXN non garantisce e non \u00e8 responsabile per il servizio fornito che sia accessibile in qualsiasi momento, ininterrotto o privo di errori. Ci possono essere ritardi, omissioni, interruzioni e inesattezze nei contenuti, nella diffusione di notizie, informazioni e altri materiali.<br \/>DXN adotter\u00e0 misure ragionevoli per prevenire l&#8217;introduzione di virus e altri elementi distruttivi nel suo sito web. Tuttavia, DXN non sar\u00e0 responsabile n\u00e9 garantir\u00e0 che il suo sito sia privo di elementi distruttivi inclusi, a titolo esemplificativo ma non esaustivo, virus informatici, hacker o altri sabotaggi tecnici.<\/p>\r\n<h3>2. Link da altri siti web non autorizzati DXN<\/h3>\r\n<p>I siti Web non autorizzati da DXN, di propriet\u00e0 e gestiti da terze parti, possono contenere collegamenti al sito Web ufficiale di DXN. Un collegamento al sito Web ufficiale di DXN non significa che DXN approvi o accetti alcuna responsabilit\u00e0 per i contenuti, l&#8217;uso di esso o i prodotti e servizi resi disponibili attraverso tali siti Web non autorizzati da DXN. Utilizzando tale collegamento, l&#8217;utente riconosce e accetta che DXN non sar\u00e0 responsabile in alcun modo per le azioni, i contenuti, l&#8217;accesso, le politiche sulla privacy, le opinioni espresse, le dichiarazioni fornite, i servizi forniti, la merce offerta in vendita o altri collegamenti forniti in tali siti Web ufficiali non DXN.<\/p>\r\n","protected":false},"excerpt":{"rendered":"<p>1. Informazioni sulla clausola di esclusione della responsabilit\u00e0 del sito web Il sito web di DXN contiene informazioni, dati, documenti, politiche, procedure, linee guida e immagini (di seguito denominate &#8220;Informazioni&#8221;) preparate da DXN. Le Informazioni possono contenere informazioni derivate da varie terze parti (le &#8220;Informazioni di terze parti&#8221;) che non sono n\u00e9 approvate n\u00e9 supportate [&hellip;]<\/p>\n","protected":false},"author":3,"featured_media":0,"parent":0,"menu_order":0,"comment_status":"closed","ping_status":"closed","template":"terms_privacy.php","meta":{"_acf_changed":false,"footnotes":""},"class_list":["post-41","page","type-page","status-publish","hentry"],"acf":[],"_links":{"self":[{"href":"https:\/\/www.dxnwellness.eu\/it\/wp-json\/wp\/v2\/pages\/41","targetHints":{"allow":["GET"]}}],"collection":[{"href":"https:\/\/www.dxnwellness.eu\/it\/wp-json\/wp\/v2\/pages"}],"about":[{"href":"https:\/\/www.dxnwellness.eu\/it\/wp-json\/wp\/v2\/types\/page"}],"author":[{"embeddable":true,"href":"https:\/\/www.dxnwellness.eu\/it\/wp-json\/wp\/v2\/users\/3"}],"replies":[{"embeddable":true,"href":"https:\/\/www.dxnwellness.eu\/it\/wp-json\/wp\/v2\/comments?post=41"}],"version-history":[{"count":10,"href":"https:\/\/www.dxnwellness.eu\/it\/wp-json\/wp\/v2\/pages\/41\/revisions"}],"predecessor-version":[{"id":5513,"href":"https:\/\/www.dxnwellness.eu\/it\/wp-json\/wp\/v2\/pages\/41\/revisions\/5513"}],"wp:attachment":[{"href":"https:\/\/www.dxnwellness.eu\/it\/wp-json\/wp\/v2\/media?parent=41"}],"curies":[{"name":"wp","href":"https:\/\/api.w.org\/{rel}","templated":true}]}}