{"id":460,"date":"2025-05-19T00:17:16","date_gmt":"2025-05-18T21:17:16","guid":{"rendered":"https:\/\/www.dxnwellness.eu\/it\/es\/product\/dxn-kallow-argan-grapeseed-oil-hydrating-face-cream\/"},"modified":"2026-04-03T16:18:12","modified_gmt":"2026-04-03T13:18:12","slug":"dxn-kallow-argan-grapeseed-oil-hydrating-face-cream","status":"publish","type":"product","link":"https:\/\/www.dxnwellness.eu\/it\/es\/product\/dxn-kallow-argan-grapeseed-oil-hydrating-face-cream\/","title":{"rendered":"DXN Kallow \u2013 Argan &amp; Grapeseed Oil Hydrating Face Cream"},"content":{"rendered":"<p>Una crema ligera y superabsorbente que penetra hasta las capas m\u00e1s profundas de la piel, proporcionando una hidrataci\u00f3n que dura todo el d\u00eda. La potente combinaci\u00f3n de \u00e1cido hialur\u00f3nico y aceite de arg\u00e1n, con la acci\u00f3n antioxidante de la vitamina E y el aceite de semilla de uva, aumenta la producci\u00f3n de col\u00e1geno, aporta elasticidad, protege la piel de los contaminantes y ofrece una hidrataci\u00f3n inmediata y sustancial.<\/p>\n","protected":false},"excerpt":{"rendered":"<p>Una crema ligera y superabsorbente que penetra hasta las capas m\u00e1s profundas de la piel, proporcionando una hidrataci\u00f3n que dura todo el d\u00eda. La potente combinaci\u00f3n de \u00e1cido hialur\u00f3nico y aceite de arg\u00e1n, con la acci\u00f3n antioxidante de la vitamina E y el aceite de semilla de uva, aumenta la producci\u00f3n de col\u00e1geno, aporta elasticidad, [&hellip;]<\/p>\n","protected":false},"featured_media":556,"comment_status":"open","ping_status":"open","template":"","meta":{"_acf_changed":false},"product_brand":[],"product_cat":[78],"product_tag":[],"class_list":{"0":"post-460","1":"product","2":"type-product","3":"status-publish","4":"has-post-thumbnail","6":"product_cat-cosmeticos-kallow","7":"pa_package-50-ml","9":"first","10":"instock","11":"purchasable","12":"product-type-simple"},"acf":[],"_links":{"self":[{"href":"https:\/\/www.dxnwellness.eu\/it\/es\/wp-json\/wp\/v2\/product\/460","targetHints":{"allow":["GET"]}}],"collection":[{"href":"https:\/\/www.dxnwellness.eu\/it\/es\/wp-json\/wp\/v2\/product"}],"about":[{"href":"https:\/\/www.dxnwellness.eu\/it\/es\/wp-json\/wp\/v2\/types\/product"}],"replies":[{"embeddable":true,"href":"https:\/\/www.dxnwellness.eu\/it\/es\/wp-json\/wp\/v2\/comments?post=460"}],"wp:featuredmedia":[{"embeddable":true,"href":"https:\/\/www.dxnwellness.eu\/it\/es\/wp-json\/wp\/v2\/media\/556"}],"wp:attachment":[{"href":"https:\/\/www.dxnwellness.eu\/it\/es\/wp-json\/wp\/v2\/media?parent=460"}],"wp:term":[{"taxonomy":"product_brand","embeddable":true,"href":"https:\/\/www.dxnwellness.eu\/it\/es\/wp-json\/wp\/v2\/product_brand?post=460"},{"taxonomy":"product_cat","embeddable":true,"href":"https:\/\/www.dxnwellness.eu\/it\/es\/wp-json\/wp\/v2\/product_cat?post=460"},{"taxonomy":"product_tag","embeddable":true,"href":"https:\/\/www.dxnwellness.eu\/it\/es\/wp-json\/wp\/v2\/product_tag?post=460"}],"curies":[{"name":"wp","href":"https:\/\/api.w.org\/{rel}","templated":true}]}}