{"id":455,"date":"2025-05-19T00:17:13","date_gmt":"2025-05-18T21:17:13","guid":{"rendered":"https:\/\/www.dxnwellness.eu\/it\/es\/product\/dxn-ganozhi-soap\/"},"modified":"2026-04-03T16:18:12","modified_gmt":"2026-04-03T13:18:12","slug":"dxn-ganozhi-soap","status":"publish","type":"product","link":"https:\/\/www.dxnwellness.eu\/it\/es\/product\/dxn-ganozhi-soap\/","title":{"rendered":"DXN Ganozhi Soap"},"content":{"rendered":"<p>Revitalice su piel con el Jab\u00f3n DXN Ganozhi, enriquecido con extracto de hongo Ganoderma lucidum. Este suave jab\u00f3n limpia la piel a la vez que ayuda a mantener su hidrataci\u00f3n natural. Las propiedades nutritivas del Ganoderma dejan la piel fresca, suave y rejuvenecida con cada uso.<br \/>\nExperimente el cuidado refrescante y rejuvenecedor del jab\u00f3n DXN Ganozhi: \u00a1su elecci\u00f3n perfecta para una piel nutrida naturalmente!<\/p>\n","protected":false},"excerpt":{"rendered":"<p>Revitalice su piel con el Jab\u00f3n DXN Ganozhi, enriquecido con extracto de hongo Ganoderma lucidum. Este suave jab\u00f3n limpia la piel a la vez que ayuda a mantener su hidrataci\u00f3n natural. Las propiedades nutritivas del Ganoderma dejan la piel fresca, suave y rejuvenecida con cada uso. Experimente el cuidado refrescante y rejuvenecedor del jab\u00f3n DXN [&hellip;]<\/p>\n","protected":false},"featured_media":549,"comment_status":"open","ping_status":"open","template":"","meta":{"_acf_changed":false},"product_brand":[],"product_cat":[70],"product_tag":[],"class_list":{"0":"post-455","1":"product","2":"type-product","3":"status-publish","4":"has-post-thumbnail","6":"product_cat-cuidado-personal","7":"pa_package-80-gramos","9":"first","10":"instock","11":"purchasable","12":"product-type-simple"},"acf":[],"_links":{"self":[{"href":"https:\/\/www.dxnwellness.eu\/it\/es\/wp-json\/wp\/v2\/product\/455","targetHints":{"allow":["GET"]}}],"collection":[{"href":"https:\/\/www.dxnwellness.eu\/it\/es\/wp-json\/wp\/v2\/product"}],"about":[{"href":"https:\/\/www.dxnwellness.eu\/it\/es\/wp-json\/wp\/v2\/types\/product"}],"replies":[{"embeddable":true,"href":"https:\/\/www.dxnwellness.eu\/it\/es\/wp-json\/wp\/v2\/comments?post=455"}],"wp:featuredmedia":[{"embeddable":true,"href":"https:\/\/www.dxnwellness.eu\/it\/es\/wp-json\/wp\/v2\/media\/549"}],"wp:attachment":[{"href":"https:\/\/www.dxnwellness.eu\/it\/es\/wp-json\/wp\/v2\/media?parent=455"}],"wp:term":[{"taxonomy":"product_brand","embeddable":true,"href":"https:\/\/www.dxnwellness.eu\/it\/es\/wp-json\/wp\/v2\/product_brand?post=455"},{"taxonomy":"product_cat","embeddable":true,"href":"https:\/\/www.dxnwellness.eu\/it\/es\/wp-json\/wp\/v2\/product_cat?post=455"},{"taxonomy":"product_tag","embeddable":true,"href":"https:\/\/www.dxnwellness.eu\/it\/es\/wp-json\/wp\/v2\/product_tag?post=455"}],"curies":[{"name":"wp","href":"https:\/\/api.w.org\/{rel}","templated":true}]}}