{"id":450,"date":"2025-05-19T00:17:13","date_gmt":"2025-05-18T21:17:13","guid":{"rendered":"https:\/\/www.dxnwellness.eu\/it\/es\/product\/dxn-ganozhi-body-foam\/"},"modified":"2026-04-03T16:18:12","modified_gmt":"2026-04-03T13:18:12","slug":"dxn-ganozhi-body-foam","status":"publish","type":"product","link":"https:\/\/www.dxnwellness.eu\/it\/es\/product\/dxn-ganozhi-body-foam\/","title":{"rendered":"DXN Ganozhi Body Foam"},"content":{"rendered":"<p>Consiente tu piel con la Espuma Corporal DXN Ganozhi, formulada con polvo de hongo Ganoderma lucidum y vitamina E. Esta suave espuma corporal limpia eficazmente a la vez que mantiene el equilibrio de hidrataci\u00f3n natural de la piel. Con un color marr\u00f3n \u00fanico y un aroma natural, ofrece una sensaci\u00f3n refrescante, ideal para usar despu\u00e9s de la exposici\u00f3n al sol, especialmente en verano.<br \/>\nConsiente tu piel con la limpieza suave y refrescante de DXN Ganozhi Body Foam y \u00a1disfruta de una piel suave y nutrida todos los d\u00edas!<\/p>\n","protected":false},"excerpt":{"rendered":"<p>Consiente tu piel con la Espuma Corporal DXN Ganozhi, formulada con polvo de hongo Ganoderma lucidum y vitamina E. Esta suave espuma corporal limpia eficazmente a la vez que mantiene el equilibrio de hidrataci\u00f3n natural de la piel. Con un color marr\u00f3n \u00fanico y un aroma natural, ofrece una sensaci\u00f3n refrescante, ideal para usar despu\u00e9s [&hellip;]<\/p>\n","protected":false},"featured_media":544,"comment_status":"open","ping_status":"open","template":"","meta":{"_acf_changed":false},"product_brand":[],"product_cat":[70],"product_tag":[],"class_list":{"0":"post-450","1":"product","2":"type-product","3":"status-publish","4":"has-post-thumbnail","6":"product_cat-cuidado-personal","7":"pa_package-250-ml","9":"first","10":"instock","11":"purchasable","12":"product-type-simple"},"acf":[],"_links":{"self":[{"href":"https:\/\/www.dxnwellness.eu\/it\/es\/wp-json\/wp\/v2\/product\/450","targetHints":{"allow":["GET"]}}],"collection":[{"href":"https:\/\/www.dxnwellness.eu\/it\/es\/wp-json\/wp\/v2\/product"}],"about":[{"href":"https:\/\/www.dxnwellness.eu\/it\/es\/wp-json\/wp\/v2\/types\/product"}],"replies":[{"embeddable":true,"href":"https:\/\/www.dxnwellness.eu\/it\/es\/wp-json\/wp\/v2\/comments?post=450"}],"wp:featuredmedia":[{"embeddable":true,"href":"https:\/\/www.dxnwellness.eu\/it\/es\/wp-json\/wp\/v2\/media\/544"}],"wp:attachment":[{"href":"https:\/\/www.dxnwellness.eu\/it\/es\/wp-json\/wp\/v2\/media?parent=450"}],"wp:term":[{"taxonomy":"product_brand","embeddable":true,"href":"https:\/\/www.dxnwellness.eu\/it\/es\/wp-json\/wp\/v2\/product_brand?post=450"},{"taxonomy":"product_cat","embeddable":true,"href":"https:\/\/www.dxnwellness.eu\/it\/es\/wp-json\/wp\/v2\/product_cat?post=450"},{"taxonomy":"product_tag","embeddable":true,"href":"https:\/\/www.dxnwellness.eu\/it\/es\/wp-json\/wp\/v2\/product_tag?post=450"}],"curies":[{"name":"wp","href":"https:\/\/api.w.org\/{rel}","templated":true}]}}