{"id":418,"date":"2025-05-19T00:17:11","date_gmt":"2025-05-18T21:17:11","guid":{"rendered":"https:\/\/www.dxnwellness.eu\/it\/es\/product\/dxn-goji-berries\/"},"modified":"2026-04-03T16:18:11","modified_gmt":"2026-04-03T13:18:11","slug":"dxn-goji-berries","status":"publish","type":"product","link":"https:\/\/www.dxnwellness.eu\/it\/es\/product\/dxn-goji-berries\/","title":{"rendered":"DXN Goji Berries"},"content":{"rendered":"<p>Las Bayas de Goji DXN, la fruta rica en nutrientes del Lycium barbarum, son ricas en calor\u00edas y prote\u00ednas. Conocidas como la &#8220;fruta de la juventud&#8221;, estas vibrantes bayas son reconocidas por su rico perfil nutricional y sus beneficios para la salud. Ya sea que las consumas solas o las a\u00f1adas a tus comidas favoritas, las Bayas de Goji DXN aportan un delicioso y saludable impulso a tu dieta.<br \/>\nRico en nutrientes: Contiene antioxidantes. Rico en prote\u00ednas y fibra, ofrece una amplia gama de beneficios para tu bienestar general. Rico en antioxidantes: Contribuye a la protecci\u00f3n celular contra los radicales libres, protege tus c\u00e9lulas y tejidos de la oxidaci\u00f3n y contribuye a la capacidad antioxidante total del cuerpo. La &#8220;fruta de la juventud&#8221;: Conocidas por promover la vitalidad y la longevidad, las bayas de Goji son un complemento perfecto para tu dieta para un estilo de vida joven y en\u00e9rgico.<\/p>\n","protected":false},"excerpt":{"rendered":"<p>Las Bayas de Goji DXN, la fruta rica en nutrientes del Lycium barbarum, son ricas en calor\u00edas y prote\u00ednas. Conocidas como la &#8220;fruta de la juventud&#8221;, estas vibrantes bayas son reconocidas por su rico perfil nutricional y sus beneficios para la salud. Ya sea que las consumas solas o las a\u00f1adas a tus comidas favoritas, [&hellip;]<\/p>\n","protected":false},"featured_media":516,"comment_status":"open","ping_status":"open","template":"","meta":{"_acf_changed":false},"product_brand":[],"product_cat":[45],"product_tag":[],"class_list":{"0":"post-418","1":"product","2":"type-product","3":"status-publish","4":"has-post-thumbnail","6":"product_cat-alimentos","7":"pa_package-350-gramos","9":"first","10":"instock","11":"purchasable","12":"product-type-simple"},"acf":[],"_links":{"self":[{"href":"https:\/\/www.dxnwellness.eu\/it\/es\/wp-json\/wp\/v2\/product\/418","targetHints":{"allow":["GET"]}}],"collection":[{"href":"https:\/\/www.dxnwellness.eu\/it\/es\/wp-json\/wp\/v2\/product"}],"about":[{"href":"https:\/\/www.dxnwellness.eu\/it\/es\/wp-json\/wp\/v2\/types\/product"}],"replies":[{"embeddable":true,"href":"https:\/\/www.dxnwellness.eu\/it\/es\/wp-json\/wp\/v2\/comments?post=418"}],"wp:featuredmedia":[{"embeddable":true,"href":"https:\/\/www.dxnwellness.eu\/it\/es\/wp-json\/wp\/v2\/media\/516"}],"wp:attachment":[{"href":"https:\/\/www.dxnwellness.eu\/it\/es\/wp-json\/wp\/v2\/media?parent=418"}],"wp:term":[{"taxonomy":"product_brand","embeddable":true,"href":"https:\/\/www.dxnwellness.eu\/it\/es\/wp-json\/wp\/v2\/product_brand?post=418"},{"taxonomy":"product_cat","embeddable":true,"href":"https:\/\/www.dxnwellness.eu\/it\/es\/wp-json\/wp\/v2\/product_cat?post=418"},{"taxonomy":"product_tag","embeddable":true,"href":"https:\/\/www.dxnwellness.eu\/it\/es\/wp-json\/wp\/v2\/product_tag?post=418"}],"curies":[{"name":"wp","href":"https:\/\/api.w.org\/{rel}","templated":true}]}}