{"id":717,"date":"2025-04-01T14:31:26","date_gmt":"2025-04-01T11:31:26","guid":{"rendered":"https:\/\/www.dxnwellness.eu\/it\/es\/?page_id=717"},"modified":"2025-04-01T14:31:26","modified_gmt":"2025-04-01T11:31:26","slug":"envio-y-pago","status":"publish","type":"page","link":"https:\/\/www.dxnwellness.eu\/it\/es\/envio-y-pago\/","title":{"rendered":"Env\u00edo y Pago"},"content":{"rendered":"<h3>Formas de realizar un pedido<\/h3>\n<p>A trav\u00e9s de eworld.dxn2u.com: despu\u00e9s de seleccionar el producto que desea, presione el bot\u00f3n &#8220;carrito&#8221; y tiene dos opciones:<br \/>\nA) Continuar su pedido encontrando y agregando otros productos que desee.<br \/>\nB) Finalizar su pedido presionando el bot\u00f3n &#8220;ver carrito&#8221; y seguir el proceso detallado de pago y entrega.<\/p>\n<p>Por tel\u00e9fono, a trav\u00e9s de los n\u00fameros +34 91 758 99 50 (ext 1) o por whatsapp +34 681 096 009, de lunes a viernes de 9:00 a 17:00.<\/p>\n<p>Enviando un correo electr\u00f3nico a infospain@dxn2u.com.<\/p>\n<p>Recogiendo el pedido en nuestra tienda:<\/p>\n<p>Calle Bravo Murillo n316 bajo<br \/>\n28020 Madrid<\/p>\n<h3>Formas de pago<\/h3>\n<p>Puede pagar su pedido antes o en el momento de la entrega a trav\u00e9s de:<\/p>\n<p>Pago en tienda f\u00edsica<\/p>\n<p>Calle Bravo Murillo n316 bajo<br \/>\n28020 Madrid<\/p>\n<p>Pago contra reembolso al recibir el pedido en su domicilio, oficina o en un punto de recogida de mensajer\u00eda (costo adicional de 8,00 \u20ac).<\/p>\n<p>Transferencia bancaria a las siguientes cuentas (desde la misma entidad bancaria para evitar comisiones):<\/p>\n<p>CAIXA BANK: IBAN ES61 2100 0721 0802 0075 0418<\/p>\n<p>Titular: DXN Internacional Spain<br \/>\nDebe enviar el comprobante de pago a infospain@dxn2u.com.<\/p>\n<p>Pago con tarjeta de cr\u00e9dito\/d\u00e9bito al completar su pedido en l\u00ednea.<\/p>\n<h3>Env\u00edo y entrega<\/h3>\n<p>Entregamos en Espa\u00f1a, Francia y Portugal. Puede recoger su pedido en nuestras tiendas f\u00edsicas o recibirlo en la direcci\u00f3n que elija.<\/p>\n<p>Recibir\u00e1 un correo electr\u00f3nico con la confirmaci\u00f3n y el seguimiento de su pedido.<\/p>\n<p>Los pedidos recibidos s\u00e1bado y domingo se procesan el lunes.<\/p>\n<h3>Plazos de entrega:<\/h3>\n<p>1-2 d\u00edas h\u00e1biles para destinos terrestres.<\/p>\n<p>2-3 d\u00edas h\u00e1biles para destinos insulares.<\/p>\n<p>1-5 d\u00edas h\u00e1biles para \u00e1reas de dif\u00edcil acceso.<\/p>\n<p>Las empresas de mensajer\u00eda no realizan entregas los fines de semana.<\/p>\n","protected":false},"excerpt":{"rendered":"<p>Formas de realizar un pedido A trav\u00e9s de eworld.dxn2u.com: despu\u00e9s de seleccionar el producto que desea, presione el bot\u00f3n &#8220;carrito&#8221; y tiene dos opciones: A) Continuar su pedido encontrando y agregando otros productos que desee. B) Finalizar su pedido presionando el bot\u00f3n &#8220;ver carrito&#8221; y seguir el proceso detallado de pago y entrega. Por tel\u00e9fono, [&hellip;]<\/p>\n","protected":false},"author":8,"featured_media":0,"parent":0,"menu_order":0,"comment_status":"closed","ping_status":"closed","template":"terms_privacy.php","meta":{"_acf_changed":false,"footnotes":""},"class_list":["post-717","page","type-page","status-publish","hentry"],"acf":[],"_links":{"self":[{"href":"https:\/\/www.dxnwellness.eu\/it\/es\/wp-json\/wp\/v2\/pages\/717","targetHints":{"allow":["GET"]}}],"collection":[{"href":"https:\/\/www.dxnwellness.eu\/it\/es\/wp-json\/wp\/v2\/pages"}],"about":[{"href":"https:\/\/www.dxnwellness.eu\/it\/es\/wp-json\/wp\/v2\/types\/page"}],"author":[{"embeddable":true,"href":"https:\/\/www.dxnwellness.eu\/it\/es\/wp-json\/wp\/v2\/users\/8"}],"replies":[{"embeddable":true,"href":"https:\/\/www.dxnwellness.eu\/it\/es\/wp-json\/wp\/v2\/comments?post=717"}],"version-history":[{"count":2,"href":"https:\/\/www.dxnwellness.eu\/it\/es\/wp-json\/wp\/v2\/pages\/717\/revisions"}],"predecessor-version":[{"id":719,"href":"https:\/\/www.dxnwellness.eu\/it\/es\/wp-json\/wp\/v2\/pages\/717\/revisions\/719"}],"wp:attachment":[{"href":"https:\/\/www.dxnwellness.eu\/it\/es\/wp-json\/wp\/v2\/media?parent=717"}],"curies":[{"name":"wp","href":"https:\/\/api.w.org\/{rel}","templated":true}]}}