{"id":5315,"date":"2025-05-19T06:46:18","date_gmt":"2025-05-19T06:46:18","guid":{"rendered":"https:\/\/www.dxnwellness.eu\/es\/product\/dxn-kallow-pink-glow-hair-body-mist-with-aloe-hyaluronic-acid\/"},"modified":"2025-05-23T00:32:12","modified_gmt":"2025-05-23T00:32:12","slug":"dxn-kallow-pink-glow-hair-body-mist-with-aloe-hyaluronic-acid","status":"publish","type":"product","link":"https:\/\/www.dxnwellness.eu\/es\/product\/dxn-kallow-pink-glow-hair-body-mist-with-aloe-hyaluronic-acid\/","title":{"rendered":"DXN Kallow \u2013 Pink Glow Hair &amp; Body Mist with Aloe &amp; Hyaluronic Acid"},"content":{"rendered":"<p>Una bruma arom\u00e1tica sin alcohol, enriquecida con jugo de aloe vera org\u00e1nico y \u00e1cido hialur\u00f3nico. Hidrata y refresca la piel, aportando un tono rosado y el brillo de un diamante, con un aroma embriagador, seductor y afrutado.<\/p>\n","protected":false},"excerpt":{"rendered":"<p>Una bruma arom\u00e1tica sin alcohol, enriquecida con jugo de aloe vera org\u00e1nico y \u00e1cido hialur\u00f3nico. Hidrata y refresca la piel, aportando un tono rosado y el brillo de un diamante, con un aroma embriagador, seductor y afrutado.<\/p>\n","protected":false},"featured_media":5491,"comment_status":"open","ping_status":"closed","template":"","meta":{"_acf_changed":false},"product_brand":[],"product_cat":[363],"product_tag":[],"class_list":{"0":"post-5315","1":"product","2":"type-product","3":"status-publish","4":"has-post-thumbnail","6":"product_cat-cosmeticos-kallow","7":"pa_package-150-ml","9":"first","10":"instock","11":"purchasable","12":"product-type-simple"},"acf":[],"_links":{"self":[{"href":"https:\/\/www.dxnwellness.eu\/es\/wp-json\/wp\/v2\/product\/5315","targetHints":{"allow":["GET"]}}],"collection":[{"href":"https:\/\/www.dxnwellness.eu\/es\/wp-json\/wp\/v2\/product"}],"about":[{"href":"https:\/\/www.dxnwellness.eu\/es\/wp-json\/wp\/v2\/types\/product"}],"replies":[{"embeddable":true,"href":"https:\/\/www.dxnwellness.eu\/es\/wp-json\/wp\/v2\/comments?post=5315"}],"wp:featuredmedia":[{"embeddable":true,"href":"https:\/\/www.dxnwellness.eu\/es\/wp-json\/wp\/v2\/media\/5491"}],"wp:attachment":[{"href":"https:\/\/www.dxnwellness.eu\/es\/wp-json\/wp\/v2\/media?parent=5315"}],"wp:term":[{"taxonomy":"product_brand","embeddable":true,"href":"https:\/\/www.dxnwellness.eu\/es\/wp-json\/wp\/v2\/product_brand?post=5315"},{"taxonomy":"product_cat","embeddable":true,"href":"https:\/\/www.dxnwellness.eu\/es\/wp-json\/wp\/v2\/product_cat?post=5315"},{"taxonomy":"product_tag","embeddable":true,"href":"https:\/\/www.dxnwellness.eu\/es\/wp-json\/wp\/v2\/product_tag?post=5315"}],"curies":[{"name":"wp","href":"https:\/\/api.w.org\/{rel}","templated":true}]}}