{"id":5311,"date":"2025-05-19T06:46:18","date_gmt":"2025-05-19T06:46:18","guid":{"rendered":"https:\/\/www.dxnwellness.eu\/es\/product\/dxn-kallow-natural-shield-aluminium-free-deodorant\/"},"modified":"2025-05-23T00:32:11","modified_gmt":"2025-05-23T00:32:11","slug":"dxn-kallow-natural-shield-aluminium-free-deodorant","status":"publish","type":"product","link":"https:\/\/www.dxnwellness.eu\/es\/product\/dxn-kallow-natural-shield-aluminium-free-deodorant\/","title":{"rendered":"DXN Kallow \u2013 Natural Shield Aluminium &#8211; free Deodorant"},"content":{"rendered":"<p>Desodorante suave en roll-on. Gracias a su f\u00f3rmula sin sales de aluminio, mantiene la frescura en todo tipo de piel. Dise\u00f1ado para afrontar incluso las situaciones m\u00e1s intensas. Sin alcohol.<\/p>\n","protected":false},"excerpt":{"rendered":"<p>Desodorante suave en roll-on. Gracias a su f\u00f3rmula sin sales de aluminio, mantiene la frescura en todo tipo de piel. Dise\u00f1ado para afrontar incluso las situaciones m\u00e1s intensas. Sin alcohol.<\/p>\n","protected":false},"featured_media":5487,"comment_status":"open","ping_status":"closed","template":"","meta":{"_acf_changed":false},"product_brand":[],"product_cat":[363],"product_tag":[],"class_list":{"0":"post-5311","1":"product","2":"type-product","3":"status-publish","4":"has-post-thumbnail","6":"product_cat-cosmeticos-kallow","7":"pa_package-50-ml","9":"first","10":"instock","11":"purchasable","12":"product-type-simple"},"acf":[],"_links":{"self":[{"href":"https:\/\/www.dxnwellness.eu\/es\/wp-json\/wp\/v2\/product\/5311","targetHints":{"allow":["GET"]}}],"collection":[{"href":"https:\/\/www.dxnwellness.eu\/es\/wp-json\/wp\/v2\/product"}],"about":[{"href":"https:\/\/www.dxnwellness.eu\/es\/wp-json\/wp\/v2\/types\/product"}],"replies":[{"embeddable":true,"href":"https:\/\/www.dxnwellness.eu\/es\/wp-json\/wp\/v2\/comments?post=5311"}],"wp:featuredmedia":[{"embeddable":true,"href":"https:\/\/www.dxnwellness.eu\/es\/wp-json\/wp\/v2\/media\/5487"}],"wp:attachment":[{"href":"https:\/\/www.dxnwellness.eu\/es\/wp-json\/wp\/v2\/media?parent=5311"}],"wp:term":[{"taxonomy":"product_brand","embeddable":true,"href":"https:\/\/www.dxnwellness.eu\/es\/wp-json\/wp\/v2\/product_brand?post=5311"},{"taxonomy":"product_cat","embeddable":true,"href":"https:\/\/www.dxnwellness.eu\/es\/wp-json\/wp\/v2\/product_cat?post=5311"},{"taxonomy":"product_tag","embeddable":true,"href":"https:\/\/www.dxnwellness.eu\/es\/wp-json\/wp\/v2\/product_tag?post=5311"}],"curies":[{"name":"wp","href":"https:\/\/api.w.org\/{rel}","templated":true}]}}