{"id":5309,"date":"2025-05-19T06:46:08","date_gmt":"2025-05-19T06:46:08","guid":{"rendered":"https:\/\/www.dxnwellness.eu\/es\/product\/dxn-kallow-divine-men-aloe-chamomile-calming-after-shave\/"},"modified":"2025-05-23T00:32:11","modified_gmt":"2025-05-23T00:32:11","slug":"dxn-kallow-divine-men-aloe-chamomile-calming-after-shave","status":"publish","type":"product","link":"https:\/\/www.dxnwellness.eu\/es\/product\/dxn-kallow-divine-men-aloe-chamomile-calming-after-shave\/","title":{"rendered":"DXN Kallow \u2013 Divine Men Aloe &amp; Chamomile Calming After Shave"},"content":{"rendered":"<p>B\u00e1lsamo que proporciona frescura e hidrataci\u00f3n inmediatas a la piel. Su textura fluida y ligera se absorbe r\u00e1pidamente, calmando la irritaci\u00f3n y cuidando la piel despu\u00e9s del afeitado, dej\u00e1ndola suave y con un sutil aroma. Textura no grasa.<\/p>\n","protected":false},"excerpt":{"rendered":"<p>B\u00e1lsamo que proporciona frescura e hidrataci\u00f3n inmediatas a la piel. Su textura fluida y ligera se absorbe r\u00e1pidamente, calmando la irritaci\u00f3n y cuidando la piel despu\u00e9s del afeitado, dej\u00e1ndola suave y con un sutil aroma. Textura no grasa.<\/p>\n","protected":false},"featured_media":5484,"comment_status":"open","ping_status":"closed","template":"","meta":{"_acf_changed":false},"product_brand":[],"product_cat":[363],"product_tag":[],"class_list":{"0":"post-5309","1":"product","2":"type-product","3":"status-publish","4":"has-post-thumbnail","6":"product_cat-cosmeticos-kallow","7":"pa_package-100-ml","9":"first","10":"instock","11":"purchasable","12":"product-type-simple"},"acf":[],"_links":{"self":[{"href":"https:\/\/www.dxnwellness.eu\/es\/wp-json\/wp\/v2\/product\/5309","targetHints":{"allow":["GET"]}}],"collection":[{"href":"https:\/\/www.dxnwellness.eu\/es\/wp-json\/wp\/v2\/product"}],"about":[{"href":"https:\/\/www.dxnwellness.eu\/es\/wp-json\/wp\/v2\/types\/product"}],"replies":[{"embeddable":true,"href":"https:\/\/www.dxnwellness.eu\/es\/wp-json\/wp\/v2\/comments?post=5309"}],"wp:featuredmedia":[{"embeddable":true,"href":"https:\/\/www.dxnwellness.eu\/es\/wp-json\/wp\/v2\/media\/5484"}],"wp:attachment":[{"href":"https:\/\/www.dxnwellness.eu\/es\/wp-json\/wp\/v2\/media?parent=5309"}],"wp:term":[{"taxonomy":"product_brand","embeddable":true,"href":"https:\/\/www.dxnwellness.eu\/es\/wp-json\/wp\/v2\/product_brand?post=5309"},{"taxonomy":"product_cat","embeddable":true,"href":"https:\/\/www.dxnwellness.eu\/es\/wp-json\/wp\/v2\/product_cat?post=5309"},{"taxonomy":"product_tag","embeddable":true,"href":"https:\/\/www.dxnwellness.eu\/es\/wp-json\/wp\/v2\/product_tag?post=5309"}],"curies":[{"name":"wp","href":"https:\/\/api.w.org\/{rel}","templated":true}]}}