{"id":5303,"date":"2025-05-19T06:46:08","date_gmt":"2025-05-19T06:46:08","guid":{"rendered":"https:\/\/www.dxnwellness.eu\/es\/product\/dxn-kallow-essential-sunscreen-emulsion-spf-30\/"},"modified":"2025-05-23T00:32:11","modified_gmt":"2025-05-23T00:32:11","slug":"dxn-kallow-essential-sunscreen-emulsion-spf-30","status":"publish","type":"product","link":"https:\/\/www.dxnwellness.eu\/es\/product\/dxn-kallow-essential-sunscreen-emulsion-spf-30\/","title":{"rendered":"DXN Kallow \u2013 Essential Sunscreen Emulsion SPF 30"},"content":{"rendered":"<p>Loci\u00f3n corporal con protector solar FPS 30 mejorado, enriquecida con \u00e1cido hialur\u00f3nico, que previene la deshidrataci\u00f3n causada por la sal y\/o el cloro y ofrece una mayor protecci\u00f3n solar. Protege contra los efectos nocivos de la radiaci\u00f3n UV y proporciona protecci\u00f3n antioxidante. Contiene glicerina y vitamina E, que hidratan la piel de forma inmediata y profunda y favorecen su regeneraci\u00f3n.<\/p>\n","protected":false},"excerpt":{"rendered":"<p>Loci\u00f3n corporal con protector solar FPS 30 mejorado, enriquecida con \u00e1cido hialur\u00f3nico, que previene la deshidrataci\u00f3n causada por la sal y\/o el cloro y ofrece una mayor protecci\u00f3n solar. Protege contra los efectos nocivos de la radiaci\u00f3n UV y proporciona protecci\u00f3n antioxidante. Contiene glicerina y vitamina E, que hidratan la piel de forma inmediata y [&hellip;]<\/p>\n","protected":false},"featured_media":5481,"comment_status":"open","ping_status":"closed","template":"","meta":{"_acf_changed":false},"product_brand":[],"product_cat":[363],"product_tag":[],"class_list":{"0":"post-5303","1":"product","2":"type-product","3":"status-publish","4":"has-post-thumbnail","6":"product_cat-cosmeticos-kallow","7":"pa_package-150-ml","9":"first","10":"instock","11":"purchasable","12":"product-type-simple"},"acf":[],"_links":{"self":[{"href":"https:\/\/www.dxnwellness.eu\/es\/wp-json\/wp\/v2\/product\/5303","targetHints":{"allow":["GET"]}}],"collection":[{"href":"https:\/\/www.dxnwellness.eu\/es\/wp-json\/wp\/v2\/product"}],"about":[{"href":"https:\/\/www.dxnwellness.eu\/es\/wp-json\/wp\/v2\/types\/product"}],"replies":[{"embeddable":true,"href":"https:\/\/www.dxnwellness.eu\/es\/wp-json\/wp\/v2\/comments?post=5303"}],"wp:featuredmedia":[{"embeddable":true,"href":"https:\/\/www.dxnwellness.eu\/es\/wp-json\/wp\/v2\/media\/5481"}],"wp:attachment":[{"href":"https:\/\/www.dxnwellness.eu\/es\/wp-json\/wp\/v2\/media?parent=5303"}],"wp:term":[{"taxonomy":"product_brand","embeddable":true,"href":"https:\/\/www.dxnwellness.eu\/es\/wp-json\/wp\/v2\/product_brand?post=5303"},{"taxonomy":"product_cat","embeddable":true,"href":"https:\/\/www.dxnwellness.eu\/es\/wp-json\/wp\/v2\/product_cat?post=5303"},{"taxonomy":"product_tag","embeddable":true,"href":"https:\/\/www.dxnwellness.eu\/es\/wp-json\/wp\/v2\/product_tag?post=5303"}],"curies":[{"name":"wp","href":"https:\/\/api.w.org\/{rel}","templated":true}]}}