{"id":5291,"date":"2025-05-19T06:46:08","date_gmt":"2025-05-19T06:46:08","guid":{"rendered":"https:\/\/www.dxnwellness.eu\/es\/product\/dxn-kallow-divine-touch-nourishing-night-oil\/"},"modified":"2025-05-23T00:32:11","modified_gmt":"2025-05-23T00:32:11","slug":"dxn-kallow-divine-touch-nourishing-night-oil","status":"publish","type":"product","link":"https:\/\/www.dxnwellness.eu\/es\/product\/dxn-kallow-divine-touch-nourishing-night-oil\/","title":{"rendered":"DXN Kallow \u2013 Divine Touch Nourishing Night Oil"},"content":{"rendered":"<p>El milagroso Aceite Nutritivo de Noche &#8220;Toque Divino&#8221; de DXN es ideal para el cuidado nocturno de la piel, con una combinaci\u00f3n excepcional de valiosos aceites naturales de uva, albaricoque, aguacate, arg\u00e1n, oliva y sacha inchi, adem\u00e1s de vitaminas E, C y F, que ejercen una acci\u00f3n protectora, antiarrugas y antiedad. Deja una piel radiante y luminosa.<\/p>\n","protected":false},"excerpt":{"rendered":"<p>El milagroso Aceite Nutritivo de Noche &#8220;Toque Divino&#8221; de DXN es ideal para el cuidado nocturno de la piel, con una combinaci\u00f3n excepcional de valiosos aceites naturales de uva, albaricoque, aguacate, arg\u00e1n, oliva y sacha inchi, adem\u00e1s de vitaminas E, C y F, que ejercen una acci\u00f3n protectora, antiarrugas y antiedad. Deja una piel radiante [&hellip;]<\/p>\n","protected":false},"featured_media":5473,"comment_status":"open","ping_status":"closed","template":"","meta":{"_acf_changed":false},"product_brand":[],"product_cat":[363],"product_tag":[],"class_list":{"0":"post-5291","1":"product","2":"type-product","3":"status-publish","4":"has-post-thumbnail","6":"product_cat-cosmeticos-kallow","7":"pa_package-30-ml","9":"first","10":"instock","11":"purchasable","12":"product-type-simple"},"acf":[],"_links":{"self":[{"href":"https:\/\/www.dxnwellness.eu\/es\/wp-json\/wp\/v2\/product\/5291","targetHints":{"allow":["GET"]}}],"collection":[{"href":"https:\/\/www.dxnwellness.eu\/es\/wp-json\/wp\/v2\/product"}],"about":[{"href":"https:\/\/www.dxnwellness.eu\/es\/wp-json\/wp\/v2\/types\/product"}],"replies":[{"embeddable":true,"href":"https:\/\/www.dxnwellness.eu\/es\/wp-json\/wp\/v2\/comments?post=5291"}],"wp:featuredmedia":[{"embeddable":true,"href":"https:\/\/www.dxnwellness.eu\/es\/wp-json\/wp\/v2\/media\/5473"}],"wp:attachment":[{"href":"https:\/\/www.dxnwellness.eu\/es\/wp-json\/wp\/v2\/media?parent=5291"}],"wp:term":[{"taxonomy":"product_brand","embeddable":true,"href":"https:\/\/www.dxnwellness.eu\/es\/wp-json\/wp\/v2\/product_brand?post=5291"},{"taxonomy":"product_cat","embeddable":true,"href":"https:\/\/www.dxnwellness.eu\/es\/wp-json\/wp\/v2\/product_cat?post=5291"},{"taxonomy":"product_tag","embeddable":true,"href":"https:\/\/www.dxnwellness.eu\/es\/wp-json\/wp\/v2\/product_tag?post=5291"}],"curies":[{"name":"wp","href":"https:\/\/api.w.org\/{rel}","templated":true}]}}