{"id":5287,"date":"2025-05-19T06:46:08","date_gmt":"2025-05-19T06:46:08","guid":{"rendered":"https:\/\/www.dxnwellness.eu\/es\/product\/dxn-kallow-divine-touch-lifting-impact-face-serum\/"},"modified":"2025-05-23T00:32:11","modified_gmt":"2025-05-23T00:32:11","slug":"dxn-kallow-divine-touch-lifting-impact-face-serum","status":"publish","type":"product","link":"https:\/\/www.dxnwellness.eu\/es\/product\/dxn-kallow-divine-touch-lifting-impact-face-serum\/","title":{"rendered":"DXN Kallow \u2013 Divine Touch Lifting Impact Face Serum"},"content":{"rendered":"<p>El s\u00e9rum antiedad &#8220;Divine&#8221; de DXN con c\u00e9lulas madre de manzana para rostro, cuello y escote. Con una gran cantidad de ingredientes activos como p\u00e9ptidos antiarrugas de tecnolog\u00eda avanzada, \u00e1cido hialur\u00f3nico, un complejo de vitaminas E, C y F, retinol A y biosac\u00e1ridos naturales, fortalece, protege y suaviza la piel, reduciendo milagrosamente las arrugas y disminuyendo significativamente su profundidad. El contorno del rostro se ve mejorado y la piel recupera su vitalidad y firmeza perdidas. Gracias a la acci\u00f3n mejorada de la vitamina C, se reducen las imperfecciones y las decoloraciones, y la piel queda protegida de los radicales libres y las agresiones diarias. Contribuye a la retracci\u00f3n y elevaci\u00f3n del p\u00e1rpado superior.<\/p>\n","protected":false},"excerpt":{"rendered":"<p>El s\u00e9rum antiedad &#8220;Divine&#8221; de DXN con c\u00e9lulas madre de manzana para rostro, cuello y escote. Con una gran cantidad de ingredientes activos como p\u00e9ptidos antiarrugas de tecnolog\u00eda avanzada, \u00e1cido hialur\u00f3nico, un complejo de vitaminas E, C y F, retinol A y biosac\u00e1ridos naturales, fortalece, protege y suaviza la piel, reduciendo milagrosamente las arrugas y [&hellip;]<\/p>\n","protected":false},"featured_media":5467,"comment_status":"open","ping_status":"closed","template":"","meta":{"_acf_changed":false},"product_brand":[],"product_cat":[363],"product_tag":[],"class_list":{"0":"post-5287","1":"product","2":"type-product","3":"status-publish","4":"has-post-thumbnail","6":"product_cat-cosmeticos-kallow","7":"pa_package-30-ml","9":"first","10":"instock","11":"purchasable","12":"product-type-simple"},"acf":[],"_links":{"self":[{"href":"https:\/\/www.dxnwellness.eu\/es\/wp-json\/wp\/v2\/product\/5287","targetHints":{"allow":["GET"]}}],"collection":[{"href":"https:\/\/www.dxnwellness.eu\/es\/wp-json\/wp\/v2\/product"}],"about":[{"href":"https:\/\/www.dxnwellness.eu\/es\/wp-json\/wp\/v2\/types\/product"}],"replies":[{"embeddable":true,"href":"https:\/\/www.dxnwellness.eu\/es\/wp-json\/wp\/v2\/comments?post=5287"}],"wp:featuredmedia":[{"embeddable":true,"href":"https:\/\/www.dxnwellness.eu\/es\/wp-json\/wp\/v2\/media\/5467"}],"wp:attachment":[{"href":"https:\/\/www.dxnwellness.eu\/es\/wp-json\/wp\/v2\/media?parent=5287"}],"wp:term":[{"taxonomy":"product_brand","embeddable":true,"href":"https:\/\/www.dxnwellness.eu\/es\/wp-json\/wp\/v2\/product_brand?post=5287"},{"taxonomy":"product_cat","embeddable":true,"href":"https:\/\/www.dxnwellness.eu\/es\/wp-json\/wp\/v2\/product_cat?post=5287"},{"taxonomy":"product_tag","embeddable":true,"href":"https:\/\/www.dxnwellness.eu\/es\/wp-json\/wp\/v2\/product_tag?post=5287"}],"curies":[{"name":"wp","href":"https:\/\/api.w.org\/{rel}","templated":true}]}}