{"id":5285,"date":"2025-05-19T06:46:08","date_gmt":"2025-05-19T06:46:08","guid":{"rendered":"https:\/\/www.dxnwellness.eu\/es\/product\/dxn-kallow-divine-touch-lifting-impact-eye-cream\/"},"modified":"2025-05-23T00:32:11","modified_gmt":"2025-05-23T00:32:11","slug":"dxn-kallow-divine-touch-lifting-impact-eye-cream","status":"publish","type":"product","link":"https:\/\/www.dxnwellness.eu\/es\/product\/dxn-kallow-divine-touch-lifting-impact-eye-cream\/","title":{"rendered":"DXN Kallow \u2013 Divine Touch Lifting Impact Eye Cream"},"content":{"rendered":"<p>La Crema de Ojos Reafirmante Instant\u00e1nea Divine Touch de DXN es una maravilla en un frasco. Una sola crema para el contorno de ojos previene y reduce las ojeras, las l\u00edneas de expresi\u00f3n y los signos de fatiga. Tensa y alisa el tejido relajado del p\u00e1rpado superior. El \u00e1cido hialur\u00f3nico que contiene restaura el equilibrio hidrolip\u00eddico y ayuda a suavizar las arrugas, mientras que las vitaminas C, E y A, la cafe\u00edna y los polifenoles antioxidantes del t\u00e9 verde son los mejores ingredientes activos para la restauraci\u00f3n inmediata de la piel. Tonifican, fortalecen y dejan la piel fresca y radiante, eliminando la hinchaz\u00f3n, relajando los m\u00fasculos y mejorando la microcirculaci\u00f3n.<\/p>\n","protected":false},"excerpt":{"rendered":"<p>La Crema de Ojos Reafirmante Instant\u00e1nea Divine Touch de DXN es una maravilla en un frasco. Una sola crema para el contorno de ojos previene y reduce las ojeras, las l\u00edneas de expresi\u00f3n y los signos de fatiga. Tensa y alisa el tejido relajado del p\u00e1rpado superior. El \u00e1cido hialur\u00f3nico que contiene restaura el equilibrio [&hellip;]<\/p>\n","protected":false},"featured_media":5464,"comment_status":"open","ping_status":"closed","template":"","meta":{"_acf_changed":false},"product_brand":[],"product_cat":[363],"product_tag":[],"class_list":{"0":"post-5285","1":"product","2":"type-product","3":"status-publish","4":"has-post-thumbnail","6":"product_cat-cosmeticos-kallow","7":"pa_package-15-ml","9":"first","10":"instock","11":"purchasable","12":"product-type-simple"},"acf":[],"_links":{"self":[{"href":"https:\/\/www.dxnwellness.eu\/es\/wp-json\/wp\/v2\/product\/5285","targetHints":{"allow":["GET"]}}],"collection":[{"href":"https:\/\/www.dxnwellness.eu\/es\/wp-json\/wp\/v2\/product"}],"about":[{"href":"https:\/\/www.dxnwellness.eu\/es\/wp-json\/wp\/v2\/types\/product"}],"replies":[{"embeddable":true,"href":"https:\/\/www.dxnwellness.eu\/es\/wp-json\/wp\/v2\/comments?post=5285"}],"wp:featuredmedia":[{"embeddable":true,"href":"https:\/\/www.dxnwellness.eu\/es\/wp-json\/wp\/v2\/media\/5464"}],"wp:attachment":[{"href":"https:\/\/www.dxnwellness.eu\/es\/wp-json\/wp\/v2\/media?parent=5285"}],"wp:term":[{"taxonomy":"product_brand","embeddable":true,"href":"https:\/\/www.dxnwellness.eu\/es\/wp-json\/wp\/v2\/product_brand?post=5285"},{"taxonomy":"product_cat","embeddable":true,"href":"https:\/\/www.dxnwellness.eu\/es\/wp-json\/wp\/v2\/product_cat?post=5285"},{"taxonomy":"product_tag","embeddable":true,"href":"https:\/\/www.dxnwellness.eu\/es\/wp-json\/wp\/v2\/product_tag?post=5285"}],"curies":[{"name":"wp","href":"https:\/\/api.w.org\/{rel}","templated":true}]}}