{"id":5283,"date":"2025-05-19T06:46:08","date_gmt":"2025-05-19T06:46:08","guid":{"rendered":"https:\/\/www.dxnwellness.eu\/es\/product\/dxn-kallow-high-protection-face-sunscreen-spf-50\/"},"modified":"2025-05-23T00:32:11","modified_gmt":"2025-05-23T00:32:11","slug":"dxn-kallow-high-protection-face-sunscreen-spf-50","status":"publish","type":"product","link":"https:\/\/www.dxnwellness.eu\/es\/product\/dxn-kallow-high-protection-face-sunscreen-spf-50\/","title":{"rendered":"DXN Kallow \u2013 High Protection Face Sunscreen SPF 50"},"content":{"rendered":"<p>Protector solar facial hidratante de alta protecci\u00f3n, enriquecido con \u00e1cido hialur\u00f3nico y vitamina E. Se extiende f\u00e1cilmente sobre la piel, dej\u00e1ndola suave e hidratada. Sella la humedad de la piel potenciando su capacidad regenerativa natural. Ofrece hidrataci\u00f3n, protecci\u00f3n eficaz y previene el envejecimiento.<\/p>\n","protected":false},"excerpt":{"rendered":"<p>Protector solar facial hidratante de alta protecci\u00f3n, enriquecido con \u00e1cido hialur\u00f3nico y vitamina E. Se extiende f\u00e1cilmente sobre la piel, dej\u00e1ndola suave e hidratada. Sella la humedad de la piel potenciando su capacidad regenerativa natural. Ofrece hidrataci\u00f3n, protecci\u00f3n eficaz y previene el envejecimiento.<\/p>\n","protected":false},"featured_media":5461,"comment_status":"open","ping_status":"closed","template":"","meta":{"_acf_changed":false},"product_brand":[],"product_cat":[363],"product_tag":[],"class_list":{"0":"post-5283","1":"product","2":"type-product","3":"status-publish","4":"has-post-thumbnail","6":"product_cat-cosmeticos-kallow","7":"pa_package-50-ml","9":"first","10":"instock","11":"purchasable","12":"product-type-simple"},"acf":[],"_links":{"self":[{"href":"https:\/\/www.dxnwellness.eu\/es\/wp-json\/wp\/v2\/product\/5283","targetHints":{"allow":["GET"]}}],"collection":[{"href":"https:\/\/www.dxnwellness.eu\/es\/wp-json\/wp\/v2\/product"}],"about":[{"href":"https:\/\/www.dxnwellness.eu\/es\/wp-json\/wp\/v2\/types\/product"}],"replies":[{"embeddable":true,"href":"https:\/\/www.dxnwellness.eu\/es\/wp-json\/wp\/v2\/comments?post=5283"}],"wp:featuredmedia":[{"embeddable":true,"href":"https:\/\/www.dxnwellness.eu\/es\/wp-json\/wp\/v2\/media\/5461"}],"wp:attachment":[{"href":"https:\/\/www.dxnwellness.eu\/es\/wp-json\/wp\/v2\/media?parent=5283"}],"wp:term":[{"taxonomy":"product_brand","embeddable":true,"href":"https:\/\/www.dxnwellness.eu\/es\/wp-json\/wp\/v2\/product_brand?post=5283"},{"taxonomy":"product_cat","embeddable":true,"href":"https:\/\/www.dxnwellness.eu\/es\/wp-json\/wp\/v2\/product_cat?post=5283"},{"taxonomy":"product_tag","embeddable":true,"href":"https:\/\/www.dxnwellness.eu\/es\/wp-json\/wp\/v2\/product_tag?post=5283"}],"curies":[{"name":"wp","href":"https:\/\/api.w.org\/{rel}","templated":true}]}}