{"id":5281,"date":"2025-05-19T06:46:08","date_gmt":"2025-05-19T06:46:08","guid":{"rendered":"https:\/\/www.dxnwellness.eu\/es\/product\/dxn-kallow-spirulina-avocado-hydrating-face-mask\/"},"modified":"2025-05-23T00:32:11","modified_gmt":"2025-05-23T00:32:11","slug":"dxn-kallow-spirulina-avocado-hydrating-face-mask","status":"publish","type":"product","link":"https:\/\/www.dxnwellness.eu\/es\/product\/dxn-kallow-spirulina-avocado-hydrating-face-mask\/","title":{"rendered":"DXN Kallow \u2013 Spirulina &amp; Avocado Hydrating Face Mask"},"content":{"rendered":"<p>Mascarilla hidratante intensiva de noche, enriquecida con espirulina y aguacate. La piel calma su sed durante el descanso nocturno y se despierta renovada. Ayuda a suavizar las l\u00edneas de expresi\u00f3n y penetra en las capas superficiales de la piel para retrasar los signos del envejecimiento, brind\u00e1ndole protecci\u00f3n antiedad.<\/p>\n","protected":false},"excerpt":{"rendered":"<p>Mascarilla hidratante intensiva de noche, enriquecida con espirulina y aguacate. La piel calma su sed durante el descanso nocturno y se despierta renovada. Ayuda a suavizar las l\u00edneas de expresi\u00f3n y penetra en las capas superficiales de la piel para retrasar los signos del envejecimiento, brind\u00e1ndole protecci\u00f3n antiedad.<\/p>\n","protected":false},"featured_media":5460,"comment_status":"open","ping_status":"closed","template":"","meta":{"_acf_changed":false},"product_brand":[],"product_cat":[363],"product_tag":[],"class_list":{"0":"post-5281","1":"product","2":"type-product","3":"status-publish","4":"has-post-thumbnail","6":"product_cat-cosmeticos-kallow","7":"pa_package-75-ml","9":"first","10":"instock","11":"purchasable","12":"product-type-simple"},"acf":[],"_links":{"self":[{"href":"https:\/\/www.dxnwellness.eu\/es\/wp-json\/wp\/v2\/product\/5281","targetHints":{"allow":["GET"]}}],"collection":[{"href":"https:\/\/www.dxnwellness.eu\/es\/wp-json\/wp\/v2\/product"}],"about":[{"href":"https:\/\/www.dxnwellness.eu\/es\/wp-json\/wp\/v2\/types\/product"}],"replies":[{"embeddable":true,"href":"https:\/\/www.dxnwellness.eu\/es\/wp-json\/wp\/v2\/comments?post=5281"}],"wp:featuredmedia":[{"embeddable":true,"href":"https:\/\/www.dxnwellness.eu\/es\/wp-json\/wp\/v2\/media\/5460"}],"wp:attachment":[{"href":"https:\/\/www.dxnwellness.eu\/es\/wp-json\/wp\/v2\/media?parent=5281"}],"wp:term":[{"taxonomy":"product_brand","embeddable":true,"href":"https:\/\/www.dxnwellness.eu\/es\/wp-json\/wp\/v2\/product_brand?post=5281"},{"taxonomy":"product_cat","embeddable":true,"href":"https:\/\/www.dxnwellness.eu\/es\/wp-json\/wp\/v2\/product_cat?post=5281"},{"taxonomy":"product_tag","embeddable":true,"href":"https:\/\/www.dxnwellness.eu\/es\/wp-json\/wp\/v2\/product_tag?post=5281"}],"curies":[{"name":"wp","href":"https:\/\/api.w.org\/{rel}","templated":true}]}}