{"id":5279,"date":"2025-05-19T06:46:08","date_gmt":"2025-05-19T06:46:08","guid":{"rendered":"https:\/\/www.dxnwellness.eu\/es\/product\/dxn-kallow-sage-witch-hazel-micellar-cleansing-tonic-water\/"},"modified":"2025-05-23T00:32:11","modified_gmt":"2025-05-23T00:32:11","slug":"dxn-kallow-sage-witch-hazel-micellar-cleansing-tonic-water","status":"publish","type":"product","link":"https:\/\/www.dxnwellness.eu\/es\/product\/dxn-kallow-sage-witch-hazel-micellar-cleansing-tonic-water\/","title":{"rendered":"DXN Kallow \u2013 Sage &amp; Witch Hazel Micellar Cleansing Tonic Water"},"content":{"rendered":"<p>Eficaz Agua Micelar Limpiadora con Salvia y Hamamelis para una limpieza profunda que, a la vez, ofrece hidrataci\u00f3n intensa, protecci\u00f3n antiedad y anticontaminaci\u00f3n. Est\u00e1 especialmente dise\u00f1ada para las necesidades de la piel que sufre a diario las agresiones de la vida urbana. El hamamelis y la salvia poseen propiedades calmantes, antibacterianas, antioxidantes y cicatrizantes. Sin aclarado, limpia suavemente, matifica y elimina las impurezas, incluido el maquillaje, del rostro y los ojos. Ideal para desmaquillar.<\/p>\n","protected":false},"excerpt":{"rendered":"<p>Eficaz Agua Micelar Limpiadora con Salvia y Hamamelis para una limpieza profunda que, a la vez, ofrece hidrataci\u00f3n intensa, protecci\u00f3n antiedad y anticontaminaci\u00f3n. Est\u00e1 especialmente dise\u00f1ada para las necesidades de la piel que sufre a diario las agresiones de la vida urbana. El hamamelis y la salvia poseen propiedades calmantes, antibacterianas, antioxidantes y cicatrizantes. Sin [&hellip;]<\/p>\n","protected":false},"featured_media":5459,"comment_status":"open","ping_status":"closed","template":"","meta":{"_acf_changed":false},"product_brand":[],"product_cat":[363],"product_tag":[],"class_list":{"0":"post-5279","1":"product","2":"type-product","3":"status-publish","4":"has-post-thumbnail","6":"product_cat-cosmeticos-kallow","7":"pa_package-200-ml","9":"first","10":"instock","11":"purchasable","12":"product-type-simple"},"acf":[],"_links":{"self":[{"href":"https:\/\/www.dxnwellness.eu\/es\/wp-json\/wp\/v2\/product\/5279","targetHints":{"allow":["GET"]}}],"collection":[{"href":"https:\/\/www.dxnwellness.eu\/es\/wp-json\/wp\/v2\/product"}],"about":[{"href":"https:\/\/www.dxnwellness.eu\/es\/wp-json\/wp\/v2\/types\/product"}],"replies":[{"embeddable":true,"href":"https:\/\/www.dxnwellness.eu\/es\/wp-json\/wp\/v2\/comments?post=5279"}],"wp:featuredmedia":[{"embeddable":true,"href":"https:\/\/www.dxnwellness.eu\/es\/wp-json\/wp\/v2\/media\/5459"}],"wp:attachment":[{"href":"https:\/\/www.dxnwellness.eu\/es\/wp-json\/wp\/v2\/media?parent=5279"}],"wp:term":[{"taxonomy":"product_brand","embeddable":true,"href":"https:\/\/www.dxnwellness.eu\/es\/wp-json\/wp\/v2\/product_brand?post=5279"},{"taxonomy":"product_cat","embeddable":true,"href":"https:\/\/www.dxnwellness.eu\/es\/wp-json\/wp\/v2\/product_cat?post=5279"},{"taxonomy":"product_tag","embeddable":true,"href":"https:\/\/www.dxnwellness.eu\/es\/wp-json\/wp\/v2\/product_tag?post=5279"}],"curies":[{"name":"wp","href":"https:\/\/api.w.org\/{rel}","templated":true}]}}