{"id":5271,"date":"2025-05-19T06:46:08","date_gmt":"2025-05-19T06:46:08","guid":{"rendered":"https:\/\/www.dxnwellness.eu\/es\/product\/dxn-chubby-baby-oil\/"},"modified":"2025-05-23T00:32:11","modified_gmt":"2025-05-23T00:32:11","slug":"dxn-chubby-baby-oil","status":"publish","type":"product","link":"https:\/\/www.dxnwellness.eu\/es\/product\/dxn-chubby-baby-oil\/","title":{"rendered":"DXN Chubby Baby Oil"},"content":{"rendered":"<p>Consiente a tu peque\u00f1o con el Aceite para Beb\u00e9s Chubby de DXN, enriquecido con aceite de semilla de girasol y una mezcla de suaves ingredientes bot\u00e1nicos, como extracto de flor de Chrysanthemum indicum, extracto de ra\u00edz de regaliz, extracto de ra\u00edz de Sophora angustifolia y extracto de ra\u00edz de Angelica gigas. Este aceite calmante est\u00e1 especialmente formulado para mantener la hidrataci\u00f3n de la piel, incluso en las zonas de dif\u00edcil acceso. Es suave para la delicada piel de los beb\u00e9s, pero vers\u00e1til para que j\u00f3venes y adultos limpien, desmaquillen o suavicen la piel \u00e1spera en zonas como codos o talones.<br \/>\nConsiente la piel de tu beb\u00e9 con el cuidado nutritivo que se merece con el aceite para beb\u00e9 Chubby de DXN, \u00a1perfecto para pieles sensibles!<\/p>\n","protected":false},"excerpt":{"rendered":"<p>Consiente a tu peque\u00f1o con el Aceite para Beb\u00e9s Chubby de DXN, enriquecido con aceite de semilla de girasol y una mezcla de suaves ingredientes bot\u00e1nicos, como extracto de flor de Chrysanthemum indicum, extracto de ra\u00edz de regaliz, extracto de ra\u00edz de Sophora angustifolia y extracto de ra\u00edz de Angelica gigas. Este aceite calmante est\u00e1 [&hellip;]<\/p>\n","protected":false},"featured_media":5451,"comment_status":"open","ping_status":"closed","template":"","meta":{"_acf_changed":false},"product_brand":[],"product_cat":[355],"product_tag":[],"class_list":{"0":"post-5271","1":"product","2":"type-product","3":"status-publish","4":"has-post-thumbnail","6":"product_cat-cuidado-personal","7":"pa_package-200-ml","9":"first","10":"instock","11":"purchasable","12":"product-type-simple"},"acf":[],"_links":{"self":[{"href":"https:\/\/www.dxnwellness.eu\/es\/wp-json\/wp\/v2\/product\/5271","targetHints":{"allow":["GET"]}}],"collection":[{"href":"https:\/\/www.dxnwellness.eu\/es\/wp-json\/wp\/v2\/product"}],"about":[{"href":"https:\/\/www.dxnwellness.eu\/es\/wp-json\/wp\/v2\/types\/product"}],"replies":[{"embeddable":true,"href":"https:\/\/www.dxnwellness.eu\/es\/wp-json\/wp\/v2\/comments?post=5271"}],"wp:featuredmedia":[{"embeddable":true,"href":"https:\/\/www.dxnwellness.eu\/es\/wp-json\/wp\/v2\/media\/5451"}],"wp:attachment":[{"href":"https:\/\/www.dxnwellness.eu\/es\/wp-json\/wp\/v2\/media?parent=5271"}],"wp:term":[{"taxonomy":"product_brand","embeddable":true,"href":"https:\/\/www.dxnwellness.eu\/es\/wp-json\/wp\/v2\/product_brand?post=5271"},{"taxonomy":"product_cat","embeddable":true,"href":"https:\/\/www.dxnwellness.eu\/es\/wp-json\/wp\/v2\/product_cat?post=5271"},{"taxonomy":"product_tag","embeddable":true,"href":"https:\/\/www.dxnwellness.eu\/es\/wp-json\/wp\/v2\/product_tag?post=5271"}],"curies":[{"name":"wp","href":"https:\/\/api.w.org\/{rel}","templated":true}]}}