{"id":5265,"date":"2025-05-19T06:46:05","date_gmt":"2025-05-19T06:46:05","guid":{"rendered":"https:\/\/www.dxnwellness.eu\/es\/product\/dxn-zhicare-toothpaste\/"},"modified":"2025-05-23T00:32:11","modified_gmt":"2025-05-23T00:32:11","slug":"dxn-zhicare-toothpaste","status":"publish","type":"product","link":"https:\/\/www.dxnwellness.eu\/es\/product\/dxn-zhicare-toothpaste\/","title":{"rendered":"DXN Zhicare Toothpaste"},"content":{"rendered":"<p>Experimente una experiencia de cepillado \u00fanica con la pasta dental DXN Zhicare, elaborada con una mezcla de mentol, stevia, clavo, extracto de Ganoderma, canela, aceite de \u00e1rbol de t\u00e9 y aloe vera. Esta distintiva pasta dental ayuda a limpiar los dientes y refrescar el aliento, a la vez que ofrece una experiencia de cepillado refrescante y sin espuma, con un sabor salado \u00fanico. Dise\u00f1ada para ser suave con las enc\u00edas, proporciona un cuidado bucal diario con un toque natural.<br \/>\n\u00a1Dale a tus dientes el cuidado que merecen con el poder de los ingredientes naturales de la pasta de dientes DXN Zhicare!<\/p>\n","protected":false},"excerpt":{"rendered":"<p>Experimente una experiencia de cepillado \u00fanica con la pasta dental DXN Zhicare, elaborada con una mezcla de mentol, stevia, clavo, extracto de Ganoderma, canela, aceite de \u00e1rbol de t\u00e9 y aloe vera. Esta distintiva pasta dental ayuda a limpiar los dientes y refrescar el aliento, a la vez que ofrece una experiencia de cepillado refrescante [&hellip;]<\/p>\n","protected":false},"featured_media":5448,"comment_status":"open","ping_status":"closed","template":"","meta":{"_acf_changed":false},"product_brand":[],"product_cat":[355],"product_tag":[],"class_list":{"0":"post-5265","1":"product","2":"type-product","3":"status-publish","4":"has-post-thumbnail","6":"product_cat-cuidado-personal","7":"pa_package-100-gramos","9":"first","10":"instock","11":"purchasable","12":"product-type-simple"},"acf":[],"_links":{"self":[{"href":"https:\/\/www.dxnwellness.eu\/es\/wp-json\/wp\/v2\/product\/5265","targetHints":{"allow":["GET"]}}],"collection":[{"href":"https:\/\/www.dxnwellness.eu\/es\/wp-json\/wp\/v2\/product"}],"about":[{"href":"https:\/\/www.dxnwellness.eu\/es\/wp-json\/wp\/v2\/types\/product"}],"replies":[{"embeddable":true,"href":"https:\/\/www.dxnwellness.eu\/es\/wp-json\/wp\/v2\/comments?post=5265"}],"wp:featuredmedia":[{"embeddable":true,"href":"https:\/\/www.dxnwellness.eu\/es\/wp-json\/wp\/v2\/media\/5448"}],"wp:attachment":[{"href":"https:\/\/www.dxnwellness.eu\/es\/wp-json\/wp\/v2\/media?parent=5265"}],"wp:term":[{"taxonomy":"product_brand","embeddable":true,"href":"https:\/\/www.dxnwellness.eu\/es\/wp-json\/wp\/v2\/product_brand?post=5265"},{"taxonomy":"product_cat","embeddable":true,"href":"https:\/\/www.dxnwellness.eu\/es\/wp-json\/wp\/v2\/product_cat?post=5265"},{"taxonomy":"product_tag","embeddable":true,"href":"https:\/\/www.dxnwellness.eu\/es\/wp-json\/wp\/v2\/product_tag?post=5265"}],"curies":[{"name":"wp","href":"https:\/\/api.w.org\/{rel}","templated":true}]}}