{"id":5260,"date":"2025-05-19T06:46:05","date_gmt":"2025-05-19T06:46:05","guid":{"rendered":"https:\/\/www.dxnwellness.eu\/es\/product\/dxn-ganozhi-toothpaste\/"},"modified":"2025-05-23T00:32:12","modified_gmt":"2025-05-23T00:32:12","slug":"dxn-ganozhi-toothpaste","status":"publish","type":"product","link":"https:\/\/www.dxnwellness.eu\/es\/product\/dxn-ganozhi-toothpaste\/","title":{"rendered":"DXN Ganozhi Toothpaste"},"content":{"rendered":"<p>Refresca tu sonrisa con la pasta dental DXN Ganozhi, enriquecida con extracto de hongo Ganoderma lucidum para un cuidado bucal superior. Esta suave pasta dental limpia tus dientes y promueve la salud de tus enc\u00edas, dejando tu boca con una sensaci\u00f3n de frescura. Su f\u00f3rmula \u00fanica, sin colorantes ni sacarina, ofrece un enfoque natural para mantener la higiene bucal.<br \/>\n\u00a1Mantenga su aliento fresco y su sonrisa brillante con el cuidado suave de la pasta de dientes DXN Ganozhi!<\/p>\n","protected":false},"excerpt":{"rendered":"<p>Refresca tu sonrisa con la pasta dental DXN Ganozhi, enriquecida con extracto de hongo Ganoderma lucidum para un cuidado bucal superior. Esta suave pasta dental limpia tus dientes y promueve la salud de tus enc\u00edas, dejando tu boca con una sensaci\u00f3n de frescura. Su f\u00f3rmula \u00fanica, sin colorantes ni sacarina, ofrece un enfoque natural para [&hellip;]<\/p>\n","protected":false},"featured_media":5445,"comment_status":"open","ping_status":"closed","template":"","meta":{"_acf_changed":false},"product_brand":[],"product_cat":[355],"product_tag":[],"class_list":{"0":"post-5260","1":"product","2":"type-product","3":"status-publish","4":"has-post-thumbnail","6":"product_cat-cuidado-personal","7":"pa_package-150-gramos","8":"pa_package-4x40-gramos","10":"first","11":"instock","12":"purchasable","13":"product-type-variable"},"acf":[],"_links":{"self":[{"href":"https:\/\/www.dxnwellness.eu\/es\/wp-json\/wp\/v2\/product\/5260","targetHints":{"allow":["GET"]}}],"collection":[{"href":"https:\/\/www.dxnwellness.eu\/es\/wp-json\/wp\/v2\/product"}],"about":[{"href":"https:\/\/www.dxnwellness.eu\/es\/wp-json\/wp\/v2\/types\/product"}],"replies":[{"embeddable":true,"href":"https:\/\/www.dxnwellness.eu\/es\/wp-json\/wp\/v2\/comments?post=5260"}],"wp:featuredmedia":[{"embeddable":true,"href":"https:\/\/www.dxnwellness.eu\/es\/wp-json\/wp\/v2\/media\/5445"}],"wp:attachment":[{"href":"https:\/\/www.dxnwellness.eu\/es\/wp-json\/wp\/v2\/media?parent=5260"}],"wp:term":[{"taxonomy":"product_brand","embeddable":true,"href":"https:\/\/www.dxnwellness.eu\/es\/wp-json\/wp\/v2\/product_brand?post=5260"},{"taxonomy":"product_cat","embeddable":true,"href":"https:\/\/www.dxnwellness.eu\/es\/wp-json\/wp\/v2\/product_cat?post=5260"},{"taxonomy":"product_tag","embeddable":true,"href":"https:\/\/www.dxnwellness.eu\/es\/wp-json\/wp\/v2\/product_tag?post=5260"}],"curies":[{"name":"wp","href":"https:\/\/api.w.org\/{rel}","templated":true}]}}