{"id":5254,"date":"2025-05-19T06:46:05","date_gmt":"2025-05-19T06:46:05","guid":{"rendered":"https:\/\/www.dxnwellness.eu\/es\/product\/dxn-omega-3\/"},"modified":"2025-05-23T00:32:11","modified_gmt":"2025-05-23T00:32:11","slug":"dxn-omega-3","status":"publish","type":"product","link":"https:\/\/www.dxnwellness.eu\/es\/product\/dxn-omega-3\/","title":{"rendered":"DXN Omega 3"},"content":{"rendered":"<p>Mejora tu bienestar con DXN Omega 3, rico en \u00e1cido eicosapentaenoico (EPA) y \u00e1cido docosahexaenoico (DHA), dos \u00e1cidos grasos insaturados esenciales conocidos por su papel en la salud general. Estos \u00e1cidos grasos omega-3 contribuyen al funcionamiento normal del organismo, incluyendo la salud card\u00edaca y cerebral, y el mantenimiento de niveles saludables de triglic\u00e9ridos.<br \/>\nAproveche el poder del Omega-3 y mejore su salud con DXN Omega 3: \u00a1su impulso natural para la vitalidad!<\/p>\n","protected":false},"excerpt":{"rendered":"<p>Mejora tu bienestar con DXN Omega 3, rico en \u00e1cido eicosapentaenoico (EPA) y \u00e1cido docosahexaenoico (DHA), dos \u00e1cidos grasos insaturados esenciales conocidos por su papel en la salud general. Estos \u00e1cidos grasos omega-3 contribuyen al funcionamiento normal del organismo, incluyendo la salud card\u00edaca y cerebral, y el mantenimiento de niveles saludables de triglic\u00e9ridos. Aproveche el [&hellip;]<\/p>\n","protected":false},"featured_media":5442,"comment_status":"open","ping_status":"closed","template":"","meta":{"_acf_changed":false},"product_brand":[],"product_cat":[342],"product_tag":[],"class_list":{"0":"post-5254","1":"product","2":"type-product","3":"status-publish","4":"has-post-thumbnail","6":"product_cat-complementos-alimenticios","7":"pa_package-90-capsulas","9":"first","10":"instock","11":"purchasable","12":"product-type-simple"},"acf":[],"_links":{"self":[{"href":"https:\/\/www.dxnwellness.eu\/es\/wp-json\/wp\/v2\/product\/5254","targetHints":{"allow":["GET"]}}],"collection":[{"href":"https:\/\/www.dxnwellness.eu\/es\/wp-json\/wp\/v2\/product"}],"about":[{"href":"https:\/\/www.dxnwellness.eu\/es\/wp-json\/wp\/v2\/types\/product"}],"replies":[{"embeddable":true,"href":"https:\/\/www.dxnwellness.eu\/es\/wp-json\/wp\/v2\/comments?post=5254"}],"wp:featuredmedia":[{"embeddable":true,"href":"https:\/\/www.dxnwellness.eu\/es\/wp-json\/wp\/v2\/media\/5442"}],"wp:attachment":[{"href":"https:\/\/www.dxnwellness.eu\/es\/wp-json\/wp\/v2\/media?parent=5254"}],"wp:term":[{"taxonomy":"product_brand","embeddable":true,"href":"https:\/\/www.dxnwellness.eu\/es\/wp-json\/wp\/v2\/product_brand?post=5254"},{"taxonomy":"product_cat","embeddable":true,"href":"https:\/\/www.dxnwellness.eu\/es\/wp-json\/wp\/v2\/product_cat?post=5254"},{"taxonomy":"product_tag","embeddable":true,"href":"https:\/\/www.dxnwellness.eu\/es\/wp-json\/wp\/v2\/product_tag?post=5254"}],"curies":[{"name":"wp","href":"https:\/\/api.w.org\/{rel}","templated":true}]}}