{"id":5252,"date":"2025-05-19T06:46:05","date_gmt":"2025-05-19T06:46:05","guid":{"rendered":"https:\/\/www.dxnwellness.eu\/es\/product\/dxn-myco-veggie-eu\/"},"modified":"2025-05-23T00:32:11","modified_gmt":"2025-05-23T00:32:11","slug":"dxn-myco-veggie-eu","status":"publish","type":"product","link":"https:\/\/www.dxnwellness.eu\/es\/product\/dxn-myco-veggie-eu\/","title":{"rendered":"DXN Myco Veggie EU"},"content":{"rendered":"<p>Experimente los beneficios nutritivos de DXN Myco Veggie EU, una mezcla \u00fanica de vegetales, hongos, t\u00e9 verde, hojas de morera, hojas de ginkgo, frutas, hierbas y especias. Rico en fibra diet\u00e9tica de alta calidad, este suplemento puede servir como sustituto de comidas m\u00e1s ligeras, especialmente si sigue una dieta. Es una excelente manera de promover el bienestar general, a la vez que aporta vitaminas y fibra esenciales. Para obtener mejores resultados, aseg\u00farese de aumentar su consumo de agua al usar Myco Veggie EU.<br \/>\n\u00a1Saborea el poder de los ingredientes naturales con DXN Myco Veggie EU, tu compa\u00f1ero perfecto para una dieta sana y equilibrada!<\/p>\n","protected":false},"excerpt":{"rendered":"<p>Experimente los beneficios nutritivos de DXN Myco Veggie EU, una mezcla \u00fanica de vegetales, hongos, t\u00e9 verde, hojas de morera, hojas de ginkgo, frutas, hierbas y especias. Rico en fibra diet\u00e9tica de alta calidad, este suplemento puede servir como sustituto de comidas m\u00e1s ligeras, especialmente si sigue una dieta. Es una excelente manera de promover [&hellip;]<\/p>\n","protected":false},"featured_media":5441,"comment_status":"open","ping_status":"closed","template":"","meta":{"_acf_changed":false},"product_brand":[],"product_cat":[342],"product_tag":[],"class_list":{"0":"post-5252","1":"product","2":"type-product","3":"status-publish","4":"has-post-thumbnail","6":"product_cat-complementos-alimenticios","7":"pa_package-400-gramos","9":"first","10":"instock","11":"purchasable","12":"product-type-simple"},"acf":[],"_links":{"self":[{"href":"https:\/\/www.dxnwellness.eu\/es\/wp-json\/wp\/v2\/product\/5252","targetHints":{"allow":["GET"]}}],"collection":[{"href":"https:\/\/www.dxnwellness.eu\/es\/wp-json\/wp\/v2\/product"}],"about":[{"href":"https:\/\/www.dxnwellness.eu\/es\/wp-json\/wp\/v2\/types\/product"}],"replies":[{"embeddable":true,"href":"https:\/\/www.dxnwellness.eu\/es\/wp-json\/wp\/v2\/comments?post=5252"}],"wp:featuredmedia":[{"embeddable":true,"href":"https:\/\/www.dxnwellness.eu\/es\/wp-json\/wp\/v2\/media\/5441"}],"wp:attachment":[{"href":"https:\/\/www.dxnwellness.eu\/es\/wp-json\/wp\/v2\/media?parent=5252"}],"wp:term":[{"taxonomy":"product_brand","embeddable":true,"href":"https:\/\/www.dxnwellness.eu\/es\/wp-json\/wp\/v2\/product_brand?post=5252"},{"taxonomy":"product_cat","embeddable":true,"href":"https:\/\/www.dxnwellness.eu\/es\/wp-json\/wp\/v2\/product_cat?post=5252"},{"taxonomy":"product_tag","embeddable":true,"href":"https:\/\/www.dxnwellness.eu\/es\/wp-json\/wp\/v2\/product_tag?post=5252"}],"curies":[{"name":"wp","href":"https:\/\/api.w.org\/{rel}","templated":true}]}}