{"id":5244,"date":"2025-05-19T06:46:05","date_gmt":"2025-05-19T06:46:05","guid":{"rendered":"https:\/\/www.dxnwellness.eu\/es\/product\/dxn-roselle-tablets\/"},"modified":"2025-11-06T14:19:28","modified_gmt":"2025-11-06T14:19:28","slug":"dxn-roselle-tablets","status":"publish","type":"product","link":"https:\/\/www.dxnwellness.eu\/es\/product\/dxn-roselle-tablets\/","title":{"rendered":"DXN Roselle Tablets"},"content":{"rendered":"<p>Rejuvenezca su cuerpo con las Tabletas DXN Roselle, elaboradas con extracto de la planta de Hibisco (Hibiscus sabdariffa). Favorecen la salud gastrointestinal. Favorecen la digesti\u00f3n. Mantienen la funci\u00f3n intestinal. Favorecen un mejor funcionamiento intestinal y una evacuaci\u00f3n intestinal regular. Ayudan a mantener un bienestar digestivo \u00f3ptimo. Contribuyen al bienestar f\u00edsico.<br \/>\n\u00a1Mejore su bienestar general con las tabletas DXN Roselle!<\/p>\n","protected":false},"excerpt":{"rendered":"<p>Rejuvenezca su cuerpo con las Tabletas DXN Roselle, elaboradas con extracto de la planta de Hibisco (Hibiscus sabdariffa). Favorecen la salud gastrointestinal. Favorecen la digesti\u00f3n. Mantienen la funci\u00f3n intestinal. Favorecen un mejor funcionamiento intestinal y una evacuaci\u00f3n intestinal regular. Ayudan a mantener un bienestar digestivo \u00f3ptimo. Contribuyen al bienestar f\u00edsico. \u00a1Mejore su bienestar general con [&hellip;]<\/p>\n","protected":false},"featured_media":5436,"comment_status":"open","ping_status":"closed","template":"","meta":{"_acf_changed":false},"product_brand":[],"product_cat":[342],"product_tag":[],"class_list":{"0":"post-5244","1":"product","2":"type-product","3":"status-publish","4":"has-post-thumbnail","6":"product_cat-complementos-alimenticios","7":"pa_package-120-tabletas","9":"first","10":"instock","11":"purchasable","12":"product-type-simple"},"acf":[],"_links":{"self":[{"href":"https:\/\/www.dxnwellness.eu\/es\/wp-json\/wp\/v2\/product\/5244","targetHints":{"allow":["GET"]}}],"collection":[{"href":"https:\/\/www.dxnwellness.eu\/es\/wp-json\/wp\/v2\/product"}],"about":[{"href":"https:\/\/www.dxnwellness.eu\/es\/wp-json\/wp\/v2\/types\/product"}],"replies":[{"embeddable":true,"href":"https:\/\/www.dxnwellness.eu\/es\/wp-json\/wp\/v2\/comments?post=5244"}],"wp:featuredmedia":[{"embeddable":true,"href":"https:\/\/www.dxnwellness.eu\/es\/wp-json\/wp\/v2\/media\/5436"}],"wp:attachment":[{"href":"https:\/\/www.dxnwellness.eu\/es\/wp-json\/wp\/v2\/media?parent=5244"}],"wp:term":[{"taxonomy":"product_brand","embeddable":true,"href":"https:\/\/www.dxnwellness.eu\/es\/wp-json\/wp\/v2\/product_brand?post=5244"},{"taxonomy":"product_cat","embeddable":true,"href":"https:\/\/www.dxnwellness.eu\/es\/wp-json\/wp\/v2\/product_cat?post=5244"},{"taxonomy":"product_tag","embeddable":true,"href":"https:\/\/www.dxnwellness.eu\/es\/wp-json\/wp\/v2\/product_tag?post=5244"}],"curies":[{"name":"wp","href":"https:\/\/api.w.org\/{rel}","templated":true}]}}