{"id":5238,"date":"2025-05-19T06:46:05","date_gmt":"2025-05-19T06:46:05","guid":{"rendered":"https:\/\/www.dxnwellness.eu\/es\/product\/dxn-andro-g\/"},"modified":"2025-05-23T00:32:12","modified_gmt":"2025-05-23T00:32:12","slug":"dxn-andro-g","status":"publish","type":"product","link":"https:\/\/www.dxnwellness.eu\/es\/product\/dxn-andro-g\/","title":{"rendered":"DXN Andro-G"},"content":{"rendered":"<p>Descubra el poder de DXN Andro-G, elaborado a partir de la planta Andrographis paniculata, tambi\u00e9n conocida como el &#8220;Rey de los Amargos&#8221; por su sabor \u00fanico. Este potente suplemento herbal se ha utilizado tradicionalmente para favorecer el bienestar de las v\u00edas respiratorias superiores, mantener una temperatura corporal normal, aliviar la garganta, promover una respuesta inflamatoria equilibrada y facilitar la digesti\u00f3n.<br \/>\n\u00a1Deje que el &#8220;Rey de los Amargos&#8221; herbal apoye su bienestar natural y le ayude a sentirse lo mejor posible!<\/p>\n","protected":false},"excerpt":{"rendered":"<p>Descubra el poder de DXN Andro-G, elaborado a partir de la planta Andrographis paniculata, tambi\u00e9n conocida como el &#8220;Rey de los Amargos&#8221; por su sabor \u00fanico. Este potente suplemento herbal se ha utilizado tradicionalmente para favorecer el bienestar de las v\u00edas respiratorias superiores, mantener una temperatura corporal normal, aliviar la garganta, promover una respuesta inflamatoria [&hellip;]<\/p>\n","protected":false},"featured_media":5432,"comment_status":"open","ping_status":"closed","template":"","meta":{"_acf_changed":false},"product_brand":[],"product_cat":[342],"product_tag":[],"class_list":{"0":"post-5238","1":"product","2":"type-product","3":"status-publish","4":"has-post-thumbnail","6":"product_cat-complementos-alimenticios","7":"pa_package-30-capsulas","8":"pa_package-90-capsulas","10":"first","11":"instock","12":"purchasable","13":"product-type-variable"},"acf":[],"_links":{"self":[{"href":"https:\/\/www.dxnwellness.eu\/es\/wp-json\/wp\/v2\/product\/5238","targetHints":{"allow":["GET"]}}],"collection":[{"href":"https:\/\/www.dxnwellness.eu\/es\/wp-json\/wp\/v2\/product"}],"about":[{"href":"https:\/\/www.dxnwellness.eu\/es\/wp-json\/wp\/v2\/types\/product"}],"replies":[{"embeddable":true,"href":"https:\/\/www.dxnwellness.eu\/es\/wp-json\/wp\/v2\/comments?post=5238"}],"wp:featuredmedia":[{"embeddable":true,"href":"https:\/\/www.dxnwellness.eu\/es\/wp-json\/wp\/v2\/media\/5432"}],"wp:attachment":[{"href":"https:\/\/www.dxnwellness.eu\/es\/wp-json\/wp\/v2\/media?parent=5238"}],"wp:term":[{"taxonomy":"product_brand","embeddable":true,"href":"https:\/\/www.dxnwellness.eu\/es\/wp-json\/wp\/v2\/product_brand?post=5238"},{"taxonomy":"product_cat","embeddable":true,"href":"https:\/\/www.dxnwellness.eu\/es\/wp-json\/wp\/v2\/product_cat?post=5238"},{"taxonomy":"product_tag","embeddable":true,"href":"https:\/\/www.dxnwellness.eu\/es\/wp-json\/wp\/v2\/product_tag?post=5238"}],"curies":[{"name":"wp","href":"https:\/\/api.w.org\/{rel}","templated":true}]}}