{"id":5236,"date":"2025-05-19T06:46:05","date_gmt":"2025-05-19T06:46:05","guid":{"rendered":"https:\/\/www.dxnwellness.eu\/es\/product\/dxn-lions-mane\/"},"modified":"2025-05-23T00:32:10","modified_gmt":"2025-05-23T00:32:10","slug":"dxn-lions-mane","status":"publish","type":"product","link":"https:\/\/www.dxnwellness.eu\/es\/product\/dxn-lions-mane\/","title":{"rendered":"DXN Lion\u2019s Mane"},"content":{"rendered":"<p>Libera tu potencial con Melena de Le\u00f3n de DXN, elaborado a partir del poderoso hongo Melena de Le\u00f3n (Hericium erinaceus). Rico en fibra y prote\u00edna, este suplemento natural ofrece una variedad de beneficios para tu bienestar. Melena de Le\u00f3n es una excelente adici\u00f3n a tu rutina diaria.<br \/>\nLa melena de le\u00f3n es una excelente incorporaci\u00f3n a su rutina diaria y ayuda a favorecer la funci\u00f3n cognitiva, la salud digestiva y la vitalidad general.<\/p>\n","protected":false},"excerpt":{"rendered":"<p>Libera tu potencial con Melena de Le\u00f3n de DXN, elaborado a partir del poderoso hongo Melena de Le\u00f3n (Hericium erinaceus). Rico en fibra y prote\u00edna, este suplemento natural ofrece una variedad de beneficios para tu bienestar. Melena de Le\u00f3n es una excelente adici\u00f3n a tu rutina diaria. La melena de le\u00f3n es una excelente incorporaci\u00f3n [&hellip;]<\/p>\n","protected":false},"featured_media":5431,"comment_status":"open","ping_status":"closed","template":"","meta":{"_acf_changed":false},"product_brand":[],"product_cat":[342],"product_tag":[],"class_list":{"0":"post-5236","1":"product","2":"type-product","3":"status-publish","4":"has-post-thumbnail","6":"product_cat-complementos-alimenticios","7":"pa_package-120-tabletas","9":"first","10":"instock","11":"purchasable","12":"product-type-simple"},"acf":[],"_links":{"self":[{"href":"https:\/\/www.dxnwellness.eu\/es\/wp-json\/wp\/v2\/product\/5236","targetHints":{"allow":["GET"]}}],"collection":[{"href":"https:\/\/www.dxnwellness.eu\/es\/wp-json\/wp\/v2\/product"}],"about":[{"href":"https:\/\/www.dxnwellness.eu\/es\/wp-json\/wp\/v2\/types\/product"}],"replies":[{"embeddable":true,"href":"https:\/\/www.dxnwellness.eu\/es\/wp-json\/wp\/v2\/comments?post=5236"}],"wp:featuredmedia":[{"embeddable":true,"href":"https:\/\/www.dxnwellness.eu\/es\/wp-json\/wp\/v2\/media\/5431"}],"wp:attachment":[{"href":"https:\/\/www.dxnwellness.eu\/es\/wp-json\/wp\/v2\/media?parent=5236"}],"wp:term":[{"taxonomy":"product_brand","embeddable":true,"href":"https:\/\/www.dxnwellness.eu\/es\/wp-json\/wp\/v2\/product_brand?post=5236"},{"taxonomy":"product_cat","embeddable":true,"href":"https:\/\/www.dxnwellness.eu\/es\/wp-json\/wp\/v2\/product_cat?post=5236"},{"taxonomy":"product_tag","embeddable":true,"href":"https:\/\/www.dxnwellness.eu\/es\/wp-json\/wp\/v2\/product_tag?post=5236"}],"curies":[{"name":"wp","href":"https:\/\/api.w.org\/{rel}","templated":true}]}}