{"id":5230,"date":"2025-05-19T06:46:01","date_gmt":"2025-05-19T06:46:01","guid":{"rendered":"https:\/\/www.dxnwellness.eu\/es\/product\/dxn-spirulina\/"},"modified":"2025-05-23T00:32:12","modified_gmt":"2025-05-23T00:32:12","slug":"dxn-spirulina","status":"publish","type":"product","link":"https:\/\/www.dxnwellness.eu\/es\/product\/dxn-spirulina\/","title":{"rendered":"DXN Spirulina"},"content":{"rendered":"<p>Aprovecha el poder natural de la Spirulina platensis, un alga verdeazulada repleta de nutrientes esenciales para favorecer el funcionamiento general de tu cuerpo. La Spirulina de DXN no contiene qu\u00edmicos, colorantes, conservantes ni ingredientes artificiales ni sint\u00e9ticos, lo que garantiza una fuente de nutrici\u00f3n pura y natural. Alto contenido proteico. Ayuda a mantener niveles normales de az\u00facar, ayuda con la fatiga, refuerza el sistema inmunitario y la vitalidad del cuerpo. La espirulina te ayuda a sentirte con m\u00e1s energ\u00eda y puede ser \u00fatil en dietas para bajar de peso. Previene la descomposici\u00f3n del almid\u00f3n. El almid\u00f3n irrompible pasa a trav\u00e9s del tracto intestinal, promoviendo as\u00ed la funci\u00f3n intestinal. Se recomienda durante una dieta para bajar de peso para ayudar a mantener la masa muscular. La espirulina es un superalimento que refuerza el sistema de defensa del cuerpo, aumenta los niveles de energ\u00eda, mejora la actividad f\u00edsica y promueve una mayor sensaci\u00f3n de bienestar.<br \/>\n\u00a1Sienta la diferencia con cada porci\u00f3n repleta de nutrientes de este extraordinario superalimento!<\/p>\n","protected":false},"excerpt":{"rendered":"<p>Aprovecha el poder natural de la Spirulina platensis, un alga verdeazulada repleta de nutrientes esenciales para favorecer el funcionamiento general de tu cuerpo. La Spirulina de DXN no contiene qu\u00edmicos, colorantes, conservantes ni ingredientes artificiales ni sint\u00e9ticos, lo que garantiza una fuente de nutrici\u00f3n pura y natural. Alto contenido proteico. Ayuda a mantener niveles normales [&hellip;]<\/p>\n","protected":false},"featured_media":5427,"comment_status":"open","ping_status":"closed","template":"","meta":{"_acf_changed":false},"product_brand":[],"product_cat":[342],"product_tag":[],"class_list":{"0":"post-5230","1":"product","2":"type-product","3":"status-publish","4":"has-post-thumbnail","6":"product_cat-complementos-alimenticios","7":"pa_package-120-tabletas","8":"pa_package-50-gramos","9":"pa_package-500-tabletas","11":"first","12":"instock","13":"purchasable","14":"product-type-variable"},"acf":[],"_links":{"self":[{"href":"https:\/\/www.dxnwellness.eu\/es\/wp-json\/wp\/v2\/product\/5230","targetHints":{"allow":["GET"]}}],"collection":[{"href":"https:\/\/www.dxnwellness.eu\/es\/wp-json\/wp\/v2\/product"}],"about":[{"href":"https:\/\/www.dxnwellness.eu\/es\/wp-json\/wp\/v2\/types\/product"}],"replies":[{"embeddable":true,"href":"https:\/\/www.dxnwellness.eu\/es\/wp-json\/wp\/v2\/comments?post=5230"}],"wp:featuredmedia":[{"embeddable":true,"href":"https:\/\/www.dxnwellness.eu\/es\/wp-json\/wp\/v2\/media\/5427"}],"wp:attachment":[{"href":"https:\/\/www.dxnwellness.eu\/es\/wp-json\/wp\/v2\/media?parent=5230"}],"wp:term":[{"taxonomy":"product_brand","embeddable":true,"href":"https:\/\/www.dxnwellness.eu\/es\/wp-json\/wp\/v2\/product_brand?post=5230"},{"taxonomy":"product_cat","embeddable":true,"href":"https:\/\/www.dxnwellness.eu\/es\/wp-json\/wp\/v2\/product_cat?post=5230"},{"taxonomy":"product_tag","embeddable":true,"href":"https:\/\/www.dxnwellness.eu\/es\/wp-json\/wp\/v2\/product_tag?post=5230"}],"curies":[{"name":"wp","href":"https:\/\/api.w.org\/{rel}","templated":true}]}}