{"id":5224,"date":"2025-05-19T06:46:01","date_gmt":"2025-05-19T06:46:01","guid":{"rendered":"https:\/\/www.dxnwellness.eu\/es\/product\/dxn-reishi-mushroom-powder\/"},"modified":"2025-05-23T00:32:12","modified_gmt":"2025-05-23T00:32:12","slug":"dxn-reishi-mushroom-powder","status":"publish","type":"product","link":"https:\/\/www.dxnwellness.eu\/es\/product\/dxn-reishi-mushroom-powder\/","title":{"rendered":"DXN Reishi Mushroom Powder"},"content":{"rendered":"<p>Libera todo el potencial del Ganoderma lucidum con el polvo de hongo Reishi de DXN, una potente mezcla de polvos RG y GL. Este suplemento natural combina las bondades de ambos para proporcionar nutrientes esenciales que contribuyen a tu bienestar y vitalidad general, convirti\u00e9ndolo en una excelente adici\u00f3n a tu rutina diaria.<br \/>\n\u00a1Si\u00e9ntete rejuvenecido y lleno de energ\u00eda con la combinaci\u00f3n \u00fanica de polvo de hongo Reishi en tu viaje diario de bienestar!<\/p>\n","protected":false},"excerpt":{"rendered":"<p>Libera todo el potencial del Ganoderma lucidum con el polvo de hongo Reishi de DXN, una potente mezcla de polvos RG y GL. Este suplemento natural combina las bondades de ambos para proporcionar nutrientes esenciales que contribuyen a tu bienestar y vitalidad general, convirti\u00e9ndolo en una excelente adici\u00f3n a tu rutina diaria. \u00a1Si\u00e9ntete rejuvenecido y [&hellip;]<\/p>\n","protected":false},"featured_media":5423,"comment_status":"open","ping_status":"closed","template":"","meta":{"_acf_changed":false},"product_brand":[],"product_cat":[342],"product_tag":[],"class_list":{"0":"post-5224","1":"product","2":"type-product","3":"status-publish","4":"has-post-thumbnail","6":"product_cat-complementos-alimenticios","7":"pa_package-22-gramos","8":"pa_package-70-gramos","10":"first","11":"instock","12":"purchasable","13":"product-type-variable"},"acf":[],"_links":{"self":[{"href":"https:\/\/www.dxnwellness.eu\/es\/wp-json\/wp\/v2\/product\/5224","targetHints":{"allow":["GET"]}}],"collection":[{"href":"https:\/\/www.dxnwellness.eu\/es\/wp-json\/wp\/v2\/product"}],"about":[{"href":"https:\/\/www.dxnwellness.eu\/es\/wp-json\/wp\/v2\/types\/product"}],"replies":[{"embeddable":true,"href":"https:\/\/www.dxnwellness.eu\/es\/wp-json\/wp\/v2\/comments?post=5224"}],"wp:featuredmedia":[{"embeddable":true,"href":"https:\/\/www.dxnwellness.eu\/es\/wp-json\/wp\/v2\/media\/5423"}],"wp:attachment":[{"href":"https:\/\/www.dxnwellness.eu\/es\/wp-json\/wp\/v2\/media?parent=5224"}],"wp:term":[{"taxonomy":"product_brand","embeddable":true,"href":"https:\/\/www.dxnwellness.eu\/es\/wp-json\/wp\/v2\/product_brand?post=5224"},{"taxonomy":"product_cat","embeddable":true,"href":"https:\/\/www.dxnwellness.eu\/es\/wp-json\/wp\/v2\/product_cat?post=5224"},{"taxonomy":"product_tag","embeddable":true,"href":"https:\/\/www.dxnwellness.eu\/es\/wp-json\/wp\/v2\/product_tag?post=5224"}],"curies":[{"name":"wp","href":"https:\/\/api.w.org\/{rel}","templated":true}]}}