{"id":5214,"date":"2025-05-19T06:46:01","date_gmt":"2025-05-19T06:46:01","guid":{"rendered":"https:\/\/www.dxnwellness.eu\/es\/product\/dxn-reishi-gano-rg\/"},"modified":"2025-05-23T00:32:12","modified_gmt":"2025-05-23T00:32:12","slug":"dxn-reishi-gano-rg","status":"publish","type":"product","link":"https:\/\/www.dxnwellness.eu\/es\/product\/dxn-reishi-gano-rg\/","title":{"rendered":"DXN Reishi Gano (RG)"},"content":{"rendered":"<p>Descubre el poder de DXN Reishi Gano (RG), un suplemento alimenticio premium elaborado con hongos Ganoderma lucidum de 90 d\u00edas. Reconocido durante siglos, este ingrediente natural complementa a la perfecci\u00f3n tu rutina diaria, ayud\u00e1ndote a mantener un bienestar general y a promover la desintoxicaci\u00f3n natural. Incorpora DXN Reishi Gano a tu rutina diaria y experimenta un enfoque natural para promover el bienestar y la vitalidad.<br \/>\nIncorpore DXN Reishi Gano a su r\u00e9gimen diario y experimente un enfoque natural para promover el bienestar y la vitalidad.<\/p>\n","protected":false},"excerpt":{"rendered":"<p>Descubre el poder de DXN Reishi Gano (RG), un suplemento alimenticio premium elaborado con hongos Ganoderma lucidum de 90 d\u00edas. Reconocido durante siglos, este ingrediente natural complementa a la perfecci\u00f3n tu rutina diaria, ayud\u00e1ndote a mantener un bienestar general y a promover la desintoxicaci\u00f3n natural. Incorpora DXN Reishi Gano a tu rutina diaria y experimenta [&hellip;]<\/p>\n","protected":false},"featured_media":5493,"comment_status":"open","ping_status":"closed","template":"","meta":{"_acf_changed":false},"product_brand":[],"product_cat":[342],"product_tag":[],"class_list":{"0":"post-5214","1":"product","2":"type-product","3":"status-publish","4":"has-post-thumbnail","6":"product_cat-complementos-alimenticios","7":"pa_package-15-gramos","8":"pa_package-30-capsulas","9":"pa_package-360-capsulas","10":"pa_package-90-capsulas","12":"first","13":"instock","14":"purchasable","15":"product-type-variable"},"acf":[],"_links":{"self":[{"href":"https:\/\/www.dxnwellness.eu\/es\/wp-json\/wp\/v2\/product\/5214","targetHints":{"allow":["GET"]}}],"collection":[{"href":"https:\/\/www.dxnwellness.eu\/es\/wp-json\/wp\/v2\/product"}],"about":[{"href":"https:\/\/www.dxnwellness.eu\/es\/wp-json\/wp\/v2\/types\/product"}],"replies":[{"embeddable":true,"href":"https:\/\/www.dxnwellness.eu\/es\/wp-json\/wp\/v2\/comments?post=5214"}],"wp:featuredmedia":[{"embeddable":true,"href":"https:\/\/www.dxnwellness.eu\/es\/wp-json\/wp\/v2\/media\/5493"}],"wp:attachment":[{"href":"https:\/\/www.dxnwellness.eu\/es\/wp-json\/wp\/v2\/media?parent=5214"}],"wp:term":[{"taxonomy":"product_brand","embeddable":true,"href":"https:\/\/www.dxnwellness.eu\/es\/wp-json\/wp\/v2\/product_brand?post=5214"},{"taxonomy":"product_cat","embeddable":true,"href":"https:\/\/www.dxnwellness.eu\/es\/wp-json\/wp\/v2\/product_cat?post=5214"},{"taxonomy":"product_tag","embeddable":true,"href":"https:\/\/www.dxnwellness.eu\/es\/wp-json\/wp\/v2\/product_tag?post=5214"}],"curies":[{"name":"wp","href":"https:\/\/api.w.org\/{rel}","templated":true}]}}