{"id":5210,"date":"2025-05-19T06:46:01","date_gmt":"2025-05-19T06:46:01","guid":{"rendered":"https:\/\/www.dxnwellness.eu\/es\/product\/dxn-sugar\/"},"modified":"2025-05-23T00:32:10","modified_gmt":"2025-05-23T00:32:10","slug":"dxn-sugar","status":"publish","type":"product","link":"https:\/\/www.dxnwellness.eu\/es\/product\/dxn-sugar\/","title":{"rendered":"DXN Sugar"},"content":{"rendered":"<p>El Az\u00facar DXN es un az\u00facar de primera calidad procedente de plantaciones de ca\u00f1a de az\u00facar cuidadosamente seleccionadas. Conocido por su pureza y dulzor natural, es el complemento perfecto para tus bebidas, productos horneados y m\u00e1s. Con el Az\u00facar DXN, puedes disfrutar del rico y aut\u00e9ntico sabor del az\u00facar sin sacrificar la calidad. \u00a1La opci\u00f3n pura y natural para darle dulzura a tu vida!<br \/>\nProcedente de ca\u00f1a de az\u00facar premium: Seleccionada cuidadosamente por su calidad, garantiza que cada gr\u00e1nulo ofrezca el mejor sabor y dulzor. Puro y natural: Sin aditivos artificiales, aportando una dulzura pura y saludable a tus comidas y bebidas favoritas. Vers\u00e1til y pr\u00e1ctico: Perfecto para endulzar bebidas fr\u00edas y calientes, postres y productos horneados.<\/p>\n","protected":false},"excerpt":{"rendered":"<p>El Az\u00facar DXN es un az\u00facar de primera calidad procedente de plantaciones de ca\u00f1a de az\u00facar cuidadosamente seleccionadas. Conocido por su pureza y dulzor natural, es el complemento perfecto para tus bebidas, productos horneados y m\u00e1s. Con el Az\u00facar DXN, puedes disfrutar del rico y aut\u00e9ntico sabor del az\u00facar sin sacrificar la calidad. \u00a1La opci\u00f3n [&hellip;]<\/p>\n","protected":false},"featured_media":5417,"comment_status":"open","ping_status":"closed","template":"","meta":{"_acf_changed":false},"product_brand":[],"product_cat":[330],"product_tag":[],"class_list":{"0":"post-5210","1":"product","2":"type-product","3":"status-publish","4":"has-post-thumbnail","6":"product_cat-alimentos","7":"pa_package-30-x-5-g","9":"first","10":"instock","11":"purchasable","12":"product-type-simple"},"acf":[],"_links":{"self":[{"href":"https:\/\/www.dxnwellness.eu\/es\/wp-json\/wp\/v2\/product\/5210","targetHints":{"allow":["GET"]}}],"collection":[{"href":"https:\/\/www.dxnwellness.eu\/es\/wp-json\/wp\/v2\/product"}],"about":[{"href":"https:\/\/www.dxnwellness.eu\/es\/wp-json\/wp\/v2\/types\/product"}],"replies":[{"embeddable":true,"href":"https:\/\/www.dxnwellness.eu\/es\/wp-json\/wp\/v2\/comments?post=5210"}],"wp:featuredmedia":[{"embeddable":true,"href":"https:\/\/www.dxnwellness.eu\/es\/wp-json\/wp\/v2\/media\/5417"}],"wp:attachment":[{"href":"https:\/\/www.dxnwellness.eu\/es\/wp-json\/wp\/v2\/media?parent=5210"}],"wp:term":[{"taxonomy":"product_brand","embeddable":true,"href":"https:\/\/www.dxnwellness.eu\/es\/wp-json\/wp\/v2\/product_brand?post=5210"},{"taxonomy":"product_cat","embeddable":true,"href":"https:\/\/www.dxnwellness.eu\/es\/wp-json\/wp\/v2\/product_cat?post=5210"},{"taxonomy":"product_tag","embeddable":true,"href":"https:\/\/www.dxnwellness.eu\/es\/wp-json\/wp\/v2\/product_tag?post=5210"}],"curies":[{"name":"wp","href":"https:\/\/api.w.org\/{rel}","templated":true}]}}