{"id":5203,"date":"2025-05-19T06:45:58","date_gmt":"2025-05-19T06:45:58","guid":{"rendered":"https:\/\/www.dxnwellness.eu\/es\/product\/dxn-oocha-noodle\/"},"modified":"2025-05-23T00:32:12","modified_gmt":"2025-05-23T00:32:12","slug":"dxn-oocha-noodle","status":"publish","type":"product","link":"https:\/\/www.dxnwellness.eu\/es\/product\/dxn-oocha-noodle\/","title":{"rendered":"DXN Oocha Noodle"},"content":{"rendered":"<p>Los fideos Oocha DXN son una opci\u00f3n deliciosa y \u00fanica, hechos con fideos de trigo infusionados con polvo de t\u00e9 Oolong, que ofrecen un sabor exquisito. Disponibles en sabor natural o Tom Yam, estos fideos le dan un toque saludable a tus comidas con los beneficios del t\u00e9 Oolong. Los fideos Oocha DXN se secan al aire (no se fr\u00eden en aceite) y no contienen colorantes artificiales, lo que los convierte en una opci\u00f3n saludable para tu dieta.<br \/>\nInfusi\u00f3n de T\u00e9 Oolong: Un equilibrio perfecto de polvo de t\u00e9 Oolong parcialmente fermentado, que proporciona un sabor \u00fanico y los beneficios del t\u00e9. Saludable y Natural: Elaborado sin colorantes artificiales y secado al aire, una alternativa m\u00e1s saludable a los fideos fritos. R\u00e1pido y Vers\u00e1til: F\u00e1cil de preparar, perfecto para una comida r\u00e1pida y se puede disfrutar de muchas maneras diferentes para adaptarse a su creatividad culinaria.<\/p>\n","protected":false},"excerpt":{"rendered":"<p>Los fideos Oocha DXN son una opci\u00f3n deliciosa y \u00fanica, hechos con fideos de trigo infusionados con polvo de t\u00e9 Oolong, que ofrecen un sabor exquisito. Disponibles en sabor natural o Tom Yam, estos fideos le dan un toque saludable a tus comidas con los beneficios del t\u00e9 Oolong. Los fideos Oocha DXN se secan [&hellip;]<\/p>\n","protected":false},"featured_media":5413,"comment_status":"open","ping_status":"closed","template":"","meta":{"_acf_changed":false},"product_brand":[],"product_cat":[330],"product_tag":[],"class_list":{"0":"post-5203","1":"product","2":"type-product","3":"status-publish","4":"has-post-thumbnail","6":"product_cat-alimentos","7":"pa_package-4-x-75-gramos","8":"pa_package-4x85-gramos","10":"first","11":"instock","12":"purchasable","13":"product-type-variable"},"acf":[],"_links":{"self":[{"href":"https:\/\/www.dxnwellness.eu\/es\/wp-json\/wp\/v2\/product\/5203","targetHints":{"allow":["GET"]}}],"collection":[{"href":"https:\/\/www.dxnwellness.eu\/es\/wp-json\/wp\/v2\/product"}],"about":[{"href":"https:\/\/www.dxnwellness.eu\/es\/wp-json\/wp\/v2\/types\/product"}],"replies":[{"embeddable":true,"href":"https:\/\/www.dxnwellness.eu\/es\/wp-json\/wp\/v2\/comments?post=5203"}],"wp:featuredmedia":[{"embeddable":true,"href":"https:\/\/www.dxnwellness.eu\/es\/wp-json\/wp\/v2\/media\/5413"}],"wp:attachment":[{"href":"https:\/\/www.dxnwellness.eu\/es\/wp-json\/wp\/v2\/media?parent=5203"}],"wp:term":[{"taxonomy":"product_brand","embeddable":true,"href":"https:\/\/www.dxnwellness.eu\/es\/wp-json\/wp\/v2\/product_brand?post=5203"},{"taxonomy":"product_cat","embeddable":true,"href":"https:\/\/www.dxnwellness.eu\/es\/wp-json\/wp\/v2\/product_cat?post=5203"},{"taxonomy":"product_tag","embeddable":true,"href":"https:\/\/www.dxnwellness.eu\/es\/wp-json\/wp\/v2\/product_tag?post=5203"}],"curies":[{"name":"wp","href":"https:\/\/api.w.org\/{rel}","templated":true}]}}