{"id":5200,"date":"2025-05-19T06:45:58","date_gmt":"2025-05-19T06:45:58","guid":{"rendered":"https:\/\/www.dxnwellness.eu\/es\/product\/dxn-spirudle\/"},"modified":"2025-05-23T00:32:12","modified_gmt":"2025-05-23T00:32:12","slug":"dxn-spirudle","status":"publish","type":"product","link":"https:\/\/www.dxnwellness.eu\/es\/product\/dxn-spirudle\/","title":{"rendered":"DXN Spirudle"},"content":{"rendered":"<p>DXN Spirudle ofrece una opci\u00f3n de fideos deliciosa y nutritiva hecha con fideos de trigo mezclados con espirulina en polvo, un superalimento poderoso. Disponibles en dos emocionantes variedades: simple y sabor Tom Yam, estos fideos son f\u00e1ciles de preparar y constituyen una comida r\u00e1pida y saludable. DXN Spirudle se seca al aire, no se fr\u00ede en aceite, y no contiene colorantes artificiales, lo que garantiza una opci\u00f3n m\u00e1s saludable y completa. DXN Spirudle: \u00a1Una opci\u00f3n r\u00e1pida, saludable y deliciosa con el poder de la espirulina, disponible en dos emocionantes sabores para todos los gustos!<br \/>\nCon espirulina: Elaborado con espirulina en polvo, un superalimento rico en nutrientes y rico en minerales. Ingredientes naturales: Sin colorantes ni conservantes artificiales, lo que ofrece una opci\u00f3n de alimento puro y limpio. R\u00e1pido y pr\u00e1ctico: F\u00e1cil de preparar para una comida r\u00e1pida y saludable en cualquier momento. Secado al aire: M\u00e1s saludable que los fideos fritos, conservando todos sus beneficios naturales sin exceso de aceite.<\/p>\n","protected":false},"excerpt":{"rendered":"<p>DXN Spirudle ofrece una opci\u00f3n de fideos deliciosa y nutritiva hecha con fideos de trigo mezclados con espirulina en polvo, un superalimento poderoso. Disponibles en dos emocionantes variedades: simple y sabor Tom Yam, estos fideos son f\u00e1ciles de preparar y constituyen una comida r\u00e1pida y saludable. DXN Spirudle se seca al aire, no se fr\u00ede [&hellip;]<\/p>\n","protected":false},"featured_media":5411,"comment_status":"open","ping_status":"closed","template":"","meta":{"_acf_changed":false},"product_brand":[],"product_cat":[330],"product_tag":[],"class_list":{"0":"post-5200","1":"product","2":"type-product","3":"status-publish","4":"has-post-thumbnail","6":"product_cat-alimentos","7":"pa_package-4-x-75-gramos","8":"pa_package-4x85-gramos","10":"first","11":"instock","12":"purchasable","13":"product-type-variable"},"acf":[],"_links":{"self":[{"href":"https:\/\/www.dxnwellness.eu\/es\/wp-json\/wp\/v2\/product\/5200","targetHints":{"allow":["GET"]}}],"collection":[{"href":"https:\/\/www.dxnwellness.eu\/es\/wp-json\/wp\/v2\/product"}],"about":[{"href":"https:\/\/www.dxnwellness.eu\/es\/wp-json\/wp\/v2\/types\/product"}],"replies":[{"embeddable":true,"href":"https:\/\/www.dxnwellness.eu\/es\/wp-json\/wp\/v2\/comments?post=5200"}],"wp:featuredmedia":[{"embeddable":true,"href":"https:\/\/www.dxnwellness.eu\/es\/wp-json\/wp\/v2\/media\/5411"}],"wp:attachment":[{"href":"https:\/\/www.dxnwellness.eu\/es\/wp-json\/wp\/v2\/media?parent=5200"}],"wp:term":[{"taxonomy":"product_brand","embeddable":true,"href":"https:\/\/www.dxnwellness.eu\/es\/wp-json\/wp\/v2\/product_brand?post=5200"},{"taxonomy":"product_cat","embeddable":true,"href":"https:\/\/www.dxnwellness.eu\/es\/wp-json\/wp\/v2\/product_cat?post=5200"},{"taxonomy":"product_tag","embeddable":true,"href":"https:\/\/www.dxnwellness.eu\/es\/wp-json\/wp\/v2\/product_tag?post=5200"}],"curies":[{"name":"wp","href":"https:\/\/api.w.org\/{rel}","templated":true}]}}