{"id":5198,"date":"2025-05-19T06:45:58","date_gmt":"2025-05-19T06:45:58","guid":{"rendered":"https:\/\/www.dxnwellness.eu\/es\/product\/dxn-apple-fermented-jam\/"},"modified":"2025-05-23T00:32:09","modified_gmt":"2025-05-23T00:32:09","slug":"dxn-apple-fermented-jam","status":"publish","type":"product","link":"https:\/\/www.dxnwellness.eu\/es\/product\/dxn-apple-fermented-jam\/","title":{"rendered":"DXN Apple Fermented Jam"},"content":{"rendered":"<p>Delicia Agridulce: La Mermelada de Manzana Fermentada DXN ofrece un sabor agridulce \u00fanico que se convertir\u00e1 en una de tus favoritas en tu cocina. Hecha con manzanas fermentadas, esta mermelada es perfecta para untar en pasteles, panqueques o usar en reposter\u00eda. Tambi\u00e9n puedes mezclarla con agua para una refrescante bebida de manzana. Ya sea para untar o beber, aporta un sabor delicioso y favorece la digesti\u00f3n. Mermelada de Manzana Fermentada DXN: \u00a1Una deliciosa y vers\u00e1til adici\u00f3n a tu despensa, que favorece tanto tu paladar como tu digesti\u00f3n!<br \/>\nVers\u00e1til y deliciosa: Disfr\u00fatela como untable, horneada o como bebida para disfrutar de un delicioso sabor a manzana en cada uso. Favorece la digesti\u00f3n: Gracias a su base de manzana fermentada, esta pasta promueve el bienestar digestivo y satisface el paladar. Pr\u00e1ctica y sabrosa: Perfecta para un uso r\u00e1pido y diario en diversas comidas y refrigerios.<\/p>\n","protected":false},"excerpt":{"rendered":"<p>Delicia Agridulce: La Mermelada de Manzana Fermentada DXN ofrece un sabor agridulce \u00fanico que se convertir\u00e1 en una de tus favoritas en tu cocina. Hecha con manzanas fermentadas, esta mermelada es perfecta para untar en pasteles, panqueques o usar en reposter\u00eda. Tambi\u00e9n puedes mezclarla con agua para una refrescante bebida de manzana. Ya sea para [&hellip;]<\/p>\n","protected":false},"featured_media":5410,"comment_status":"open","ping_status":"closed","template":"","meta":{"_acf_changed":false},"product_brand":[],"product_cat":[330],"product_tag":[],"class_list":{"0":"post-5198","1":"product","2":"type-product","3":"status-publish","4":"has-post-thumbnail","6":"product_cat-alimentos","7":"pa_package-20-paquetes-x-15-g","9":"first","10":"instock","11":"purchasable","12":"product-type-simple"},"acf":[],"_links":{"self":[{"href":"https:\/\/www.dxnwellness.eu\/es\/wp-json\/wp\/v2\/product\/5198","targetHints":{"allow":["GET"]}}],"collection":[{"href":"https:\/\/www.dxnwellness.eu\/es\/wp-json\/wp\/v2\/product"}],"about":[{"href":"https:\/\/www.dxnwellness.eu\/es\/wp-json\/wp\/v2\/types\/product"}],"replies":[{"embeddable":true,"href":"https:\/\/www.dxnwellness.eu\/es\/wp-json\/wp\/v2\/comments?post=5198"}],"wp:featuredmedia":[{"embeddable":true,"href":"https:\/\/www.dxnwellness.eu\/es\/wp-json\/wp\/v2\/media\/5410"}],"wp:attachment":[{"href":"https:\/\/www.dxnwellness.eu\/es\/wp-json\/wp\/v2\/media?parent=5198"}],"wp:term":[{"taxonomy":"product_brand","embeddable":true,"href":"https:\/\/www.dxnwellness.eu\/es\/wp-json\/wp\/v2\/product_brand?post=5198"},{"taxonomy":"product_cat","embeddable":true,"href":"https:\/\/www.dxnwellness.eu\/es\/wp-json\/wp\/v2\/product_cat?post=5198"},{"taxonomy":"product_tag","embeddable":true,"href":"https:\/\/www.dxnwellness.eu\/es\/wp-json\/wp\/v2\/product_tag?post=5198"}],"curies":[{"name":"wp","href":"https:\/\/api.w.org\/{rel}","templated":true}]}}