{"id":5196,"date":"2025-05-19T06:45:58","date_gmt":"2025-05-19T06:45:58","guid":{"rendered":"https:\/\/www.dxnwellness.eu\/es\/product\/dxn-organic-virgin-coconut-oil-bio\/"},"modified":"2025-05-23T00:32:09","modified_gmt":"2025-05-23T00:32:09","slug":"dxn-organic-virgin-coconut-oil-bio","status":"publish","type":"product","link":"https:\/\/www.dxnwellness.eu\/es\/product\/dxn-organic-virgin-coconut-oil-bio\/","title":{"rendered":"DXN Organic Virgin Coconut Oil -BIO"},"content":{"rendered":"<p>BIO \u2013 Aceite de Coco Puro y Natural. El Aceite de Coco Virgen Org\u00e1nico DXN es un aceite de coco virgen premium 100% elaborado con cocos maduros, frescos y cosechados ecol\u00f3gicamente. Este aceite sin refinar, prensado en fr\u00edo, conserva todos sus ingredientes bioactivos naturales, lo que lo convierte en la opci\u00f3n ideal para diversos usos, tanto en la cocina como para el cuidado personal. Aceite de Coco Virgen Org\u00e1nico DXN \u2013 BIO \u2013 \u00a1Experimenta los beneficios puros, vers\u00e1tiles y naturales del aceite de coco en cada gota!<br \/>\n100 % natural y puro: Elaborado con los mejores cocos, este aceite no se refina y se prensa en fr\u00edo para conservar sus nutrientes y compuestos bioactivos. Uso vers\u00e1til: Perfecto para hornear, fre\u00edr y sazonar, o para uso externo en el cabello y la piel, con un efecto hidratante y nutritivo. Ecol\u00f3gico y respetuoso con el cuerpo: Completamente natural y bioamigable, le ofrece un producto seguro y sin qu\u00edmicos, tanto para cocinar como para el cuidado personal.<\/p>\n","protected":false},"excerpt":{"rendered":"<p>BIO \u2013 Aceite de Coco Puro y Natural. El Aceite de Coco Virgen Org\u00e1nico DXN es un aceite de coco virgen premium 100% elaborado con cocos maduros, frescos y cosechados ecol\u00f3gicamente. Este aceite sin refinar, prensado en fr\u00edo, conserva todos sus ingredientes bioactivos naturales, lo que lo convierte en la opci\u00f3n ideal para diversos usos, [&hellip;]<\/p>\n","protected":false},"featured_media":5409,"comment_status":"open","ping_status":"closed","template":"","meta":{"_acf_changed":false},"product_brand":[],"product_cat":[330],"product_tag":[],"class_list":{"0":"post-5196","1":"product","2":"type-product","3":"status-publish","4":"has-post-thumbnail","6":"product_cat-alimentos","7":"pa_package-500-ml","9":"first","10":"instock","11":"purchasable","12":"product-type-simple"},"acf":[],"_links":{"self":[{"href":"https:\/\/www.dxnwellness.eu\/es\/wp-json\/wp\/v2\/product\/5196","targetHints":{"allow":["GET"]}}],"collection":[{"href":"https:\/\/www.dxnwellness.eu\/es\/wp-json\/wp\/v2\/product"}],"about":[{"href":"https:\/\/www.dxnwellness.eu\/es\/wp-json\/wp\/v2\/types\/product"}],"replies":[{"embeddable":true,"href":"https:\/\/www.dxnwellness.eu\/es\/wp-json\/wp\/v2\/comments?post=5196"}],"wp:featuredmedia":[{"embeddable":true,"href":"https:\/\/www.dxnwellness.eu\/es\/wp-json\/wp\/v2\/media\/5409"}],"wp:attachment":[{"href":"https:\/\/www.dxnwellness.eu\/es\/wp-json\/wp\/v2\/media?parent=5196"}],"wp:term":[{"taxonomy":"product_brand","embeddable":true,"href":"https:\/\/www.dxnwellness.eu\/es\/wp-json\/wp\/v2\/product_brand?post=5196"},{"taxonomy":"product_cat","embeddable":true,"href":"https:\/\/www.dxnwellness.eu\/es\/wp-json\/wp\/v2\/product_cat?post=5196"},{"taxonomy":"product_tag","embeddable":true,"href":"https:\/\/www.dxnwellness.eu\/es\/wp-json\/wp\/v2\/product_tag?post=5196"}],"curies":[{"name":"wp","href":"https:\/\/api.w.org\/{rel}","templated":true}]}}