{"id":5194,"date":"2025-05-19T06:45:58","date_gmt":"2025-05-19T06:45:58","guid":{"rendered":"https:\/\/www.dxnwellness.eu\/es\/product\/dxn-spirulina-cereal\/"},"modified":"2025-05-23T00:32:09","modified_gmt":"2025-05-23T00:32:09","slug":"dxn-spirulina-cereal","status":"publish","type":"product","link":"https:\/\/www.dxnwellness.eu\/es\/product\/dxn-spirulina-cereal\/","title":{"rendered":"DXN Spirulina Cereal"},"content":{"rendered":"<p>El Cereal de Espirulina DXN es una mezcla de granos integrales dise\u00f1ada para un desayuno nutritivo, con microalgas de espirulina. Este cereal ofrece un agradable sabor a algas y est\u00e1 repleto de fibra y minerales esenciales para empezar el d\u00eda de la mejor manera. Elaborado con espirulina natural, puede haber ligeras variaciones de color entre lotes, lo que refleja sus ingredientes puros y naturales.<br \/>\nRico en nutrientes: Disfruta de un desayuno repleto de nutrientes esenciales, como fibra y minerales, gracias a la espirulina, conocida como un superalimento. Ingredientes naturales: Elaborado con microalgas de espirulina pura, que te proporciona un impulso natural y saludable. F\u00e1cil de preparar: Una comida r\u00e1pida y nutritiva para tus ma\u00f1anas ajetreadas. Modo de preparaci\u00f3n: Vierte el contenido del envase en una taza, m\u00e9zclalo con 200 ml de agua tibia y remueve bien.<\/p>\n","protected":false},"excerpt":{"rendered":"<p>El Cereal de Espirulina DXN es una mezcla de granos integrales dise\u00f1ada para un desayuno nutritivo, con microalgas de espirulina. Este cereal ofrece un agradable sabor a algas y est\u00e1 repleto de fibra y minerales esenciales para empezar el d\u00eda de la mejor manera. Elaborado con espirulina natural, puede haber ligeras variaciones de color entre [&hellip;]<\/p>\n","protected":false},"featured_media":5408,"comment_status":"open","ping_status":"closed","template":"","meta":{"_acf_changed":false},"product_brand":[],"product_cat":[330],"product_tag":[],"class_list":{"0":"post-5194","1":"product","2":"type-product","3":"status-publish","4":"has-post-thumbnail","6":"product_cat-alimentos","7":"pa_package-30-paquetes-x-30-g","9":"first","10":"instock","11":"purchasable","12":"product-type-simple"},"acf":[],"_links":{"self":[{"href":"https:\/\/www.dxnwellness.eu\/es\/wp-json\/wp\/v2\/product\/5194","targetHints":{"allow":["GET"]}}],"collection":[{"href":"https:\/\/www.dxnwellness.eu\/es\/wp-json\/wp\/v2\/product"}],"about":[{"href":"https:\/\/www.dxnwellness.eu\/es\/wp-json\/wp\/v2\/types\/product"}],"replies":[{"embeddable":true,"href":"https:\/\/www.dxnwellness.eu\/es\/wp-json\/wp\/v2\/comments?post=5194"}],"wp:featuredmedia":[{"embeddable":true,"href":"https:\/\/www.dxnwellness.eu\/es\/wp-json\/wp\/v2\/media\/5408"}],"wp:attachment":[{"href":"https:\/\/www.dxnwellness.eu\/es\/wp-json\/wp\/v2\/media?parent=5194"}],"wp:term":[{"taxonomy":"product_brand","embeddable":true,"href":"https:\/\/www.dxnwellness.eu\/es\/wp-json\/wp\/v2\/product_brand?post=5194"},{"taxonomy":"product_cat","embeddable":true,"href":"https:\/\/www.dxnwellness.eu\/es\/wp-json\/wp\/v2\/product_cat?post=5194"},{"taxonomy":"product_tag","embeddable":true,"href":"https:\/\/www.dxnwellness.eu\/es\/wp-json\/wp\/v2\/product_tag?post=5194"}],"curies":[{"name":"wp","href":"https:\/\/api.w.org\/{rel}","templated":true}]}}