{"id":5188,"date":"2025-05-19T06:45:58","date_gmt":"2025-05-19T06:45:58","guid":{"rendered":"https:\/\/www.dxnwellness.eu\/es\/product\/dxn-lions-mane-lemon-tea\/"},"modified":"2025-05-23T00:32:09","modified_gmt":"2025-05-23T00:32:09","slug":"dxn-lions-mane-lemon-tea","status":"publish","type":"product","link":"https:\/\/www.dxnwellness.eu\/es\/product\/dxn-lions-mane-lemon-tea\/","title":{"rendered":"DXN Lion&#8217;s Mane Lemon Tea"},"content":{"rendered":"<p>Una refrescante mezcla de t\u00e9 y melena de le\u00f3n. El t\u00e9 de lim\u00f3n y melena de le\u00f3n de DXN combina los intensos sabores del t\u00e9 negro y el t\u00e9 oolong con la refrescante ralladura de lim\u00f3n y los beneficios naturales del hongo melena de le\u00f3n (Hericium erinaceus). Esta deliciosa mezcla favorece tu bienestar general y refresca tus sentidos. Ya sea caliente para entrar en calor o fr\u00edo para refrescarte, el t\u00e9 de lim\u00f3n y melena de le\u00f3n de DXN es la bebida perfecta para cualquier \u00e9poca del a\u00f1o. \u00a1Disfruta de una refrescante mezcla de t\u00e9 con una gota de lim\u00f3n y una generosa dosis de bienestar en cada taza de t\u00e9 de lim\u00f3n y melena de le\u00f3n de DXN!<br \/>\nRefrescante y vers\u00e1til: Disfrute de este t\u00e9 caliente o fr\u00edo, con una combinaci\u00f3n \u00fanica de t\u00e9 y lim\u00f3n que revitalizar\u00e1 su paladar. Favorece el bienestar: Infusionado con hongo melena de le\u00f3n, este t\u00e9 proporciona beneficios naturales que favorecen su bienestar general. Ideal para cualquier clima: Ya sea un d\u00eda caluroso o una tarde fresca, este t\u00e9 es perfecto para cualquier ocasi\u00f3n.<\/p>\n","protected":false},"excerpt":{"rendered":"<p>Una refrescante mezcla de t\u00e9 y melena de le\u00f3n. El t\u00e9 de lim\u00f3n y melena de le\u00f3n de DXN combina los intensos sabores del t\u00e9 negro y el t\u00e9 oolong con la refrescante ralladura de lim\u00f3n y los beneficios naturales del hongo melena de le\u00f3n (Hericium erinaceus). Esta deliciosa mezcla favorece tu bienestar general y [&hellip;]<\/p>\n","protected":false},"featured_media":5405,"comment_status":"open","ping_status":"closed","template":"","meta":{"_acf_changed":false},"product_brand":[],"product_cat":[324],"product_tag":[],"class_list":{"0":"post-5188","1":"product","2":"type-product","3":"status-publish","4":"has-post-thumbnail","6":"product_cat-te","7":"pa_package-20-sobres-x-22-g","9":"first","10":"instock","11":"purchasable","12":"product-type-simple"},"acf":[],"_links":{"self":[{"href":"https:\/\/www.dxnwellness.eu\/es\/wp-json\/wp\/v2\/product\/5188","targetHints":{"allow":["GET"]}}],"collection":[{"href":"https:\/\/www.dxnwellness.eu\/es\/wp-json\/wp\/v2\/product"}],"about":[{"href":"https:\/\/www.dxnwellness.eu\/es\/wp-json\/wp\/v2\/types\/product"}],"replies":[{"embeddable":true,"href":"https:\/\/www.dxnwellness.eu\/es\/wp-json\/wp\/v2\/comments?post=5188"}],"wp:featuredmedia":[{"embeddable":true,"href":"https:\/\/www.dxnwellness.eu\/es\/wp-json\/wp\/v2\/media\/5405"}],"wp:attachment":[{"href":"https:\/\/www.dxnwellness.eu\/es\/wp-json\/wp\/v2\/media?parent=5188"}],"wp:term":[{"taxonomy":"product_brand","embeddable":true,"href":"https:\/\/www.dxnwellness.eu\/es\/wp-json\/wp\/v2\/product_brand?post=5188"},{"taxonomy":"product_cat","embeddable":true,"href":"https:\/\/www.dxnwellness.eu\/es\/wp-json\/wp\/v2\/product_cat?post=5188"},{"taxonomy":"product_tag","embeddable":true,"href":"https:\/\/www.dxnwellness.eu\/es\/wp-json\/wp\/v2\/product_tag?post=5188"}],"curies":[{"name":"wp","href":"https:\/\/api.w.org\/{rel}","templated":true}]}}