{"id":5186,"date":"2025-05-19T06:45:58","date_gmt":"2025-05-19T06:45:58","guid":{"rendered":"https:\/\/www.dxnwellness.eu\/es\/product\/dxn-lemonzhi\/"},"modified":"2025-05-23T00:32:09","modified_gmt":"2025-05-23T00:32:09","slug":"dxn-lemonzhi","status":"publish","type":"product","link":"https:\/\/www.dxnwellness.eu\/es\/product\/dxn-lemonzhi\/","title":{"rendered":"DXN Lemonzhi"},"content":{"rendered":"<p>Una refrescante mezcla de t\u00e9 negro, lim\u00f3n y Ganoderma. DXN Lemonzhi es una deliciosa bebida que combina el suave sabor del t\u00e9 negro, la refrescante ralladura del lim\u00f3n en polvo y los beneficios naturales del Ganoderma lucidum (hongo Reishi) en polvo. Esta vers\u00e1til bebida se puede disfrutar caliente para entrar en calor o fr\u00eda como una refrescante bebida de verano, perfecta para cualquier \u00e9poca del a\u00f1o. \u00a1Una bebida que les encantar\u00e1 a ti y a tus hijos! \u00a1Brindemos por los beneficios del Ganoderma y el refrescante sabor del lim\u00f3n con cada taza de DXN Lemonzhi!<br \/>\nRefrescante y vers\u00e1til: Disfruta de esta bebida caliente o fr\u00eda, con un toque c\u00edtrico refrescante en cada sorbo. Una mezcla saludable: Infusionada con Ganoderma lucidum, esta bebida ofrece los beneficios de este hongo natural con un delicioso sabor a lim\u00f3n. Perfecta para todas las edades: Una bebida para toda la familia, ideal para cualquier ocasi\u00f3n, ya sea para relajarse o para refrescarse en un d\u00eda caluroso.<\/p>\n","protected":false},"excerpt":{"rendered":"<p>Una refrescante mezcla de t\u00e9 negro, lim\u00f3n y Ganoderma. DXN Lemonzhi es una deliciosa bebida que combina el suave sabor del t\u00e9 negro, la refrescante ralladura del lim\u00f3n en polvo y los beneficios naturales del Ganoderma lucidum (hongo Reishi) en polvo. Esta vers\u00e1til bebida se puede disfrutar caliente para entrar en calor o fr\u00eda como [&hellip;]<\/p>\n","protected":false},"featured_media":5404,"comment_status":"open","ping_status":"closed","template":"","meta":{"_acf_changed":false},"product_brand":[],"product_cat":[324],"product_tag":[],"class_list":{"0":"post-5186","1":"product","2":"type-product","3":"status-publish","4":"has-post-thumbnail","6":"product_cat-te","7":"pa_package-20-sobres-x-22-g","9":"first","10":"instock","11":"purchasable","12":"product-type-simple"},"acf":[],"_links":{"self":[{"href":"https:\/\/www.dxnwellness.eu\/es\/wp-json\/wp\/v2\/product\/5186","targetHints":{"allow":["GET"]}}],"collection":[{"href":"https:\/\/www.dxnwellness.eu\/es\/wp-json\/wp\/v2\/product"}],"about":[{"href":"https:\/\/www.dxnwellness.eu\/es\/wp-json\/wp\/v2\/types\/product"}],"replies":[{"embeddable":true,"href":"https:\/\/www.dxnwellness.eu\/es\/wp-json\/wp\/v2\/comments?post=5186"}],"wp:featuredmedia":[{"embeddable":true,"href":"https:\/\/www.dxnwellness.eu\/es\/wp-json\/wp\/v2\/media\/5404"}],"wp:attachment":[{"href":"https:\/\/www.dxnwellness.eu\/es\/wp-json\/wp\/v2\/media?parent=5186"}],"wp:term":[{"taxonomy":"product_brand","embeddable":true,"href":"https:\/\/www.dxnwellness.eu\/es\/wp-json\/wp\/v2\/product_brand?post=5186"},{"taxonomy":"product_cat","embeddable":true,"href":"https:\/\/www.dxnwellness.eu\/es\/wp-json\/wp\/v2\/product_cat?post=5186"},{"taxonomy":"product_tag","embeddable":true,"href":"https:\/\/www.dxnwellness.eu\/es\/wp-json\/wp\/v2\/product_tag?post=5186"}],"curies":[{"name":"wp","href":"https:\/\/api.w.org\/{rel}","templated":true}]}}