{"id":5180,"date":"2025-05-19T06:45:58","date_gmt":"2025-05-19T06:45:58","guid":{"rendered":"https:\/\/www.dxnwellness.eu\/es\/product\/dxn-zhitea\/"},"modified":"2025-05-23T00:32:09","modified_gmt":"2025-05-23T00:32:09","slug":"dxn-zhitea","status":"publish","type":"product","link":"https:\/\/www.dxnwellness.eu\/es\/product\/dxn-zhitea\/","title":{"rendered":"DXN Zhitea"},"content":{"rendered":"<p>Un T\u00e9 Negro Fermentado Intenso y Sabroso. DXN Zhitea ofrece una atractiva y audaz taza de t\u00e9 negro fermentado de hojas sueltas, perfecto para quienes disfrutan de un t\u00e9 intenso, arom\u00e1tico y con personalidad. Con su cautivador aroma y sabor intenso, este t\u00e9 es una excelente opci\u00f3n para momentos de relajaci\u00f3n o para compartir con amigos y familiares. Ya sea que lo disfrute solo o con un toque dulce, DXN Zhitea le brindar\u00e1 una experiencia inolvidable. Para los amantes del t\u00e9 que aprecian un sabor distintivo e intenso, DXN Zhitea los cautivar\u00e1 con cada taza. Perfecto para relajarse, compartir y disfrutar de una aut\u00e9ntica experiencia de t\u00e9.<br \/>\nSabor intenso e intenso: Un t\u00e9 negro fermentado de hojas sueltas con un sabor intenso y distintivo, perfecto para los verdaderos amantes del t\u00e9. Arom\u00e1tico y atractivo: Su aroma cautivador y su sabor intenso lo hacen ideal para relajarse despu\u00e9s de un largo d\u00eda o disfrutarlo en reuniones sociales. Ideal para los amantes del t\u00e9: Un complemento perfecto para momentos de relajaci\u00f3n o para compartir con los seres queridos, este t\u00e9 une a las personas.<\/p>\n","protected":false},"excerpt":{"rendered":"<p>Un T\u00e9 Negro Fermentado Intenso y Sabroso. DXN Zhitea ofrece una atractiva y audaz taza de t\u00e9 negro fermentado de hojas sueltas, perfecto para quienes disfrutan de un t\u00e9 intenso, arom\u00e1tico y con personalidad. Con su cautivador aroma y sabor intenso, este t\u00e9 es una excelente opci\u00f3n para momentos de relajaci\u00f3n o para compartir con [&hellip;]<\/p>\n","protected":false},"featured_media":5401,"comment_status":"open","ping_status":"closed","template":"","meta":{"_acf_changed":false},"product_brand":[],"product_cat":[324],"product_tag":[],"class_list":{"0":"post-5180","1":"product","2":"type-product","3":"status-publish","4":"has-post-thumbnail","6":"product_cat-te","7":"pa_package-100-gramos","9":"first","10":"instock","11":"purchasable","12":"product-type-simple"},"acf":[],"_links":{"self":[{"href":"https:\/\/www.dxnwellness.eu\/es\/wp-json\/wp\/v2\/product\/5180","targetHints":{"allow":["GET"]}}],"collection":[{"href":"https:\/\/www.dxnwellness.eu\/es\/wp-json\/wp\/v2\/product"}],"about":[{"href":"https:\/\/www.dxnwellness.eu\/es\/wp-json\/wp\/v2\/types\/product"}],"replies":[{"embeddable":true,"href":"https:\/\/www.dxnwellness.eu\/es\/wp-json\/wp\/v2\/comments?post=5180"}],"wp:featuredmedia":[{"embeddable":true,"href":"https:\/\/www.dxnwellness.eu\/es\/wp-json\/wp\/v2\/media\/5401"}],"wp:attachment":[{"href":"https:\/\/www.dxnwellness.eu\/es\/wp-json\/wp\/v2\/media?parent=5180"}],"wp:term":[{"taxonomy":"product_brand","embeddable":true,"href":"https:\/\/www.dxnwellness.eu\/es\/wp-json\/wp\/v2\/product_brand?post=5180"},{"taxonomy":"product_cat","embeddable":true,"href":"https:\/\/www.dxnwellness.eu\/es\/wp-json\/wp\/v2\/product_cat?post=5180"},{"taxonomy":"product_tag","embeddable":true,"href":"https:\/\/www.dxnwellness.eu\/es\/wp-json\/wp\/v2\/product_tag?post=5180"}],"curies":[{"name":"wp","href":"https:\/\/api.w.org\/{rel}","templated":true}]}}