{"id":5176,"date":"2025-05-19T06:45:58","date_gmt":"2025-05-19T06:45:58","guid":{"rendered":"https:\/\/www.dxnwellness.eu\/es\/product\/dxn-brook-coffee\/"},"modified":"2025-05-23T00:32:09","modified_gmt":"2025-05-23T00:32:09","slug":"dxn-brook-coffee","status":"publish","type":"product","link":"https:\/\/www.dxnwellness.eu\/es\/product\/dxn-brook-coffee\/","title":{"rendered":"DXN Brook Coffee"},"content":{"rendered":"<p>Un caf\u00e9 reci\u00e9n llegado de Etiop\u00eda te encantar\u00e1 con su aroma. DXN Brook Coffee es una combinaci\u00f3n de caf\u00e9 tostado molido y polvo de Ganoderma. Este caf\u00e9 es apto para preparar caf\u00e9 filtrado, para cafeteras espresso, para jesva, para cafeteras de palanca, para cafeteras moka y tambi\u00e9n para caf\u00e9 en cafetera. Gracias a su sabor y aroma distintivo, este caf\u00e9 es ideal para quienes buscan una experiencia \u00fanica y nutritiva. \u00a1Ideal para energizarte por la ma\u00f1ana o como bebida relajante durante el d\u00eda!<br \/>\nCaf\u00e9 molido rico y arom\u00e1tico: La base es preparar el caf\u00e9 en la m\u00e1quina a tu gusto; puedes a\u00f1adirle canela, leche y az\u00facar, seg\u00fan tus gustos. C\u00f3modo y r\u00e1pido: Ma\u00f1ana, tarde o noche: caf\u00e9 siempre fresco.<\/p>\n","protected":false},"excerpt":{"rendered":"<p>Un caf\u00e9 reci\u00e9n llegado de Etiop\u00eda te encantar\u00e1 con su aroma. DXN Brook Coffee es una combinaci\u00f3n de caf\u00e9 tostado molido y polvo de Ganoderma. Este caf\u00e9 es apto para preparar caf\u00e9 filtrado, para cafeteras espresso, para jesva, para cafeteras de palanca, para cafeteras moka y tambi\u00e9n para caf\u00e9 en cafetera. Gracias a su sabor [&hellip;]<\/p>\n","protected":false},"featured_media":5399,"comment_status":"open","ping_status":"closed","template":"","meta":{"_acf_changed":false},"product_brand":[],"product_cat":[316],"product_tag":[],"class_list":{"0":"post-5176","1":"product","2":"type-product","3":"status-publish","4":"has-post-thumbnail","6":"product_cat-cafe","7":"pa_package-500-gramos","9":"first","10":"instock","11":"purchasable","12":"product-type-simple"},"acf":[],"_links":{"self":[{"href":"https:\/\/www.dxnwellness.eu\/es\/wp-json\/wp\/v2\/product\/5176","targetHints":{"allow":["GET"]}}],"collection":[{"href":"https:\/\/www.dxnwellness.eu\/es\/wp-json\/wp\/v2\/product"}],"about":[{"href":"https:\/\/www.dxnwellness.eu\/es\/wp-json\/wp\/v2\/types\/product"}],"replies":[{"embeddable":true,"href":"https:\/\/www.dxnwellness.eu\/es\/wp-json\/wp\/v2\/comments?post=5176"}],"wp:featuredmedia":[{"embeddable":true,"href":"https:\/\/www.dxnwellness.eu\/es\/wp-json\/wp\/v2\/media\/5399"}],"wp:attachment":[{"href":"https:\/\/www.dxnwellness.eu\/es\/wp-json\/wp\/v2\/media?parent=5176"}],"wp:term":[{"taxonomy":"product_brand","embeddable":true,"href":"https:\/\/www.dxnwellness.eu\/es\/wp-json\/wp\/v2\/product_brand?post=5176"},{"taxonomy":"product_cat","embeddable":true,"href":"https:\/\/www.dxnwellness.eu\/es\/wp-json\/wp\/v2\/product_cat?post=5176"},{"taxonomy":"product_tag","embeddable":true,"href":"https:\/\/www.dxnwellness.eu\/es\/wp-json\/wp\/v2\/product_tag?post=5176"}],"curies":[{"name":"wp","href":"https:\/\/api.w.org\/{rel}","templated":true}]}}