{"id":5174,"date":"2025-05-19T06:45:58","date_gmt":"2025-05-19T06:45:58","guid":{"rendered":"https:\/\/www.dxnwellness.eu\/es\/product\/dxn-lions-mane-coffee\/"},"modified":"2025-05-23T00:32:09","modified_gmt":"2025-05-23T00:32:09","slug":"dxn-lions-mane-coffee","status":"publish","type":"product","link":"https:\/\/www.dxnwellness.eu\/es\/product\/dxn-lions-mane-coffee\/","title":{"rendered":"DXN Lion&#8217;s Mane Coffee"},"content":{"rendered":"<p>El Caf\u00e9 Melena de Le\u00f3n de DXN ofrece una deliciosa combinaci\u00f3n de caf\u00e9 intenso, una suave crema vegetal y los beneficios naturales del polvo de hongo Melena de Le\u00f3n (Hericium erinaceus). Con su aroma cautivador y sabor distintivo, este caf\u00e9 es perfecto para quienes buscan una experiencia \u00fanica y nutritiva. Ya sea que busques un estimulante por la ma\u00f1ana o una bebida relajante para disfrutar durante el d\u00eda, el Caf\u00e9 Melena de Le\u00f3n te brinda una taza de pura satisfacci\u00f3n.<br \/>\nSabor intenso y arom\u00e1tico: Una mezcla cuidadosamente equilibrada de caf\u00e9 en polvo, az\u00facar de ca\u00f1a y sustituto de crema, que ofrece una taza suave y sabrosa. Enriquecido con Melena de Le\u00f3n: Infusionado con polvo de hongo Melena de Le\u00f3n, conocido por sus potenciales beneficios cognitivos, este caf\u00e9 es agradable y nutritivo. Perfecto para cualquier momento: Ideal como energizante matutino o como bebida relajante durante el d\u00eda, este caf\u00e9 te mantendr\u00e1 fresco y concentrado.<\/p>\n","protected":false},"excerpt":{"rendered":"<p>El Caf\u00e9 Melena de Le\u00f3n de DXN ofrece una deliciosa combinaci\u00f3n de caf\u00e9 intenso, una suave crema vegetal y los beneficios naturales del polvo de hongo Melena de Le\u00f3n (Hericium erinaceus). Con su aroma cautivador y sabor distintivo, este caf\u00e9 es perfecto para quienes buscan una experiencia \u00fanica y nutritiva. Ya sea que busques un [&hellip;]<\/p>\n","protected":false},"featured_media":5398,"comment_status":"open","ping_status":"closed","template":"","meta":{"_acf_changed":false},"product_brand":[],"product_cat":[316],"product_tag":[],"class_list":{"0":"post-5174","1":"product","2":"type-product","3":"status-publish","4":"has-post-thumbnail","6":"product_cat-cafe","7":"pa_package-20-sobres-x-21-g","9":"first","10":"instock","11":"purchasable","12":"product-type-simple"},"acf":[],"_links":{"self":[{"href":"https:\/\/www.dxnwellness.eu\/es\/wp-json\/wp\/v2\/product\/5174","targetHints":{"allow":["GET"]}}],"collection":[{"href":"https:\/\/www.dxnwellness.eu\/es\/wp-json\/wp\/v2\/product"}],"about":[{"href":"https:\/\/www.dxnwellness.eu\/es\/wp-json\/wp\/v2\/types\/product"}],"replies":[{"embeddable":true,"href":"https:\/\/www.dxnwellness.eu\/es\/wp-json\/wp\/v2\/comments?post=5174"}],"wp:featuredmedia":[{"embeddable":true,"href":"https:\/\/www.dxnwellness.eu\/es\/wp-json\/wp\/v2\/media\/5398"}],"wp:attachment":[{"href":"https:\/\/www.dxnwellness.eu\/es\/wp-json\/wp\/v2\/media?parent=5174"}],"wp:term":[{"taxonomy":"product_brand","embeddable":true,"href":"https:\/\/www.dxnwellness.eu\/es\/wp-json\/wp\/v2\/product_brand?post=5174"},{"taxonomy":"product_cat","embeddable":true,"href":"https:\/\/www.dxnwellness.eu\/es\/wp-json\/wp\/v2\/product_cat?post=5174"},{"taxonomy":"product_tag","embeddable":true,"href":"https:\/\/www.dxnwellness.eu\/es\/wp-json\/wp\/v2\/product_tag?post=5174"}],"curies":[{"name":"wp","href":"https:\/\/api.w.org\/{rel}","templated":true}]}}