{"id":5168,"date":"2025-05-19T06:45:53","date_gmt":"2025-05-19T06:45:53","guid":{"rendered":"https:\/\/www.dxnwellness.eu\/es\/product\/dxn-maca-vita-cafe\/"},"modified":"2025-05-23T00:32:09","modified_gmt":"2025-05-23T00:32:09","slug":"dxn-maca-vita-cafe","status":"publish","type":"product","link":"https:\/\/www.dxnwellness.eu\/es\/product\/dxn-maca-vita-cafe\/","title":{"rendered":"DXN Maca Vita Cafe"},"content":{"rendered":"<p>DXN Maca Vita Caf\u00e9 es una deliciosa y energizante mezcla de caf\u00e9 que combina el rico sabor del caf\u00e9 con los beneficios naturales de la maca y el ginseng. Enriquecido con polvo de Ganoderma lucidum, crema vegetal y az\u00facar de ca\u00f1a, este caf\u00e9 ofrece una experiencia suave y arom\u00e1tica, a la vez que proporciona la vitalidad y el bienestar de las hierbas tradicionales. Empieza el d\u00eda con una deliciosa infusi\u00f3n de caf\u00e9 natural que combina sabor y bienestar en cada taza con DXN Maca Vita Caf\u00e9: \u00a1el equilibrio perfecto entre un sabor exquisito y poderosos ingredientes naturales!<br \/>\nRico y sabroso: Una mezcla premium de caf\u00e9 en polvo, az\u00facar de ca\u00f1a y crema vegetal para una taza satisfactoria y con cuerpo. Enriquecido con maca y ginseng: Enriquecido con maca en polvo (Lepidium meyenii) y ginseng en polvo (Panax ginseng) para una sensaci\u00f3n energizante y natural. Infusi\u00f3n de ganoderma: Cada taza est\u00e1 enriquecida con ganoderma lucidum en polvo, lo que le da un toque \u00fanico y saludable a tu rutina de caf\u00e9.<\/p>\n","protected":false},"excerpt":{"rendered":"<p>DXN Maca Vita Caf\u00e9 es una deliciosa y energizante mezcla de caf\u00e9 que combina el rico sabor del caf\u00e9 con los beneficios naturales de la maca y el ginseng. Enriquecido con polvo de Ganoderma lucidum, crema vegetal y az\u00facar de ca\u00f1a, este caf\u00e9 ofrece una experiencia suave y arom\u00e1tica, a la vez que proporciona la [&hellip;]<\/p>\n","protected":false},"featured_media":5395,"comment_status":"open","ping_status":"closed","template":"","meta":{"_acf_changed":false},"product_brand":[],"product_cat":[316],"product_tag":[],"class_list":{"0":"post-5168","1":"product","2":"type-product","3":"status-publish","4":"has-post-thumbnail","6":"product_cat-cafe","7":"pa_package-20-sobres-x-21-g","9":"first","10":"instock","11":"purchasable","12":"product-type-simple"},"acf":[],"_links":{"self":[{"href":"https:\/\/www.dxnwellness.eu\/es\/wp-json\/wp\/v2\/product\/5168","targetHints":{"allow":["GET"]}}],"collection":[{"href":"https:\/\/www.dxnwellness.eu\/es\/wp-json\/wp\/v2\/product"}],"about":[{"href":"https:\/\/www.dxnwellness.eu\/es\/wp-json\/wp\/v2\/types\/product"}],"replies":[{"embeddable":true,"href":"https:\/\/www.dxnwellness.eu\/es\/wp-json\/wp\/v2\/comments?post=5168"}],"wp:featuredmedia":[{"embeddable":true,"href":"https:\/\/www.dxnwellness.eu\/es\/wp-json\/wp\/v2\/media\/5395"}],"wp:attachment":[{"href":"https:\/\/www.dxnwellness.eu\/es\/wp-json\/wp\/v2\/media?parent=5168"}],"wp:term":[{"taxonomy":"product_brand","embeddable":true,"href":"https:\/\/www.dxnwellness.eu\/es\/wp-json\/wp\/v2\/product_brand?post=5168"},{"taxonomy":"product_cat","embeddable":true,"href":"https:\/\/www.dxnwellness.eu\/es\/wp-json\/wp\/v2\/product_cat?post=5168"},{"taxonomy":"product_tag","embeddable":true,"href":"https:\/\/www.dxnwellness.eu\/es\/wp-json\/wp\/v2\/product_tag?post=5168"}],"curies":[{"name":"wp","href":"https:\/\/api.w.org\/{rel}","templated":true}]}}