{"id":5164,"date":"2025-05-19T06:45:53","date_gmt":"2025-05-19T06:45:53","guid":{"rendered":"https:\/\/www.dxnwellness.eu\/es\/product\/dxn-white-coffee-zhino\/"},"modified":"2025-05-23T00:32:09","modified_gmt":"2025-05-23T00:32:09","slug":"dxn-white-coffee-zhino","status":"publish","type":"product","link":"https:\/\/www.dxnwellness.eu\/es\/product\/dxn-white-coffee-zhino\/","title":{"rendered":"DXN White Coffee Zhino"},"content":{"rendered":"<p>DXN White Coffee Zhino es el capricho perfecto para los amantes del capuchino. Esta cremosa mezcla de caf\u00e9 combina caf\u00e9 en polvo premium, polvo de Ganoderma lucidum, crema vegetal y az\u00facar de ca\u00f1a para crear una bebida suave y deliciosa. Su rico sabor y aroma se complementan con una delicada y cremosa espuma, ofreciendo una experiencia similar a la del capuchino que puedes disfrutar en cualquier momento. Consi\u00e9ntete con un delicioso capuchino con infusi\u00f3n de Ganoderma con DXN White Coffee Zhino: \u00a1el caf\u00e9 cremoso perfecto para empezar el d\u00eda o disfrutarlo como un refrescante descanso!<br \/>\nCremoso y placentero: Un caf\u00e9 suave y aterciopelado con una espuma rica y cremosa que realza la experiencia. Infusionado con Ganoderma: Cada taza est\u00e1 enriquecida con Ganoderma lucidum, lo que le aporta un toque \u00fanico y nutritivo. Perfecto para los amantes del capuchino: Disfruta del delicioso sabor de un capuchino con la comodidad de una mezcla de caf\u00e9 instant\u00e1neo.<\/p>\n","protected":false},"excerpt":{"rendered":"<p>DXN White Coffee Zhino es el capricho perfecto para los amantes del capuchino. Esta cremosa mezcla de caf\u00e9 combina caf\u00e9 en polvo premium, polvo de Ganoderma lucidum, crema vegetal y az\u00facar de ca\u00f1a para crear una bebida suave y deliciosa. Su rico sabor y aroma se complementan con una delicada y cremosa espuma, ofreciendo una [&hellip;]<\/p>\n","protected":false},"featured_media":5393,"comment_status":"open","ping_status":"closed","template":"","meta":{"_acf_changed":false},"product_brand":[],"product_cat":[316],"product_tag":[],"class_list":{"0":"post-5164","1":"product","2":"type-product","3":"status-publish","4":"has-post-thumbnail","6":"product_cat-cafe","7":"pa_package-12-sobres-x-28-g","9":"first","10":"instock","11":"purchasable","12":"product-type-simple"},"acf":[],"_links":{"self":[{"href":"https:\/\/www.dxnwellness.eu\/es\/wp-json\/wp\/v2\/product\/5164","targetHints":{"allow":["GET"]}}],"collection":[{"href":"https:\/\/www.dxnwellness.eu\/es\/wp-json\/wp\/v2\/product"}],"about":[{"href":"https:\/\/www.dxnwellness.eu\/es\/wp-json\/wp\/v2\/types\/product"}],"replies":[{"embeddable":true,"href":"https:\/\/www.dxnwellness.eu\/es\/wp-json\/wp\/v2\/comments?post=5164"}],"wp:featuredmedia":[{"embeddable":true,"href":"https:\/\/www.dxnwellness.eu\/es\/wp-json\/wp\/v2\/media\/5393"}],"wp:attachment":[{"href":"https:\/\/www.dxnwellness.eu\/es\/wp-json\/wp\/v2\/media?parent=5164"}],"wp:term":[{"taxonomy":"product_brand","embeddable":true,"href":"https:\/\/www.dxnwellness.eu\/es\/wp-json\/wp\/v2\/product_brand?post=5164"},{"taxonomy":"product_cat","embeddable":true,"href":"https:\/\/www.dxnwellness.eu\/es\/wp-json\/wp\/v2\/product_cat?post=5164"},{"taxonomy":"product_tag","embeddable":true,"href":"https:\/\/www.dxnwellness.eu\/es\/wp-json\/wp\/v2\/product_tag?post=5164"}],"curies":[{"name":"wp","href":"https:\/\/api.w.org\/{rel}","templated":true}]}}